{"id":99,"date":"2013-06-07T11:38:12","date_gmt":"2013-06-07T09:38:12","guid":{"rendered":"http:\/\/demo2.woothemes.com\/woocommerce\/?post_type=product&#038;p=99"},"modified":"2023-12-22T17:46:05","modified_gmt":"2023-12-22T16:46:05","slug":"canela-palillos-madre-sierra-products","status":"publish","type":"product","link":"https:\/\/madresierraproducts.com\/fr\/produit\/canela-palillos-madre-sierra-products\/","title":{"rendered":"B\u00e2tons de Cannelle"},"content":{"rendered":"<p class=\"p1\">Notre cannelle, Calena cinnamon, originaire d'Asie est cultiv\u00e9e dans les r\u00e9gions de V\u00e9racruz et Puebla au Mexique, par des producteurs de jardins forestiers comestibles. L'\u00e9corce interne du tronc ainsi que des branches principales est collect\u00e9e et s\u00e9ch\u00e9e, pour offrir un ar\u00f4me connu et appr\u00e9ci\u00e9 de tous.<\/p>\n<p>&nbsp;<\/p>\n<p><strong>Ingr\u00e9dients<\/strong>\u00a0 <span style=\"font-size: 10pt;\">B\u00e2ton de cannelle, \u00e9corce<\/span><\/p>\n<p>&nbsp;<\/p>\n<table style=\"border-collapse: collapse; width: 63.6166%; height: 128px;\">\n<tbody>\n<tr style=\"height: 24px;\">\n<td style=\"width: 49.8288%; height: 24px; text-align: left;\"><strong>Information nutritionnelle pour 100g<\/strong><\/td>\n<td style=\"width: 22.9452%; height: 24px;\"><span style=\"font-size: 10pt;\">Valeur \u00e9nerg\u00e9tique<\/span><\/td>\n<td style=\"width: 27.0548%; height: 24px; text-align: left;\"><span style=\"font-size: 10pt;\">255 kcal<\/span><\/td>\n<\/tr>\n<tr style=\"height: 24px;\">\n<td style=\"width: 49.8288%; height: 24px;\"><\/td>\n<td style=\"width: 22.9452%; height: 24px;\"><span style=\"font-size: 10pt;\">Lipides<\/span><\/td>\n<td style=\"width: 27.0548%; height: 24px; text-align: left;\"><span style=\"font-size: 10pt;\">3,19 g<\/span><\/td>\n<\/tr>\n<tr style=\"height: 24px;\">\n<td style=\"width: 49.8288%; height: 24px;\"><\/td>\n<td style=\"width: 22.9452%; height: 24px;\"><span style=\"font-size: 10pt;\">Prot\u00e9ines<\/span><\/td>\n<td style=\"width: 27.0548%; height: 24px; text-align: left;\"><span style=\"font-size: 10pt;\">3,89 g<\/span><\/td>\n<\/tr>\n<tr>\n<td style=\"width: 49.8288%;\"><\/td>\n<td style=\"width: 22.9452%;\"><span style=\"font-size: 10pt;\">Glucides<\/span><\/td>\n<td style=\"width: 27.0548%; text-align: left;\"><span style=\"font-size: 10pt;\">25,55 g<\/span><\/td>\n<\/tr>\n<tr style=\"height: 24px;\">\n<td style=\"width: 49.8288%; height: 24px;\"><\/td>\n<td style=\"width: 22.9452%; height: 24px;\"><span style=\"font-size: 10pt;\">Fibres<\/span><\/td>\n<td style=\"width: 27.0548%; height: 24px; text-align: left;\"><span style=\"font-size: 10pt;\">54,3 g<\/span><\/td>\n<\/tr>\n<\/tbody>\n<\/table>","protected":false},"excerpt":{"rendered":"<p>La cannelle est connue pour ses nombreuses vertus, comme son caract\u00e8re \u00e9nergisant, antiviral et antibact\u00e9rien, et aussi son action sur le syst\u00e8me digestif. En infusion comme en cuisine sucr\u00e9e ou sal\u00e9e, condiment indispensable pour les palais gourmets!<\/p>\n<p>Poids net: 25g<\/p>\n<p>Poids avec emballage :35g<\/p>","protected":false},"featured_media":1250,"comment_status":"open","ping_status":"closed","template":"","meta":[],"product_cat":[16,75,68],"product_tag":[100,90,89,92,88],"yoast_head":"<!-- This site is optimized with the Yoast SEO plugin v22.7 - https:\/\/yoast.com\/wordpress\/plugins\/seo\/ -->\n<title>Canela Cinnamon Palillos | Madre Sierra Products<\/title>\n<meta name=\"description\" content=\"Canela Cinnamon, cultivada en las regiones de Veracruz y Puebla en M\u00e9xico, por peque\u00f1os productores de jardines forestales.\" \/>\n<meta name=\"robots\" content=\"index, follow, max-snippet:-1, max-image-preview:large, max-video-preview:-1\" \/>\n<link rel=\"canonical\" href=\"https:\/\/madresierraproducts.com\/fr\/produit\/canela-palillos-madre-sierra-products\/\" \/>\n<meta property=\"og:locale\" content=\"fr_FR\" \/>\n<meta property=\"og:type\" content=\"article\" \/>\n<meta property=\"og:title\" content=\"Canela Cinnamon Palillos | Madre Sierra Products\" \/>\n<meta property=\"og:description\" content=\"Canela Cinnamon, cultivada en las regiones de Veracruz y Puebla en M\u00e9xico, por peque\u00f1os productores de jardines forestales.\" \/>\n<meta property=\"og:url\" content=\"https:\/\/madresierraproducts.com\/fr\/produit\/canela-palillos-madre-sierra-products\/\" \/>\n<meta property=\"og:site_name\" content=\"Madre Sierra Products\" \/>\n<meta property=\"article:publisher\" content=\"https:\/\/www.facebook.com\/madresierraproducts\/\" \/>\n<meta property=\"article:modified_time\" content=\"2023-12-22T16:46:05+00:00\" \/>\n<meta property=\"og:image\" content=\"https:\/\/madresierraproducts.com\/wp-content\/uploads\/2020\/10\/madre-sierra-products-canela.jpg\" \/>\n\t<meta property=\"og:image:width\" content=\"800\" \/>\n\t<meta property=\"og:image:height\" content=\"800\" \/>\n\t<meta property=\"og:image:type\" content=\"image\/jpeg\" \/>\n<meta name=\"twitter:card\" content=\"summary_large_image\" \/>\n<meta name=\"twitter:label1\" content=\"Dur\u00e9e de lecture estim\u00e9e\" \/>\n\t<meta name=\"twitter:data1\" content=\"1 minute\" \/>\n<script type=\"application\/ld+json\" class=\"yoast-schema-graph\">{\"@context\":\"https:\/\/schema.org\",\"@graph\":[{\"@type\":\"WebPage\",\"@id\":\"https:\/\/madresierraproducts.com\/producto\/canela-palillos-madre-sierra-products\/\",\"url\":\"https:\/\/madresierraproducts.com\/producto\/canela-palillos-madre-sierra-products\/\",\"name\":\"Canela Cinnamon Palillos | Madre Sierra Products\",\"isPartOf\":{\"@id\":\"https:\/\/madresierraproducts.com\/es\/#website\"},\"primaryImageOfPage\":{\"@id\":\"https:\/\/madresierraproducts.com\/producto\/canela-palillos-madre-sierra-products\/#primaryimage\"},\"image\":{\"@id\":\"https:\/\/madresierraproducts.com\/producto\/canela-palillos-madre-sierra-products\/#primaryimage\"},\"thumbnailUrl\":\"https:\/\/madresierraproducts.com\/wp-content\/uploads\/2020\/10\/madre-sierra-products-canela.jpg\",\"datePublished\":\"2013-06-07T09:38:12+00:00\",\"dateModified\":\"2023-12-22T16:46:05+00:00\",\"description\":\"Canela Cinnamon, cultivada en las regiones de Veracruz y Puebla en M\u00e9xico, por peque\u00f1os productores de jardines forestales.\",\"breadcrumb\":{\"@id\":\"https:\/\/madresierraproducts.com\/producto\/canela-palillos-madre-sierra-products\/#breadcrumb\"},\"inLanguage\":\"fr-FR\",\"potentialAction\":[{\"@type\":\"ReadAction\",\"target\":[\"https:\/\/madresierraproducts.com\/producto\/canela-palillos-madre-sierra-products\/\"]}]},{\"@type\":\"ImageObject\",\"inLanguage\":\"fr-FR\",\"@id\":\"https:\/\/madresierraproducts.com\/producto\/canela-palillos-madre-sierra-products\/#primaryimage\",\"url\":\"https:\/\/madresierraproducts.com\/wp-content\/uploads\/2020\/10\/madre-sierra-products-canela.jpg\",\"contentUrl\":\"https:\/\/madresierraproducts.com\/wp-content\/uploads\/2020\/10\/madre-sierra-products-canela.jpg\",\"width\":800,\"height\":800,\"caption\":\"Canela rama\"},{\"@type\":\"BreadcrumbList\",\"@id\":\"https:\/\/madresierraproducts.com\/producto\/canela-palillos-madre-sierra-products\/#breadcrumb\",\"itemListElement\":[{\"@type\":\"ListItem\",\"position\":1,\"name\":\"Home\",\"item\":\"https:\/\/madresierraproducts.com\/\"},{\"@type\":\"ListItem\",\"position\":2,\"name\":\"Tienda\",\"item\":\"https:\/\/madresierraproducts.com\/tienda\/\"},{\"@type\":\"ListItem\",\"position\":3,\"name\":\"Canela Palillos\"}]},{\"@type\":\"WebSite\",\"@id\":\"https:\/\/madresierraproducts.com\/es\/#website\",\"url\":\"https:\/\/madresierraproducts.com\/es\/\",\"name\":\"Madre Sierra Products\",\"description\":\"Valorando saberes tradicionales y recursos naturales de Bosques y Sierras del Mundo\",\"publisher\":{\"@id\":\"https:\/\/madresierraproducts.com\/es\/#organization\"},\"potentialAction\":[{\"@type\":\"SearchAction\",\"target\":{\"@type\":\"EntryPoint\",\"urlTemplate\":\"https:\/\/madresierraproducts.com\/es\/?s={search_term_string}\"},\"query-input\":\"required name=search_term_string\"}],\"inLanguage\":\"fr-FR\"},{\"@type\":\"Organization\",\"@id\":\"https:\/\/madresierraproducts.com\/es\/#organization\",\"name\":\"Madre Sierra Products\",\"url\":\"https:\/\/madresierraproducts.com\/es\/\",\"logo\":{\"@type\":\"ImageObject\",\"inLanguage\":\"fr-FR\",\"@id\":\"https:\/\/madresierraproducts.com\/es\/#\/schema\/logo\/image\/\",\"url\":\"https:\/\/madresierraproducts.com\/wp-content\/uploads\/2020\/05\/Logo_MadreSierra_Web.png\",\"contentUrl\":\"https:\/\/madresierraproducts.com\/wp-content\/uploads\/2020\/05\/Logo_MadreSierra_Web.png\",\"width\":667,\"height\":509,\"caption\":\"Madre Sierra Products\"},\"image\":{\"@id\":\"https:\/\/madresierraproducts.com\/es\/#\/schema\/logo\/image\/\"},\"sameAs\":[\"https:\/\/www.facebook.com\/madresierraproducts\/\",\"https:\/\/www.instagram.com\/madre_sierra_products\/\"]}]}<\/script>\n<!-- \/ Yoast SEO plugin. -->","yoast_head_json":{"title":"Canela Cinnamon Palillos | Madre Sierra Products","description":"Canela Cinnamon, cultivada en las regiones de Veracruz y Puebla en M\u00e9xico, por peque\u00f1os productores de jardines forestales.","robots":{"index":"index","follow":"follow","max-snippet":"max-snippet:-1","max-image-preview":"max-image-preview:large","max-video-preview":"max-video-preview:-1"},"canonical":"https:\/\/madresierraproducts.com\/fr\/produit\/canela-palillos-madre-sierra-products\/","og_locale":"fr_FR","og_type":"article","og_title":"Canela Cinnamon Palillos | Madre Sierra Products","og_description":"Canela Cinnamon, cultivada en las regiones de Veracruz y Puebla en M\u00e9xico, por peque\u00f1os productores de jardines forestales.","og_url":"https:\/\/madresierraproducts.com\/fr\/produit\/canela-palillos-madre-sierra-products\/","og_site_name":"Madre Sierra Products","article_publisher":"https:\/\/www.facebook.com\/madresierraproducts\/","article_modified_time":"2023-12-22T16:46:05+00:00","og_image":[{"width":800,"height":800,"url":"https:\/\/madresierraproducts.com\/wp-content\/uploads\/2020\/10\/madre-sierra-products-canela.jpg","type":"image\/jpeg"}],"twitter_card":"summary_large_image","twitter_misc":{"Dur\u00e9e de lecture estim\u00e9e":"1 minute"},"schema":{"@context":"https:\/\/schema.org","@graph":[{"@type":"WebPage","@id":"https:\/\/madresierraproducts.com\/producto\/canela-palillos-madre-sierra-products\/","url":"https:\/\/madresierraproducts.com\/producto\/canela-palillos-madre-sierra-products\/","name":"Canela Cinnamon Palillos | Madre Sierra Products","isPartOf":{"@id":"https:\/\/madresierraproducts.com\/es\/#website"},"primaryImageOfPage":{"@id":"https:\/\/madresierraproducts.com\/producto\/canela-palillos-madre-sierra-products\/#primaryimage"},"image":{"@id":"https:\/\/madresierraproducts.com\/producto\/canela-palillos-madre-sierra-products\/#primaryimage"},"thumbnailUrl":"https:\/\/madresierraproducts.com\/wp-content\/uploads\/2020\/10\/madre-sierra-products-canela.jpg","datePublished":"2013-06-07T09:38:12+00:00","dateModified":"2023-12-22T16:46:05+00:00","description":"Canela Cinnamon, cultivada en las regiones de Veracruz y Puebla en M\u00e9xico, por peque\u00f1os productores de jardines forestales.","breadcrumb":{"@id":"https:\/\/madresierraproducts.com\/producto\/canela-palillos-madre-sierra-products\/#breadcrumb"},"inLanguage":"fr-FR","potentialAction":[{"@type":"ReadAction","target":["https:\/\/madresierraproducts.com\/producto\/canela-palillos-madre-sierra-products\/"]}]},{"@type":"ImageObject","inLanguage":"fr-FR","@id":"https:\/\/madresierraproducts.com\/producto\/canela-palillos-madre-sierra-products\/#primaryimage","url":"https:\/\/madresierraproducts.com\/wp-content\/uploads\/2020\/10\/madre-sierra-products-canela.jpg","contentUrl":"https:\/\/madresierraproducts.com\/wp-content\/uploads\/2020\/10\/madre-sierra-products-canela.jpg","width":800,"height":800,"caption":"Canela rama"},{"@type":"BreadcrumbList","@id":"https:\/\/madresierraproducts.com\/producto\/canela-palillos-madre-sierra-products\/#breadcrumb","itemListElement":[{"@type":"ListItem","position":1,"name":"Home","item":"https:\/\/madresierraproducts.com\/"},{"@type":"ListItem","position":2,"name":"Tienda","item":"https:\/\/madresierraproducts.com\/tienda\/"},{"@type":"ListItem","position":3,"name":"Canela Palillos"}]},{"@type":"WebSite","@id":"https:\/\/madresierraproducts.com\/es\/#website","url":"https:\/\/madresierraproducts.com\/es\/","name":"Madre Sierra Products","description":"Valorando saberes tradicionales y recursos naturales de Bosques y Sierras del Mundo","publisher":{"@id":"https:\/\/madresierraproducts.com\/es\/#organization"},"potentialAction":[{"@type":"SearchAction","target":{"@type":"EntryPoint","urlTemplate":"https:\/\/madresierraproducts.com\/es\/?s={search_term_string}"},"query-input":"required name=search_term_string"}],"inLanguage":"fr-FR"},{"@type":"Organization","@id":"https:\/\/madresierraproducts.com\/es\/#organization","name":"Madre Sierra Products","url":"https:\/\/madresierraproducts.com\/es\/","logo":{"@type":"ImageObject","inLanguage":"fr-FR","@id":"https:\/\/madresierraproducts.com\/es\/#\/schema\/logo\/image\/","url":"https:\/\/madresierraproducts.com\/wp-content\/uploads\/2020\/05\/Logo_MadreSierra_Web.png","contentUrl":"https:\/\/madresierraproducts.com\/wp-content\/uploads\/2020\/05\/Logo_MadreSierra_Web.png","width":667,"height":509,"caption":"Madre Sierra Products"},"image":{"@id":"https:\/\/madresierraproducts.com\/es\/#\/schema\/logo\/image\/"},"sameAs":["https:\/\/www.facebook.com\/madresierraproducts\/","https:\/\/www.instagram.com\/madre_sierra_products\/"]}]}},"_links":{"self":[{"href":"https:\/\/madresierraproducts.com\/fr\/wp-json\/wp\/v2\/product\/99"}],"collection":[{"href":"https:\/\/madresierraproducts.com\/fr\/wp-json\/wp\/v2\/product"}],"about":[{"href":"https:\/\/madresierraproducts.com\/fr\/wp-json\/wp\/v2\/types\/product"}],"replies":[{"embeddable":true,"href":"https:\/\/madresierraproducts.com\/fr\/wp-json\/wp\/v2\/comments?post=99"}],"wp:featuredmedia":[{"embeddable":true,"href":"https:\/\/madresierraproducts.com\/fr\/wp-json\/wp\/v2\/media\/1250"}],"wp:attachment":[{"href":"https:\/\/madresierraproducts.com\/fr\/wp-json\/wp\/v2\/media?parent=99"}],"wp:term":[{"taxonomy":"product_cat","embeddable":true,"href":"https:\/\/madresierraproducts.com\/fr\/wp-json\/wp\/v2\/product_cat?post=99"},{"taxonomy":"product_tag","embeddable":true,"href":"https:\/\/madresierraproducts.com\/fr\/wp-json\/wp\/v2\/product_tag?post=99"}],"curies":[{"name":"wp","href":"https:\/\/api.w.org\/{rel}","templated":true}]}}