{"id":1664,"date":"2024-03-13T15:08:05","date_gmt":"2024-03-13T14:08:05","guid":{"rendered":"https:\/\/madresierraproducts.com\/?post_type=product&#038;p=1664"},"modified":"2026-03-16T03:18:52","modified_gmt":"2026-03-16T02:18:52","slug":"cafe-de-especialidad-manos-de-mujeres-honduras","status":"publish","type":"product","link":"https:\/\/madresierraproducts.com\/fr\/produit\/cafe-de-especialidad-manos-de-mujeres-honduras\/","title":{"rendered":"Caf\u00e9 de Sp\u00e9cialit\u00e9 \"Manos de Mujeres\", HONDURAS"},"content":{"rendered":"<p>La vie est une aventure et cette ann\u00e9e nous sommes confront\u00e9s \u00e0 des changements et des nouveaut\u00e9s ! En ne pouvant pas acheter le caf\u00e9 de notre comadre Ver\u00f3nica Savalza \u00e0 La Cuesta, Mexique (en raison de pluies impr\u00e9vues en pleine r\u00e9colte !), nous avons d\u00e9couvert un nouveau projet de femmes et de caf\u00e9 !<\/p>\n<p>Le caf\u00e9 \"Manos de Mujeres\" est un caf\u00e9 propos\u00e9 par la Coop\u00e9rative AMPROCAL, situ\u00e9e \u00e0 La Labor, dans la r\u00e9gion d'Octopeque, au Honduras. Cette coop\u00e9rative r\u00e9unit 175 fermes g\u00e9r\u00e9es et acquises par des femmes, unies pour offrir des cerises de caf\u00e9 de qualit\u00e9 et \u0153uvrer pour la durabilit\u00e9 de leur environnement naturel ainsi que pour l'\u00e9ducation de leurs enfants.<\/p>\n<p>M\u00e1s Madre Sierra no pod\u00eda ser! \u00bfY adem\u00e1s?\u00a0 Este <strong>caf\u00e9 de especialidad<\/strong> y de mujeres esta incre\u00edble en boca!<\/p>\n<p>Une boisson en tasse avec un corps soyeux, un go\u00fbt de p\u00eache et des notes de fruits \u00e0 noyau, une acidit\u00e9 malique subtile qui nous offre une exp\u00e9rience en bouche onctueuse et fruit\u00e9e !<\/p>\n<p>Disponible en sacs de 250g -<\/p>\n<p>Grain et moulu<\/p>\n<p>&nbsp;<\/p>\n<p>&nbsp;<\/p>\n<p>&nbsp;<\/p>\n<p>Informaci\u00f3n Nutricional para 100g:<\/p>\n<table class=\"nutrient_table\">\n<thead>\n<tr class=\"firstRow\">\n<th>Nutriente<\/th>\n<th>Valor<\/th>\n<\/tr>\n<tr>\n<td class=\"nutrient-name\">Calor\u00edas<\/td>\n<td class=\"nutrient-value\">2.0 kcal<\/td>\n<\/tr>\n<tr>\n<td class=\"nutrient-name\">Agua<\/td>\n<td class=\"nutrient-value\">99.09 g<\/td>\n<\/tr>\n<tr>\n<td class=\"nutrient-name\">Glucides<\/td>\n<td class=\"nutrient-value\">0.34 g<\/td>\n<\/tr>\n<tr>\n<td class=\"nutrient-name\">Prot\u00e9ines<\/td>\n<td class=\"nutrient-value\">0.1 g<\/td>\n<\/tr>\n<tr>\n<td class=\"nutrient-name\">Grasa total<\/td>\n<td class=\"nutrient-value\">0.0 g<\/td>\n<\/tr>\n<tr>\n<td class=\"nutrient-name\">Ceniza<\/td>\n<td class=\"nutrient-value\">0.17 g<\/td>\n<\/tr>\n<\/thead>\n<\/table>","protected":false},"excerpt":{"rendered":"<p>Le caf\u00e9 \"Manos de Mujeres\" est un caf\u00e9 propos\u00e9 par la Coop\u00e9rative AMPROCAL, situ\u00e9e \u00e0 La Labor, r\u00e9gion d'Octopeque, au Honduras.<\/p>\n<p><strong>Cafe Especialidad<\/strong> producido en fincas agroforestales por las mujeres de la cooperativa. Tueste sutil que da en boca una bebida con cuerpo sedoso, sabor a durazno y notas de frutos de hueso, una acides m\u00e1lica sutil que nos da una experiencia en paladar untuosa y fructuosa<\/p>","protected":false},"featured_media":1586,"comment_status":"open","ping_status":"closed","template":"","meta":[],"product_cat":[66],"product_tag":[93,119,121,120],"yoast_head":"<!-- This site is optimized with the Yoast SEO plugin v22.7 - https:\/\/yoast.com\/wordpress\/plugins\/seo\/ -->\n<title>Caf\u00e9 de Especialidad &quot;Manos de Mujeres&quot;, HONDURAS | Madre Sierra Products<\/title>\n<meta name=\"description\" content=\"Descubre el Caf\u00e9 de Bosque &amp; Delicias Gourmet de la Serra de Tramuntana, Mallorca. Productos locales, sostenibles y conscientes.\" \/>\n<meta name=\"robots\" content=\"index, follow, max-snippet:-1, max-image-preview:large, max-video-preview:-1\" \/>\n<link rel=\"canonical\" href=\"https:\/\/madresierraproducts.com\/fr\/produit\/cafe-de-especialidad-manos-de-mujeres-honduras\/\" \/>\n<meta property=\"og:locale\" content=\"fr_FR\" \/>\n<meta property=\"og:type\" content=\"article\" \/>\n<meta property=\"og:title\" content=\"Caf\u00e9 de Especialidad &quot;Manos de Mujeres&quot;, HONDURAS | Madre Sierra Products\" \/>\n<meta property=\"og:description\" content=\"Descubre el Caf\u00e9 de Bosque &amp; Delicias Gourmet de la Serra de Tramuntana, Mallorca. Productos locales, sostenibles y conscientes.\" \/>\n<meta property=\"og:url\" content=\"https:\/\/madresierraproducts.com\/fr\/produit\/cafe-de-especialidad-manos-de-mujeres-honduras\/\" \/>\n<meta property=\"og:site_name\" content=\"Madre Sierra Products\" \/>\n<meta property=\"article:publisher\" content=\"https:\/\/www.facebook.com\/madresierraproducts\/\" \/>\n<meta property=\"article:modified_time\" content=\"2026-03-16T02:18:52+00:00\" \/>\n<meta property=\"og:image\" content=\"https:\/\/madresierraproducts.com\/wp-content\/uploads\/2024\/02\/cafe-biologico-madresierra-e1710419299135.png\" \/>\n\t<meta property=\"og:image:width\" content=\"752\" \/>\n\t<meta property=\"og:image:height\" content=\"752\" \/>\n\t<meta property=\"og:image:type\" content=\"image\/png\" \/>\n<meta name=\"twitter:card\" content=\"summary_large_image\" \/>\n<meta name=\"twitter:label1\" content=\"Dur\u00e9e de lecture estim\u00e9e\" \/>\n\t<meta name=\"twitter:data1\" content=\"2 minutes\" \/>\n<script type=\"application\/ld+json\" class=\"yoast-schema-graph\">{\"@context\":\"https:\/\/schema.org\",\"@graph\":[{\"@type\":\"WebPage\",\"@id\":\"https:\/\/madresierraproducts.com\/producto\/cafe-de-especialidad-manos-de-mujeres-honduras\/\",\"url\":\"https:\/\/madresierraproducts.com\/producto\/cafe-de-especialidad-manos-de-mujeres-honduras\/\",\"name\":\"Caf\u00e9 de Especialidad \\\"Manos de Mujeres\\\", HONDURAS | Madre Sierra Products\",\"isPartOf\":{\"@id\":\"https:\/\/madresierraproducts.com\/es\/#website\"},\"primaryImageOfPage\":{\"@id\":\"https:\/\/madresierraproducts.com\/producto\/cafe-de-especialidad-manos-de-mujeres-honduras\/#primaryimage\"},\"image\":{\"@id\":\"https:\/\/madresierraproducts.com\/producto\/cafe-de-especialidad-manos-de-mujeres-honduras\/#primaryimage\"},\"thumbnailUrl\":\"https:\/\/madresierraproducts.com\/wp-content\/uploads\/2024\/02\/cafe-biologico-madresierra-e1710419299135.png\",\"datePublished\":\"2024-03-13T14:08:05+00:00\",\"dateModified\":\"2026-03-16T02:18:52+00:00\",\"description\":\"Descubre el Caf\u00e9 de Bosque & Delicias Gourmet de la Serra de Tramuntana, Mallorca. Productos locales, sostenibles y conscientes.\",\"breadcrumb\":{\"@id\":\"https:\/\/madresierraproducts.com\/producto\/cafe-de-especialidad-manos-de-mujeres-honduras\/#breadcrumb\"},\"inLanguage\":\"fr-FR\",\"potentialAction\":[{\"@type\":\"ReadAction\",\"target\":[\"https:\/\/madresierraproducts.com\/producto\/cafe-de-especialidad-manos-de-mujeres-honduras\/\"]}]},{\"@type\":\"ImageObject\",\"inLanguage\":\"fr-FR\",\"@id\":\"https:\/\/madresierraproducts.com\/producto\/cafe-de-especialidad-manos-de-mujeres-honduras\/#primaryimage\",\"url\":\"https:\/\/madresierraproducts.com\/wp-content\/uploads\/2024\/02\/cafe-biologico-madresierra-e1710419299135.png\",\"contentUrl\":\"https:\/\/madresierraproducts.com\/wp-content\/uploads\/2024\/02\/cafe-biologico-madresierra-e1710419299135.png\",\"width\":752,\"height\":752,\"caption\":\"Caf\u00e9 Biol\u00f3gico Madre Sierra\"},{\"@type\":\"BreadcrumbList\",\"@id\":\"https:\/\/madresierraproducts.com\/producto\/cafe-de-especialidad-manos-de-mujeres-honduras\/#breadcrumb\",\"itemListElement\":[{\"@type\":\"ListItem\",\"position\":1,\"name\":\"Home\",\"item\":\"https:\/\/madresierraproducts.com\/\"},{\"@type\":\"ListItem\",\"position\":2,\"name\":\"Tienda\",\"item\":\"https:\/\/madresierraproducts.com\/tienda\/\"},{\"@type\":\"ListItem\",\"position\":3,\"name\":\"Caf\u00e9 de Especialidad \u00abManos de Mujeres\u00bb, HONDURAS\"}]},{\"@type\":\"WebSite\",\"@id\":\"https:\/\/madresierraproducts.com\/es\/#website\",\"url\":\"https:\/\/madresierraproducts.com\/es\/\",\"name\":\"Madre Sierra Products\",\"description\":\"Valorando saberes tradicionales y recursos naturales de Bosques y Sierras del Mundo\",\"publisher\":{\"@id\":\"https:\/\/madresierraproducts.com\/es\/#organization\"},\"potentialAction\":[{\"@type\":\"SearchAction\",\"target\":{\"@type\":\"EntryPoint\",\"urlTemplate\":\"https:\/\/madresierraproducts.com\/es\/?s={search_term_string}\"},\"query-input\":\"required name=search_term_string\"}],\"inLanguage\":\"fr-FR\"},{\"@type\":\"Organization\",\"@id\":\"https:\/\/madresierraproducts.com\/es\/#organization\",\"name\":\"Madre Sierra Products\",\"url\":\"https:\/\/madresierraproducts.com\/es\/\",\"logo\":{\"@type\":\"ImageObject\",\"inLanguage\":\"fr-FR\",\"@id\":\"https:\/\/madresierraproducts.com\/es\/#\/schema\/logo\/image\/\",\"url\":\"https:\/\/madresierraproducts.com\/wp-content\/uploads\/2020\/05\/Logo_MadreSierra_Web.png\",\"contentUrl\":\"https:\/\/madresierraproducts.com\/wp-content\/uploads\/2020\/05\/Logo_MadreSierra_Web.png\",\"width\":667,\"height\":509,\"caption\":\"Madre Sierra Products\"},\"image\":{\"@id\":\"https:\/\/madresierraproducts.com\/es\/#\/schema\/logo\/image\/\"},\"sameAs\":[\"https:\/\/www.facebook.com\/madresierraproducts\/\",\"https:\/\/www.instagram.com\/madre_sierra_products\/\"]}]}<\/script>\n<!-- \/ Yoast SEO plugin. -->","yoast_head_json":{"title":"Caf\u00e9 de Especialidad \"Manos de Mujeres\", HONDURAS | Madre Sierra Products","description":"Descubre el Caf\u00e9 de Bosque & Delicias Gourmet de la Serra de Tramuntana, Mallorca. Productos locales, sostenibles y conscientes.","robots":{"index":"index","follow":"follow","max-snippet":"max-snippet:-1","max-image-preview":"max-image-preview:large","max-video-preview":"max-video-preview:-1"},"canonical":"https:\/\/madresierraproducts.com\/fr\/produit\/cafe-de-especialidad-manos-de-mujeres-honduras\/","og_locale":"fr_FR","og_type":"article","og_title":"Caf\u00e9 de Especialidad \"Manos de Mujeres\", HONDURAS | Madre Sierra Products","og_description":"Descubre el Caf\u00e9 de Bosque & Delicias Gourmet de la Serra de Tramuntana, Mallorca. Productos locales, sostenibles y conscientes.","og_url":"https:\/\/madresierraproducts.com\/fr\/produit\/cafe-de-especialidad-manos-de-mujeres-honduras\/","og_site_name":"Madre Sierra Products","article_publisher":"https:\/\/www.facebook.com\/madresierraproducts\/","article_modified_time":"2026-03-16T02:18:52+00:00","og_image":[{"width":752,"height":752,"url":"https:\/\/madresierraproducts.com\/wp-content\/uploads\/2024\/02\/cafe-biologico-madresierra-e1710419299135.png","type":"image\/png"}],"twitter_card":"summary_large_image","twitter_misc":{"Dur\u00e9e de lecture estim\u00e9e":"2 minutes"},"schema":{"@context":"https:\/\/schema.org","@graph":[{"@type":"WebPage","@id":"https:\/\/madresierraproducts.com\/producto\/cafe-de-especialidad-manos-de-mujeres-honduras\/","url":"https:\/\/madresierraproducts.com\/producto\/cafe-de-especialidad-manos-de-mujeres-honduras\/","name":"Caf\u00e9 de Especialidad \"Manos de Mujeres\", HONDURAS | Madre Sierra Products","isPartOf":{"@id":"https:\/\/madresierraproducts.com\/es\/#website"},"primaryImageOfPage":{"@id":"https:\/\/madresierraproducts.com\/producto\/cafe-de-especialidad-manos-de-mujeres-honduras\/#primaryimage"},"image":{"@id":"https:\/\/madresierraproducts.com\/producto\/cafe-de-especialidad-manos-de-mujeres-honduras\/#primaryimage"},"thumbnailUrl":"https:\/\/madresierraproducts.com\/wp-content\/uploads\/2024\/02\/cafe-biologico-madresierra-e1710419299135.png","datePublished":"2024-03-13T14:08:05+00:00","dateModified":"2026-03-16T02:18:52+00:00","description":"Descubre el Caf\u00e9 de Bosque & Delicias Gourmet de la Serra de Tramuntana, Mallorca. Productos locales, sostenibles y conscientes.","breadcrumb":{"@id":"https:\/\/madresierraproducts.com\/producto\/cafe-de-especialidad-manos-de-mujeres-honduras\/#breadcrumb"},"inLanguage":"fr-FR","potentialAction":[{"@type":"ReadAction","target":["https:\/\/madresierraproducts.com\/producto\/cafe-de-especialidad-manos-de-mujeres-honduras\/"]}]},{"@type":"ImageObject","inLanguage":"fr-FR","@id":"https:\/\/madresierraproducts.com\/producto\/cafe-de-especialidad-manos-de-mujeres-honduras\/#primaryimage","url":"https:\/\/madresierraproducts.com\/wp-content\/uploads\/2024\/02\/cafe-biologico-madresierra-e1710419299135.png","contentUrl":"https:\/\/madresierraproducts.com\/wp-content\/uploads\/2024\/02\/cafe-biologico-madresierra-e1710419299135.png","width":752,"height":752,"caption":"Caf\u00e9 Biol\u00f3gico Madre Sierra"},{"@type":"BreadcrumbList","@id":"https:\/\/madresierraproducts.com\/producto\/cafe-de-especialidad-manos-de-mujeres-honduras\/#breadcrumb","itemListElement":[{"@type":"ListItem","position":1,"name":"Home","item":"https:\/\/madresierraproducts.com\/"},{"@type":"ListItem","position":2,"name":"Tienda","item":"https:\/\/madresierraproducts.com\/tienda\/"},{"@type":"ListItem","position":3,"name":"Caf\u00e9 de Especialidad \u00abManos de Mujeres\u00bb, HONDURAS"}]},{"@type":"WebSite","@id":"https:\/\/madresierraproducts.com\/es\/#website","url":"https:\/\/madresierraproducts.com\/es\/","name":"Madre Sierra Products","description":"Valorando saberes tradicionales y recursos naturales de Bosques y Sierras del Mundo","publisher":{"@id":"https:\/\/madresierraproducts.com\/es\/#organization"},"potentialAction":[{"@type":"SearchAction","target":{"@type":"EntryPoint","urlTemplate":"https:\/\/madresierraproducts.com\/es\/?s={search_term_string}"},"query-input":"required name=search_term_string"}],"inLanguage":"fr-FR"},{"@type":"Organization","@id":"https:\/\/madresierraproducts.com\/es\/#organization","name":"Madre Sierra Products","url":"https:\/\/madresierraproducts.com\/es\/","logo":{"@type":"ImageObject","inLanguage":"fr-FR","@id":"https:\/\/madresierraproducts.com\/es\/#\/schema\/logo\/image\/","url":"https:\/\/madresierraproducts.com\/wp-content\/uploads\/2020\/05\/Logo_MadreSierra_Web.png","contentUrl":"https:\/\/madresierraproducts.com\/wp-content\/uploads\/2020\/05\/Logo_MadreSierra_Web.png","width":667,"height":509,"caption":"Madre Sierra Products"},"image":{"@id":"https:\/\/madresierraproducts.com\/es\/#\/schema\/logo\/image\/"},"sameAs":["https:\/\/www.facebook.com\/madresierraproducts\/","https:\/\/www.instagram.com\/madre_sierra_products\/"]}]}},"_links":{"self":[{"href":"https:\/\/madresierraproducts.com\/fr\/wp-json\/wp\/v2\/product\/1664"}],"collection":[{"href":"https:\/\/madresierraproducts.com\/fr\/wp-json\/wp\/v2\/product"}],"about":[{"href":"https:\/\/madresierraproducts.com\/fr\/wp-json\/wp\/v2\/types\/product"}],"replies":[{"embeddable":true,"href":"https:\/\/madresierraproducts.com\/fr\/wp-json\/wp\/v2\/comments?post=1664"}],"wp:featuredmedia":[{"embeddable":true,"href":"https:\/\/madresierraproducts.com\/fr\/wp-json\/wp\/v2\/media\/1586"}],"wp:attachment":[{"href":"https:\/\/madresierraproducts.com\/fr\/wp-json\/wp\/v2\/media?parent=1664"}],"wp:term":[{"taxonomy":"product_cat","embeddable":true,"href":"https:\/\/madresierraproducts.com\/fr\/wp-json\/wp\/v2\/product_cat?post=1664"},{"taxonomy":"product_tag","embeddable":true,"href":"https:\/\/madresierraproducts.com\/fr\/wp-json\/wp\/v2\/product_tag?post=1664"}],"curies":[{"name":"wp","href":"https:\/\/api.w.org\/{rel}","templated":true}]}}