{"id":1415,"date":"2022-09-19T12:32:13","date_gmt":"2022-09-19T10:32:13","guid":{"rendered":"https:\/\/madresierraproducts.com\/?post_type=product&#038;p=1415"},"modified":"2026-03-04T22:06:49","modified_gmt":"2026-03-04T21:06:49","slug":"cafe-abyssinia-especialidad-de-guji-etiopia","status":"publish","type":"product","link":"https:\/\/madresierraproducts.com\/fr\/produit\/cafe-abyssinia-especialidad-de-guji-etiopia\/","title":{"rendered":"Caf\u00e9 ABYSSINIA, Sp\u00e9cialit\u00e9 de Guji, \u00c9thiopie"},"content":{"rendered":"<p>PRODUCTO AGOTADO!!! ESPERAMOS QUE FINALIZE LA COSECHA 2025 y que nos lleguen nuevos sacos a partir de septiembre 2025 !<\/p>\n<p>Descubre nuestro nuevo caf\u00e9 Et\u00edope ABYSSINIA, de la regi\u00f3n de Guji. Cosechado en fincas forestales cafetaleras antiguas a m\u00e1s de 1900m de altura. Este caf\u00e9 de variedad Heirloom,\u00a0 ha sido secado con toda su pulpa, proceso natural, lo que da en taza un sabor y un cuerpo \u00fanico!<\/p>\n<p>Un caf\u00e9 recommand\u00e9 pour ses similitudes en notes de chocolat, de fruits rouges et de baies des bois, tel que nous aimons !<\/p>\n<p>Profil de torr\u00e9faction \u00e9labor\u00e9 par un grand ma\u00eetre, sp\u00e9cialement pour vous.<\/p>\n<p>Elige tu formato y c\u00f3mo quieres que te lo enviemos!<\/p>\n<p>&nbsp;<\/p>\n<p>Micro lote Ar\u00e1bica variedad HEIRLOOM<\/p>\n<p>Altitude 1900-2000m<\/p>\n<p>Proceso: Natural tradicional (secado solar, fermentaci\u00f3n aer\u00f3bica)<\/p>\n<p>&nbsp;<\/p>\n<p>Tueste: Reci\u00e9n tostado antes del env\u00edo, perfil\u00a0 de tueste sutil, medio oscuro, realizado con pasi\u00f3n y amor desde nuestro obrador de la <strong>Serra de Tramuntana<\/strong>, en <strong>Majorque<\/strong>.<\/p>","protected":false},"excerpt":{"rendered":"<p><strong>Caf\u00e9 de Especialidad<\/strong>. Origen; Guji, ETIOPIA. Tostado con amor y pasi\u00f3n en Banyalbufar, <strong>Serra de Tramuntana<\/strong>, <strong>MALLORCA<\/strong>.<\/p>\n<p>Notes de fruits rouges et de baies des bois.<\/p>\n<p>Altitude 1900-2000m<\/p>\n<p>Vari\u00e9t\u00e9 : Heirloom<\/p>\n<p>Processus : Naturel Traditionnel<\/p>\n<p>&nbsp;<\/p>","protected":false},"featured_media":1683,"comment_status":"open","ping_status":"closed","template":"","meta":[],"product_cat":[16,66],"product_tag":[],"yoast_head":"<!-- This site is optimized with the Yoast SEO plugin v22.7 - https:\/\/yoast.com\/wordpress\/plugins\/seo\/ -->\n<title>Caf\u00e9 ABYSSINIA, Especialidad de Guji, Etiopia | Madre Sierra Products<\/title>\n<meta name=\"description\" content=\"Descubre el Caf\u00e9 de Bosque &amp; Delicias Gourmet de la Serra de Tramuntana, Mallorca. Productos locales, sostenibles y conscientes.\" \/>\n<meta name=\"robots\" content=\"index, follow, max-snippet:-1, max-image-preview:large, max-video-preview:-1\" \/>\n<link rel=\"canonical\" href=\"https:\/\/madresierraproducts.com\/fr\/produit\/cafe-abyssinia-especialidad-de-guji-etiopia\/\" \/>\n<meta property=\"og:locale\" content=\"fr_FR\" \/>\n<meta property=\"og:type\" content=\"article\" \/>\n<meta property=\"og:title\" content=\"Caf\u00e9 ABYSSINIA, Especialidad de Guji, Etiopia | Madre Sierra Products\" \/>\n<meta property=\"og:description\" content=\"Descubre el Caf\u00e9 de Bosque &amp; Delicias Gourmet de la Serra de Tramuntana, Mallorca. Productos locales, sostenibles y conscientes.\" \/>\n<meta property=\"og:url\" content=\"https:\/\/madresierraproducts.com\/fr\/produit\/cafe-abyssinia-especialidad-de-guji-etiopia\/\" \/>\n<meta property=\"og:site_name\" content=\"Madre Sierra Products\" \/>\n<meta property=\"article:publisher\" content=\"https:\/\/www.facebook.com\/madresierraproducts\/\" \/>\n<meta property=\"article:modified_time\" content=\"2026-03-04T21:06:49+00:00\" \/>\n<meta property=\"og:image\" content=\"https:\/\/madresierraproducts.com\/wp-content\/uploads\/2022\/09\/Cafe-biologico-madre-sierra.jpg\" \/>\n\t<meta property=\"og:image:width\" content=\"413\" \/>\n\t<meta property=\"og:image:height\" content=\"413\" \/>\n\t<meta property=\"og:image:type\" content=\"image\/jpeg\" \/>\n<meta name=\"twitter:card\" content=\"summary_large_image\" \/>\n<meta name=\"twitter:label1\" content=\"Dur\u00e9e de lecture estim\u00e9e\" \/>\n\t<meta name=\"twitter:data1\" content=\"1 minute\" \/>\n<script type=\"application\/ld+json\" class=\"yoast-schema-graph\">{\"@context\":\"https:\/\/schema.org\",\"@graph\":[{\"@type\":\"WebPage\",\"@id\":\"https:\/\/madresierraproducts.com\/producto\/cafe-abyssinia-especialidad-de-guji-etiopia\/\",\"url\":\"https:\/\/madresierraproducts.com\/producto\/cafe-abyssinia-especialidad-de-guji-etiopia\/\",\"name\":\"Caf\u00e9 ABYSSINIA, Especialidad de Guji, Etiopia | Madre Sierra Products\",\"isPartOf\":{\"@id\":\"https:\/\/madresierraproducts.com\/es\/#website\"},\"primaryImageOfPage\":{\"@id\":\"https:\/\/madresierraproducts.com\/producto\/cafe-abyssinia-especialidad-de-guji-etiopia\/#primaryimage\"},\"image\":{\"@id\":\"https:\/\/madresierraproducts.com\/producto\/cafe-abyssinia-especialidad-de-guji-etiopia\/#primaryimage\"},\"thumbnailUrl\":\"https:\/\/madresierraproducts.com\/wp-content\/uploads\/2022\/09\/Cafe-biologico-madre-sierra.jpg\",\"datePublished\":\"2022-09-19T10:32:13+00:00\",\"dateModified\":\"2026-03-04T21:06:49+00:00\",\"description\":\"Descubre el Caf\u00e9 de Bosque & Delicias Gourmet de la Serra de Tramuntana, Mallorca. Productos locales, sostenibles y conscientes.\",\"breadcrumb\":{\"@id\":\"https:\/\/madresierraproducts.com\/producto\/cafe-abyssinia-especialidad-de-guji-etiopia\/#breadcrumb\"},\"inLanguage\":\"fr-FR\",\"potentialAction\":[{\"@type\":\"ReadAction\",\"target\":[\"https:\/\/madresierraproducts.com\/producto\/cafe-abyssinia-especialidad-de-guji-etiopia\/\"]}]},{\"@type\":\"ImageObject\",\"inLanguage\":\"fr-FR\",\"@id\":\"https:\/\/madresierraproducts.com\/producto\/cafe-abyssinia-especialidad-de-guji-etiopia\/#primaryimage\",\"url\":\"https:\/\/madresierraproducts.com\/wp-content\/uploads\/2022\/09\/Cafe-biologico-madre-sierra.jpg\",\"contentUrl\":\"https:\/\/madresierraproducts.com\/wp-content\/uploads\/2022\/09\/Cafe-biologico-madre-sierra.jpg\",\"width\":413,\"height\":413,\"caption\":\"Coffee beans ripening on a tree.\"},{\"@type\":\"BreadcrumbList\",\"@id\":\"https:\/\/madresierraproducts.com\/producto\/cafe-abyssinia-especialidad-de-guji-etiopia\/#breadcrumb\",\"itemListElement\":[{\"@type\":\"ListItem\",\"position\":1,\"name\":\"Home\",\"item\":\"https:\/\/madresierraproducts.com\/\"},{\"@type\":\"ListItem\",\"position\":2,\"name\":\"Tienda\",\"item\":\"https:\/\/madresierraproducts.com\/tienda\/\"},{\"@type\":\"ListItem\",\"position\":3,\"name\":\"Caf\u00e9 ABYSSINIA, Especialidad de Guji, Etiopia\"}]},{\"@type\":\"WebSite\",\"@id\":\"https:\/\/madresierraproducts.com\/es\/#website\",\"url\":\"https:\/\/madresierraproducts.com\/es\/\",\"name\":\"Madre Sierra Products\",\"description\":\"Valorando saberes tradicionales y recursos naturales de Bosques y Sierras del Mundo\",\"publisher\":{\"@id\":\"https:\/\/madresierraproducts.com\/es\/#organization\"},\"potentialAction\":[{\"@type\":\"SearchAction\",\"target\":{\"@type\":\"EntryPoint\",\"urlTemplate\":\"https:\/\/madresierraproducts.com\/es\/?s={search_term_string}\"},\"query-input\":\"required name=search_term_string\"}],\"inLanguage\":\"fr-FR\"},{\"@type\":\"Organization\",\"@id\":\"https:\/\/madresierraproducts.com\/es\/#organization\",\"name\":\"Madre Sierra Products\",\"url\":\"https:\/\/madresierraproducts.com\/es\/\",\"logo\":{\"@type\":\"ImageObject\",\"inLanguage\":\"fr-FR\",\"@id\":\"https:\/\/madresierraproducts.com\/es\/#\/schema\/logo\/image\/\",\"url\":\"https:\/\/madresierraproducts.com\/wp-content\/uploads\/2020\/05\/Logo_MadreSierra_Web.png\",\"contentUrl\":\"https:\/\/madresierraproducts.com\/wp-content\/uploads\/2020\/05\/Logo_MadreSierra_Web.png\",\"width\":667,\"height\":509,\"caption\":\"Madre Sierra Products\"},\"image\":{\"@id\":\"https:\/\/madresierraproducts.com\/es\/#\/schema\/logo\/image\/\"},\"sameAs\":[\"https:\/\/www.facebook.com\/madresierraproducts\/\",\"https:\/\/www.instagram.com\/madre_sierra_products\/\"]}]}<\/script>\n<!-- \/ Yoast SEO plugin. -->","yoast_head_json":{"title":"Caf\u00e9 ABYSSINIA, Especialidad de Guji, Etiopia | Madre Sierra Products","description":"Descubre el Caf\u00e9 de Bosque & Delicias Gourmet de la Serra de Tramuntana, Mallorca. Productos locales, sostenibles y conscientes.","robots":{"index":"index","follow":"follow","max-snippet":"max-snippet:-1","max-image-preview":"max-image-preview:large","max-video-preview":"max-video-preview:-1"},"canonical":"https:\/\/madresierraproducts.com\/fr\/produit\/cafe-abyssinia-especialidad-de-guji-etiopia\/","og_locale":"fr_FR","og_type":"article","og_title":"Caf\u00e9 ABYSSINIA, Especialidad de Guji, Etiopia | Madre Sierra Products","og_description":"Descubre el Caf\u00e9 de Bosque & Delicias Gourmet de la Serra de Tramuntana, Mallorca. Productos locales, sostenibles y conscientes.","og_url":"https:\/\/madresierraproducts.com\/fr\/produit\/cafe-abyssinia-especialidad-de-guji-etiopia\/","og_site_name":"Madre Sierra Products","article_publisher":"https:\/\/www.facebook.com\/madresierraproducts\/","article_modified_time":"2026-03-04T21:06:49+00:00","og_image":[{"width":413,"height":413,"url":"https:\/\/madresierraproducts.com\/wp-content\/uploads\/2022\/09\/Cafe-biologico-madre-sierra.jpg","type":"image\/jpeg"}],"twitter_card":"summary_large_image","twitter_misc":{"Dur\u00e9e de lecture estim\u00e9e":"1 minute"},"schema":{"@context":"https:\/\/schema.org","@graph":[{"@type":"WebPage","@id":"https:\/\/madresierraproducts.com\/producto\/cafe-abyssinia-especialidad-de-guji-etiopia\/","url":"https:\/\/madresierraproducts.com\/producto\/cafe-abyssinia-especialidad-de-guji-etiopia\/","name":"Caf\u00e9 ABYSSINIA, Especialidad de Guji, Etiopia | Madre Sierra Products","isPartOf":{"@id":"https:\/\/madresierraproducts.com\/es\/#website"},"primaryImageOfPage":{"@id":"https:\/\/madresierraproducts.com\/producto\/cafe-abyssinia-especialidad-de-guji-etiopia\/#primaryimage"},"image":{"@id":"https:\/\/madresierraproducts.com\/producto\/cafe-abyssinia-especialidad-de-guji-etiopia\/#primaryimage"},"thumbnailUrl":"https:\/\/madresierraproducts.com\/wp-content\/uploads\/2022\/09\/Cafe-biologico-madre-sierra.jpg","datePublished":"2022-09-19T10:32:13+00:00","dateModified":"2026-03-04T21:06:49+00:00","description":"Descubre el Caf\u00e9 de Bosque & Delicias Gourmet de la Serra de Tramuntana, Mallorca. Productos locales, sostenibles y conscientes.","breadcrumb":{"@id":"https:\/\/madresierraproducts.com\/producto\/cafe-abyssinia-especialidad-de-guji-etiopia\/#breadcrumb"},"inLanguage":"fr-FR","potentialAction":[{"@type":"ReadAction","target":["https:\/\/madresierraproducts.com\/producto\/cafe-abyssinia-especialidad-de-guji-etiopia\/"]}]},{"@type":"ImageObject","inLanguage":"fr-FR","@id":"https:\/\/madresierraproducts.com\/producto\/cafe-abyssinia-especialidad-de-guji-etiopia\/#primaryimage","url":"https:\/\/madresierraproducts.com\/wp-content\/uploads\/2022\/09\/Cafe-biologico-madre-sierra.jpg","contentUrl":"https:\/\/madresierraproducts.com\/wp-content\/uploads\/2022\/09\/Cafe-biologico-madre-sierra.jpg","width":413,"height":413,"caption":"Coffee beans ripening on a tree."},{"@type":"BreadcrumbList","@id":"https:\/\/madresierraproducts.com\/producto\/cafe-abyssinia-especialidad-de-guji-etiopia\/#breadcrumb","itemListElement":[{"@type":"ListItem","position":1,"name":"Home","item":"https:\/\/madresierraproducts.com\/"},{"@type":"ListItem","position":2,"name":"Tienda","item":"https:\/\/madresierraproducts.com\/tienda\/"},{"@type":"ListItem","position":3,"name":"Caf\u00e9 ABYSSINIA, Especialidad de Guji, Etiopia"}]},{"@type":"WebSite","@id":"https:\/\/madresierraproducts.com\/es\/#website","url":"https:\/\/madresierraproducts.com\/es\/","name":"Madre Sierra Products","description":"Valorando saberes tradicionales y recursos naturales de Bosques y Sierras del Mundo","publisher":{"@id":"https:\/\/madresierraproducts.com\/es\/#organization"},"potentialAction":[{"@type":"SearchAction","target":{"@type":"EntryPoint","urlTemplate":"https:\/\/madresierraproducts.com\/es\/?s={search_term_string}"},"query-input":"required name=search_term_string"}],"inLanguage":"fr-FR"},{"@type":"Organization","@id":"https:\/\/madresierraproducts.com\/es\/#organization","name":"Madre Sierra Products","url":"https:\/\/madresierraproducts.com\/es\/","logo":{"@type":"ImageObject","inLanguage":"fr-FR","@id":"https:\/\/madresierraproducts.com\/es\/#\/schema\/logo\/image\/","url":"https:\/\/madresierraproducts.com\/wp-content\/uploads\/2020\/05\/Logo_MadreSierra_Web.png","contentUrl":"https:\/\/madresierraproducts.com\/wp-content\/uploads\/2020\/05\/Logo_MadreSierra_Web.png","width":667,"height":509,"caption":"Madre Sierra Products"},"image":{"@id":"https:\/\/madresierraproducts.com\/es\/#\/schema\/logo\/image\/"},"sameAs":["https:\/\/www.facebook.com\/madresierraproducts\/","https:\/\/www.instagram.com\/madre_sierra_products\/"]}]}},"_links":{"self":[{"href":"https:\/\/madresierraproducts.com\/fr\/wp-json\/wp\/v2\/product\/1415"}],"collection":[{"href":"https:\/\/madresierraproducts.com\/fr\/wp-json\/wp\/v2\/product"}],"about":[{"href":"https:\/\/madresierraproducts.com\/fr\/wp-json\/wp\/v2\/types\/product"}],"replies":[{"embeddable":true,"href":"https:\/\/madresierraproducts.com\/fr\/wp-json\/wp\/v2\/comments?post=1415"}],"wp:featuredmedia":[{"embeddable":true,"href":"https:\/\/madresierraproducts.com\/fr\/wp-json\/wp\/v2\/media\/1683"}],"wp:attachment":[{"href":"https:\/\/madresierraproducts.com\/fr\/wp-json\/wp\/v2\/media?parent=1415"}],"wp:term":[{"taxonomy":"product_cat","embeddable":true,"href":"https:\/\/madresierraproducts.com\/fr\/wp-json\/wp\/v2\/product_cat?post=1415"},{"taxonomy":"product_tag","embeddable":true,"href":"https:\/\/madresierraproducts.com\/fr\/wp-json\/wp\/v2\/product_tag?post=1415"}],"curies":[{"name":"wp","href":"https:\/\/api.w.org\/{rel}","templated":true}]}}