{"id":1008,"date":"2020-10-07T07:44:08","date_gmt":"2020-10-07T05:44:08","guid":{"rendered":"https:\/\/madresierraproducts.com\/?post_type=product&#038;p=1008"},"modified":"2023-03-14T12:06:37","modified_gmt":"2023-03-14T11:06:37","slug":"cacao-theobroma-bicolor","status":"publish","type":"product","link":"https:\/\/madresierraproducts.com\/fr\/produit\/cacao-theobroma-bicolor\/","title":{"rendered":"Cacao Theobroma Bicolor"},"content":{"rendered":"<p class=\"p1\">Gr\u00e2ce \u00e0 son ar\u00f4me original et unique, le cacao bicolor ou Pataxte est connu pour \u00eatre l'aliment des Dieux, en M\u00e9soam\u00e9rique. Nos fournisseurs, Chasseurs de Saveurs, SA. de C.V., travaillent avec les producteurs associ\u00e9s pour un \u00e9change commercial respectueux et juste, et fournit un appui technique de pointe pour valoriser la conservation des for\u00eats, les syst\u00e8mes de for\u00eats comestibles et savoirs traditionnels.<\/p>\n<p>&nbsp;<\/p>\n<p><strong>Ingr\u00e9dients<\/strong>\u00a0 Cacao bicolor.<\/p>\n<p>&nbsp;<\/p>\n<table style=\"width: 78.4382%;\">\n<tbody>\n<tr>\n<td style=\"width: 41.1658%;\" width=\"256\"><strong>Information nutritionnelle pour 100g<\/strong><\/td>\n<td style=\"width: 17.405%;\" width=\"237\"><\/td>\n<td style=\"width: 71.304%;\" width=\"66\"><\/td>\n<\/tr>\n<tr>\n<td style=\"width: 41.1658%;\"><\/td>\n<td style=\"width: 17.405%;\"><span style=\"font-size: 10pt;\">Lipides<\/span><\/td>\n<td style=\"width: 71.304%;\"><span style=\"font-size: 10pt;\">51 g<\/span><\/td>\n<\/tr>\n<tr>\n<td style=\"width: 41.1658%;\"><\/td>\n<td style=\"width: 17.405%;\"><span style=\"font-size: 10pt;\">Prot\u00e9ines<\/span><\/td>\n<td style=\"width: 71.304%;\"><span style=\"font-size: 10pt;\">17 g<\/span><\/td>\n<\/tr>\n<tr>\n<td style=\"width: 41.1658%;\"><\/td>\n<td style=\"width: 17.405%;\"><span style=\"font-size: 10pt;\">Fibres<\/span><\/td>\n<td style=\"width: 71.304%;\"><span style=\"font-size: 10pt;\">13 g<\/span><\/td>\n<\/tr>\n<\/tbody>\n<\/table>","protected":false},"excerpt":{"rendered":"<p>Madre Sierra Products ofrece este cacao bicolor\u00a0 excepcional en favas tostadas, colectado en sistemas de bosques comestibles de la regi\u00f3n de Chinantla, Oaxaca, M\u00e9xico. Es diferente del Cacao Theobroma Cacao, el \u00abcacao criollo\u00bb cuyas favas tostadas se emplean para la elaboraci\u00f3n del chocolate que conocemos. Estas favas de cacao bicolor, se pueden degustar tales como vienen, como almendra, nuez, o bien emplearse molidas en bebidas. Las propriedades organolepticas y energeticas varian del cacao tradicional, menos amargor y sabor a \u00abchocolate\u00bb pero una potente fuente de energia y nutrici\u00f3n.<\/p>\n<p>Poids net: 100g<\/p>\n<p>Poids avec emballage: 110g environs<\/p>","protected":false},"featured_media":1246,"comment_status":"open","ping_status":"closed","template":"","meta":[],"product_cat":[16,75,68],"product_tag":[112,90,89,92,88],"yoast_head":"<!-- This site is optimized with the Yoast SEO plugin v22.7 - https:\/\/yoast.com\/wordpress\/plugins\/seo\/ -->\n<title>Cacao Theobroma Bicolor | Madre Sierra Products<\/title>\n<meta name=\"description\" content=\"Cacao bicolor excepcional en favas tostadas, colectado en sistemas de bosques comestibles de la regi\u00f3n de Chinantla, Oaxaca, M\u00e9xico.\" \/>\n<meta name=\"robots\" content=\"index, follow, max-snippet:-1, max-image-preview:large, max-video-preview:-1\" \/>\n<link rel=\"canonical\" href=\"https:\/\/madresierraproducts.com\/fr\/produit\/cacao-theobroma-bicolor\/\" \/>\n<meta property=\"og:locale\" content=\"fr_FR\" \/>\n<meta property=\"og:type\" content=\"article\" \/>\n<meta property=\"og:title\" content=\"Cacao Theobroma Bicolor | Madre Sierra Products\" \/>\n<meta property=\"og:description\" content=\"Cacao bicolor excepcional en favas tostadas, colectado en sistemas de bosques comestibles de la regi\u00f3n de Chinantla, Oaxaca, M\u00e9xico.\" \/>\n<meta property=\"og:url\" content=\"https:\/\/madresierraproducts.com\/fr\/produit\/cacao-theobroma-bicolor\/\" \/>\n<meta property=\"og:site_name\" content=\"Madre Sierra Products\" \/>\n<meta property=\"article:publisher\" content=\"https:\/\/www.facebook.com\/madresierraproducts\/\" \/>\n<meta property=\"article:modified_time\" content=\"2023-03-14T11:06:37+00:00\" \/>\n<meta property=\"og:image\" content=\"https:\/\/madresierraproducts.com\/wp-content\/uploads\/2020\/10\/madre-sierra-products-cacao.jpg\" \/>\n\t<meta property=\"og:image:width\" content=\"800\" \/>\n\t<meta property=\"og:image:height\" content=\"800\" \/>\n\t<meta property=\"og:image:type\" content=\"image\/jpeg\" \/>\n<meta name=\"twitter:card\" content=\"summary_large_image\" \/>\n<script type=\"application\/ld+json\" class=\"yoast-schema-graph\">{\"@context\":\"https:\/\/schema.org\",\"@graph\":[{\"@type\":\"WebPage\",\"@id\":\"https:\/\/madresierraproducts.com\/producto\/cacao-theobroma-bicolor\/\",\"url\":\"https:\/\/madresierraproducts.com\/producto\/cacao-theobroma-bicolor\/\",\"name\":\"Cacao Theobroma Bicolor | Madre Sierra Products\",\"isPartOf\":{\"@id\":\"https:\/\/madresierraproducts.com\/es\/#website\"},\"primaryImageOfPage\":{\"@id\":\"https:\/\/madresierraproducts.com\/producto\/cacao-theobroma-bicolor\/#primaryimage\"},\"image\":{\"@id\":\"https:\/\/madresierraproducts.com\/producto\/cacao-theobroma-bicolor\/#primaryimage\"},\"thumbnailUrl\":\"https:\/\/madresierraproducts.com\/wp-content\/uploads\/2020\/10\/madre-sierra-products-cacao.jpg\",\"datePublished\":\"2020-10-07T05:44:08+00:00\",\"dateModified\":\"2023-03-14T11:06:37+00:00\",\"description\":\"Cacao bicolor excepcional en favas tostadas, colectado en sistemas de bosques comestibles de la regi\u00f3n de Chinantla, Oaxaca, M\u00e9xico.\",\"breadcrumb\":{\"@id\":\"https:\/\/madresierraproducts.com\/producto\/cacao-theobroma-bicolor\/#breadcrumb\"},\"inLanguage\":\"fr-FR\",\"potentialAction\":[{\"@type\":\"ReadAction\",\"target\":[\"https:\/\/madresierraproducts.com\/producto\/cacao-theobroma-bicolor\/\"]}]},{\"@type\":\"ImageObject\",\"inLanguage\":\"fr-FR\",\"@id\":\"https:\/\/madresierraproducts.com\/producto\/cacao-theobroma-bicolor\/#primaryimage\",\"url\":\"https:\/\/madresierraproducts.com\/wp-content\/uploads\/2020\/10\/madre-sierra-products-cacao.jpg\",\"contentUrl\":\"https:\/\/madresierraproducts.com\/wp-content\/uploads\/2020\/10\/madre-sierra-products-cacao.jpg\",\"width\":800,\"height\":800,\"caption\":\"Cacao\"},{\"@type\":\"BreadcrumbList\",\"@id\":\"https:\/\/madresierraproducts.com\/producto\/cacao-theobroma-bicolor\/#breadcrumb\",\"itemListElement\":[{\"@type\":\"ListItem\",\"position\":1,\"name\":\"Home\",\"item\":\"https:\/\/madresierraproducts.com\/\"},{\"@type\":\"ListItem\",\"position\":2,\"name\":\"Tienda\",\"item\":\"https:\/\/madresierraproducts.com\/tienda\/\"},{\"@type\":\"ListItem\",\"position\":3,\"name\":\"Cacao Theobroma Bicolor\"}]},{\"@type\":\"WebSite\",\"@id\":\"https:\/\/madresierraproducts.com\/es\/#website\",\"url\":\"https:\/\/madresierraproducts.com\/es\/\",\"name\":\"Madre Sierra Products\",\"description\":\"Valorando saberes tradicionales y recursos naturales de Bosques y Sierras del Mundo\",\"publisher\":{\"@id\":\"https:\/\/madresierraproducts.com\/es\/#organization\"},\"potentialAction\":[{\"@type\":\"SearchAction\",\"target\":{\"@type\":\"EntryPoint\",\"urlTemplate\":\"https:\/\/madresierraproducts.com\/es\/?s={search_term_string}\"},\"query-input\":\"required name=search_term_string\"}],\"inLanguage\":\"fr-FR\"},{\"@type\":\"Organization\",\"@id\":\"https:\/\/madresierraproducts.com\/es\/#organization\",\"name\":\"Madre Sierra Products\",\"url\":\"https:\/\/madresierraproducts.com\/es\/\",\"logo\":{\"@type\":\"ImageObject\",\"inLanguage\":\"fr-FR\",\"@id\":\"https:\/\/madresierraproducts.com\/es\/#\/schema\/logo\/image\/\",\"url\":\"https:\/\/madresierraproducts.com\/wp-content\/uploads\/2020\/05\/Logo_MadreSierra_Web.png\",\"contentUrl\":\"https:\/\/madresierraproducts.com\/wp-content\/uploads\/2020\/05\/Logo_MadreSierra_Web.png\",\"width\":667,\"height\":509,\"caption\":\"Madre Sierra Products\"},\"image\":{\"@id\":\"https:\/\/madresierraproducts.com\/es\/#\/schema\/logo\/image\/\"},\"sameAs\":[\"https:\/\/www.facebook.com\/madresierraproducts\/\",\"https:\/\/www.instagram.com\/madre_sierra_products\/\"]}]}<\/script>\n<!-- \/ Yoast SEO plugin. -->","yoast_head_json":{"title":"Cacao Theobroma Bicolor | Madre Sierra Products","description":"Cacao bicolor excepcional en favas tostadas, colectado en sistemas de bosques comestibles de la regi\u00f3n de Chinantla, Oaxaca, M\u00e9xico.","robots":{"index":"index","follow":"follow","max-snippet":"max-snippet:-1","max-image-preview":"max-image-preview:large","max-video-preview":"max-video-preview:-1"},"canonical":"https:\/\/madresierraproducts.com\/fr\/produit\/cacao-theobroma-bicolor\/","og_locale":"fr_FR","og_type":"article","og_title":"Cacao Theobroma Bicolor | Madre Sierra Products","og_description":"Cacao bicolor excepcional en favas tostadas, colectado en sistemas de bosques comestibles de la regi\u00f3n de Chinantla, Oaxaca, M\u00e9xico.","og_url":"https:\/\/madresierraproducts.com\/fr\/produit\/cacao-theobroma-bicolor\/","og_site_name":"Madre Sierra Products","article_publisher":"https:\/\/www.facebook.com\/madresierraproducts\/","article_modified_time":"2023-03-14T11:06:37+00:00","og_image":[{"width":800,"height":800,"url":"https:\/\/madresierraproducts.com\/wp-content\/uploads\/2020\/10\/madre-sierra-products-cacao.jpg","type":"image\/jpeg"}],"twitter_card":"summary_large_image","schema":{"@context":"https:\/\/schema.org","@graph":[{"@type":"WebPage","@id":"https:\/\/madresierraproducts.com\/producto\/cacao-theobroma-bicolor\/","url":"https:\/\/madresierraproducts.com\/producto\/cacao-theobroma-bicolor\/","name":"Cacao Theobroma Bicolor | Madre Sierra Products","isPartOf":{"@id":"https:\/\/madresierraproducts.com\/es\/#website"},"primaryImageOfPage":{"@id":"https:\/\/madresierraproducts.com\/producto\/cacao-theobroma-bicolor\/#primaryimage"},"image":{"@id":"https:\/\/madresierraproducts.com\/producto\/cacao-theobroma-bicolor\/#primaryimage"},"thumbnailUrl":"https:\/\/madresierraproducts.com\/wp-content\/uploads\/2020\/10\/madre-sierra-products-cacao.jpg","datePublished":"2020-10-07T05:44:08+00:00","dateModified":"2023-03-14T11:06:37+00:00","description":"Cacao bicolor excepcional en favas tostadas, colectado en sistemas de bosques comestibles de la regi\u00f3n de Chinantla, Oaxaca, M\u00e9xico.","breadcrumb":{"@id":"https:\/\/madresierraproducts.com\/producto\/cacao-theobroma-bicolor\/#breadcrumb"},"inLanguage":"fr-FR","potentialAction":[{"@type":"ReadAction","target":["https:\/\/madresierraproducts.com\/producto\/cacao-theobroma-bicolor\/"]}]},{"@type":"ImageObject","inLanguage":"fr-FR","@id":"https:\/\/madresierraproducts.com\/producto\/cacao-theobroma-bicolor\/#primaryimage","url":"https:\/\/madresierraproducts.com\/wp-content\/uploads\/2020\/10\/madre-sierra-products-cacao.jpg","contentUrl":"https:\/\/madresierraproducts.com\/wp-content\/uploads\/2020\/10\/madre-sierra-products-cacao.jpg","width":800,"height":800,"caption":"Cacao"},{"@type":"BreadcrumbList","@id":"https:\/\/madresierraproducts.com\/producto\/cacao-theobroma-bicolor\/#breadcrumb","itemListElement":[{"@type":"ListItem","position":1,"name":"Home","item":"https:\/\/madresierraproducts.com\/"},{"@type":"ListItem","position":2,"name":"Tienda","item":"https:\/\/madresierraproducts.com\/tienda\/"},{"@type":"ListItem","position":3,"name":"Cacao Theobroma Bicolor"}]},{"@type":"WebSite","@id":"https:\/\/madresierraproducts.com\/es\/#website","url":"https:\/\/madresierraproducts.com\/es\/","name":"Madre Sierra Products","description":"Valorando saberes tradicionales y recursos naturales de Bosques y Sierras del Mundo","publisher":{"@id":"https:\/\/madresierraproducts.com\/es\/#organization"},"potentialAction":[{"@type":"SearchAction","target":{"@type":"EntryPoint","urlTemplate":"https:\/\/madresierraproducts.com\/es\/?s={search_term_string}"},"query-input":"required name=search_term_string"}],"inLanguage":"fr-FR"},{"@type":"Organization","@id":"https:\/\/madresierraproducts.com\/es\/#organization","name":"Madre Sierra Products","url":"https:\/\/madresierraproducts.com\/es\/","logo":{"@type":"ImageObject","inLanguage":"fr-FR","@id":"https:\/\/madresierraproducts.com\/es\/#\/schema\/logo\/image\/","url":"https:\/\/madresierraproducts.com\/wp-content\/uploads\/2020\/05\/Logo_MadreSierra_Web.png","contentUrl":"https:\/\/madresierraproducts.com\/wp-content\/uploads\/2020\/05\/Logo_MadreSierra_Web.png","width":667,"height":509,"caption":"Madre Sierra Products"},"image":{"@id":"https:\/\/madresierraproducts.com\/es\/#\/schema\/logo\/image\/"},"sameAs":["https:\/\/www.facebook.com\/madresierraproducts\/","https:\/\/www.instagram.com\/madre_sierra_products\/"]}]}},"_links":{"self":[{"href":"https:\/\/madresierraproducts.com\/fr\/wp-json\/wp\/v2\/product\/1008"}],"collection":[{"href":"https:\/\/madresierraproducts.com\/fr\/wp-json\/wp\/v2\/product"}],"about":[{"href":"https:\/\/madresierraproducts.com\/fr\/wp-json\/wp\/v2\/types\/product"}],"replies":[{"embeddable":true,"href":"https:\/\/madresierraproducts.com\/fr\/wp-json\/wp\/v2\/comments?post=1008"}],"wp:featuredmedia":[{"embeddable":true,"href":"https:\/\/madresierraproducts.com\/fr\/wp-json\/wp\/v2\/media\/1246"}],"wp:attachment":[{"href":"https:\/\/madresierraproducts.com\/fr\/wp-json\/wp\/v2\/media?parent=1008"}],"wp:term":[{"taxonomy":"product_cat","embeddable":true,"href":"https:\/\/madresierraproducts.com\/fr\/wp-json\/wp\/v2\/product_cat?post=1008"},{"taxonomy":"product_tag","embeddable":true,"href":"https:\/\/madresierraproducts.com\/fr\/wp-json\/wp\/v2\/product_tag?post=1008"}],"curies":[{"name":"wp","href":"https:\/\/api.w.org\/{rel}","templated":true}]}}