{"id":1446,"date":"2023-02-15T15:15:08","date_gmt":"2023-02-15T14:15:08","guid":{"rendered":"https:\/\/madresierraproducts.com\/?page_id=1446"},"modified":"2025-01-08T11:12:44","modified_gmt":"2025-01-08T10:12:44","slug":"pedidos-personalizados","status":"publish","type":"page","link":"https:\/\/madresierraproducts.com\/fr\/pedidos-personalizados\/","title":{"rendered":"Commandes Personnalis\u00e9es et Services"},"content":{"rendered":"<div class=\"vc-row-container container\"><div class=\"vc_row wpb_row vc_row-fluid vc_row-o-content-middle vc_row-flex\"><div class=\"wpb_column vc_column_container vc_col-sm-12\"><div class=\"vc_column-inner\"><div class=\"wpb_wrapper\"><h2 style=\"color: #5c6834;text-align: center\" class=\"vc_custom_heading\" >Commandes Personnalis\u00e9es et Services<\/h2><div class=\"vc_separator wpb_content_element vc_separator_align_center vc_sep_width_50 vc_sep_pos_align_center vc_separator_no_text vc_sep_color_grey\" ><span class=\"vc_sep_holder vc_sep_holder_l\"><span  class=\"vc_sep_line\"><\/span><\/span><span class=\"vc_sep_holder vc_sep_holder_r\"><span  class=\"vc_sep_line\"><\/span><\/span>\n<\/div><div class=\"vc_empty_space\"   style=\"height: 32px\"><span class=\"vc_empty_space_inner\"><\/span><\/div><h3 style=\"color: #5c6834;text-align: center\" class=\"vc_custom_heading\" >Offrez \u00e0 vos invit\u00e9s et clients des produits artisanaux et s\u00e9lects conscients.<\/h3><div class=\"vc_empty_space\"   style=\"height: 32px\"><span class=\"vc_empty_space_inner\"><\/span><\/div>\n\t<div class=\"wpb_text_column wpb_content_element  post-formatting\" >\n\t\t<div class=\"wpb_wrapper\">\n\t\t\t<p style=\"text-align: center;\">\n<p class=\"has-text-align-center\" style=\"text-align: center;\">\n<p style=\"text-align: center;\">\n<p class=\"has-text-align-center\" style=\"text-align: center;\"><span style=\"font-size: 16pt; color: #5c6834;\"><span class=\"bolder\">Mariages, \u00e9v\u00e9nements priv\u00e9s et publics, cadeaux d'entreprise, et bien d'autres possibilit\u00e9s encore !<\/span><\/span><\/p>\n<p class=\"has-text-align-center\" style=\"text-align: center;\">\n<p style=\"text-align: center;\"><strong>Tus regalos personalizados<\/strong> \u2026Ofrecemos ediciones limitadas y personalizadas de mermeladas con los frutos de la <a href=\"https:\/\/fr.wikipedia.org\/wiki\/Serra_de_Tramuntana\">Serra de Tramuntana.<\/a>\u00a0De plus, nous proposons des sacs de <a href=\"https:\/\/madresierraproducts.com\/fr\/produits-et-saveurs\/\">notre caf\u00e9<\/a> avec des \u00e9tiquettes personnalis\u00e9es, ainsi qu'une vari\u00e9t\u00e9 de saveurs de produits forestiers comestibles emball\u00e9s pour des occasions sp\u00e9ciales.<\/p>\n<p style=\"text-align: center;\">Que ce soit pour les invit\u00e9s de mariages et autres f\u00eates priv\u00e9es, les clients d'entreprise ou les cadeaux d'\u00e9v\u00e9nements institutionnels, nous sommes ravis de produire des souvenirs gastronomiques pour les amateurs d'artisanat r\u00e9gional.<\/p>\n<p>&nbsp;<\/p>\n<p style=\"text-align: center;\">Escribanos tus deseos, y te dise\u00f1amos una propuesta personalizada !<\/p>\n<p style=\"text-align: center;\"><!-- \/wp:paragraph --><\/p>\n\n\t\t<\/div>\n\t<\/div>\n\n\t<div class=\"wpb_text_column wpb_content_element  post-formatting\" >\n\t\t<div class=\"wpb_wrapper\">\n\t\t\t<p><!-- wp:paragraph {\"align\":\"center\"} --><\/p>\n<p class=\"has-text-align-center\" style=\"text-align: center;\"><span style=\"font-size: 16pt; color: #5c6834;\"><span class=\"bolder\">Services<\/span><\/span><\/p>\n<p style=\"text-align: center;\"><strong>Tu rinc\u00f3n de Caf\u00e9 a la Taza, \u00abCoffee Corner\u00bb para tu evento \u2026<\/strong>\u00a0Organizas un evento ? Tenemos las mejores propuestas para armar un rinc\u00f3n encantador con nuestras cafeteras y baristas para ofrecer a tus invitados o clientes nuestros caf\u00e9s de especialidad, infusiones y tes a la taza, as\u00ed que si lo deseas, dulces o picada salda seg\u00fan tus necesidades.\u00a0<\/p>\n<p><strong>Tus experiencias personalizadas \u2026\u00a0\u00a0<\/strong>Buscar ofrecer a tus queridos, alumnos, clientes, empleados una experiencia \u00fanica acerca del caf\u00e9 ? acerca de la artesan\u00eda alimentaria? De la conservaci\u00f3n de los bosques y la sostenibilidad en cadenas de valores agro alimentarias?\u00a0 Proponemos una gran diversidad de experiencias para compartir con vosotros . Desde talleres sobre el caf\u00e9 de especialidad, sus m\u00e9todos de extracci\u00f3n, y catas , hasta degustaciones de mermeladas y conservas, charlas y conferencias .<\/p>\n<p style=\"text-align: center;\">Demandez un devis personnalis\u00e9 et planifiez nos services d\u00e8s maintenant !<\/p>\n\n\t\t<\/div>\n\t<\/div>\n<div class=\"vc_row wpb_row vc_inner vc_row-fluid text-center\"><div class=\"wpb_column vc_column_container vc_col-sm-12\"><div class=\"vc_column-inner\"><div class=\"wpb_wrapper\"><style data-appended-custom-css=\"true\">.btn-index-1 {background: #5c6834 !important;}<\/style><style data-appended-custom-css=\"true\">.btn-index-1 {color: #ffffff !important;}<\/style><a href=\"mailto: info@madresierraproducts.com\" title=\"Contactez-nous et faites-nous part de votre projet !\" target=\"\" class=\"laborator-btn btn btn-index-1 btn-type-standard  text-center btn-normal vc_custom_1708418460998\">Contactez-nous et faites-nous part de votre projet !<\/a>\n\n\t<div class=\"wpb_text_column wpb_content_element  post-formatting\" >\n\t\t<div class=\"wpb_wrapper\">\n\t\t\t<p style=\"text-align: center;\"><span style=\"font-weight: 400;\">Nous vous attendons avec notre atelier de Banyalbufar en pleine activit\u00e9 pour concr\u00e9tiser et r\u00e9aliser avec amour et conscience votre commande !<\/span><\/p>\n\n\t\t<\/div>\n\t<\/div>\n<div class=\"wpb_gallery wpb_content_element vc_clearfix wpb_animate_when_almost_visible wpb_fadeIn fadeIn\" ><div class=\"wpb_wrapper\"><div class=\"wpb_gallery_slides wpb_flexslider flexslider_fade flexslider\" data-interval=\"5\" data-flex_fx=\"fade\"><ul class=\"slides\"><li><a href=\"https:\/\/madresierraproducts.com\/wp-content\/uploads\/2024\/02\/regalos-invitado-boda-madre-sierra.png\" target=\"_blank\"><img loading=\"lazy\" decoding=\"async\" class=\"\" src=\"https:\/\/madresierraproducts.com\/wp-content\/uploads\/2024\/02\/regalos-invitado-boda-madre-sierra-451x596.png\" width=\"451\" height=\"596\" alt=\"Regalo Invitado Boda Madre Sierra\" title=\"regalos-invitado-boda-madre-sierra\" \/><\/a><\/li><li><a href=\"https:\/\/madresierraproducts.com\/wp-content\/uploads\/2024\/02\/cafe-biologico-madresierra-e1710419299135.png\" target=\"_blank\"><img loading=\"lazy\" decoding=\"async\" class=\"\" src=\"https:\/\/madresierraproducts.com\/wp-content\/uploads\/2024\/02\/cafe-biologico-madresierra-e1710419299135-451x596.png\" width=\"451\" height=\"596\" alt=\"Caf\u00e9 Biol\u00f3gico Madre Sierra\" title=\"cafe-biologico-madresierra\" \/><\/a><\/li><li><a href=\"https:\/\/madresierraproducts.com\/wp-content\/uploads\/2025\/01\/@noeliasobrino_photography-3104-1024x683.jpg\" target=\"_blank\"><img loading=\"lazy\" decoding=\"async\" class=\"\" src=\"https:\/\/madresierraproducts.com\/wp-content\/uploads\/2025\/01\/@noeliasobrino_photography-3104-scaled-451x596.jpg\" width=\"451\" height=\"596\" alt=\"@noeliasobrino_photography-3104\" title=\"@noeliasobrino_photography-3104\" \/><\/a><\/li><li><a href=\"https:\/\/madresierraproducts.com\/wp-content\/uploads\/2025\/01\/IMG-20220603-WA0046-768x1024.jpg\" target=\"_blank\"><img loading=\"lazy\" decoding=\"async\" class=\"\" src=\"https:\/\/madresierraproducts.com\/wp-content\/uploads\/2025\/01\/IMG-20220603-WA0046-451x596.jpg\" width=\"451\" height=\"596\" alt=\"IMG-20220603-WA0046\" title=\"IMG-20220603-WA0046\" \/><\/a><\/li><li><a href=\"https:\/\/madresierraproducts.com\/wp-content\/uploads\/2025\/01\/IMG-20240910-WA0048-1024x683.jpg\" target=\"_blank\"><img loading=\"lazy\" decoding=\"async\" class=\"\" src=\"https:\/\/madresierraproducts.com\/wp-content\/uploads\/2025\/01\/IMG-20240910-WA0048-451x596.jpg\" width=\"451\" height=\"596\" alt=\"IMG-20240910-WA0048\" title=\"IMG-20240910-WA0048\" \/><\/a><\/li><li><a href=\"https:\/\/madresierraproducts.com\/wp-content\/uploads\/2025\/01\/IMG-20240910-WA0049-1024x683.jpg\" target=\"_blank\"><img loading=\"lazy\" decoding=\"async\" class=\"\" src=\"https:\/\/madresierraproducts.com\/wp-content\/uploads\/2025\/01\/IMG-20240910-WA0049-451x596.jpg\" width=\"451\" height=\"596\" alt=\"IMG-20240910-WA0049\" title=\"IMG-20240910-WA0049\" \/><\/a><\/li><li><a href=\"https:\/\/madresierraproducts.com\/wp-content\/uploads\/2023\/02\/feriadebodas_son_sama_philippkuhnphoto_279-683x1024.jpg\" target=\"_blank\"><img loading=\"lazy\" decoding=\"async\" class=\"\" src=\"https:\/\/madresierraproducts.com\/wp-content\/uploads\/2023\/02\/feriadebodas_son_sama_philippkuhnphoto_279-scaled-451x596.jpg\" width=\"451\" height=\"596\" alt=\"Caf\u00e9 Biol\u00f3gico Madre Sierra\" title=\"Caf\u00e9 Biol\u00f3gico Madre Sierra\" \/><\/a><\/li><\/ul><\/div><\/div><\/div><\/div><\/div><\/div><\/div><\/div><\/div><\/div><\/div><\/div><div class=\"vc-row-container container parent--text-center\"><div class=\"vc_row wpb_row vc_row-fluid text-center vc_row-o-content-middle vc_row-flex\"><div class=\"wpb_column vc_column_container vc_col-sm-12\"><div class=\"vc_column-inner\"><div class=\"wpb_wrapper\"><style data-appended-custom-css=\"true\">.btn-index-2 {background: #5c6834 !important;}<\/style><style data-appended-custom-css=\"true\">.btn-index-2 {color: #ffffff !important;}<\/style><a href=\"https:\/\/madresierraproducts.com\/wp-content\/uploads\/2023\/06\/Madre-Sierra-Pedidos-Personalizados.pdf\" title=\"Liste des Produits et Services\" target=\"\" class=\"laborator-btn btn btn-index-2 btn-type-standard  btn-normal vc_custom_1708418326867\">Liste des Produits et Services<\/a>\n<div class=\"vc_empty_space\"   style=\"height: 32px\"><span class=\"vc_empty_space_inner\"><\/span><\/div><\/div><\/div><\/div><div class=\"wpb_column vc_column_container vc_col-sm-12\"><div class=\"vc_column-inner\"><div class=\"wpb_wrapper\"><\/div><\/div><\/div><\/div><\/div>","protected":false},"excerpt":{"rendered":"Pedidos personalizados y Servicios Regala productos conscientes artesanales y selectos a tus invitados y clientes \u00a1Bodas, Eventos privados y p\u00fablicos, Regalos de empresa, y m\u00e1s posibilidades! Tus regalos personalizados \u2026Ofrecemos ediciones limitadas y personalizadas de mermeladas con los frutos de la Serra de Tramuntana.\u00a0Adem\u00e1s, disponemos de bolsas de nuestro caf\u00e9 con etiquetas personalizadas, y una&hellip;","protected":false},"author":1,"featured_media":1803,"parent":0,"menu_order":0,"comment_status":"closed","ping_status":"closed","template":"","meta":{"footnotes":""},"yoast_head":"<!-- This site is optimized with the Yoast SEO plugin v22.7 - https:\/\/yoast.com\/wordpress\/plugins\/seo\/ -->\n<title>Pedidos personalizados y Servicios | Madre Sierra Products<\/title>\n<meta name=\"description\" content=\"Madre Sierra Products: Servicios y pedidos personalizados. \u00a1Crea experiencias \u00fanicas con nuestros productos a medida! Cont\u00e1ctanos.\" \/>\n<meta name=\"robots\" content=\"index, follow, max-snippet:-1, max-image-preview:large, max-video-preview:-1\" \/>\n<link rel=\"canonical\" href=\"https:\/\/madresierraproducts.com\/fr\/pedidos-personalizados\/\" \/>\n<meta property=\"og:locale\" content=\"fr_FR\" \/>\n<meta property=\"og:type\" content=\"article\" \/>\n<meta property=\"og:title\" content=\"Pedidos personalizados y Servicios | Madre Sierra Products\" \/>\n<meta property=\"og:description\" content=\"Madre Sierra Products: Servicios y pedidos personalizados. \u00a1Crea experiencias \u00fanicas con nuestros productos a medida! Cont\u00e1ctanos.\" \/>\n<meta property=\"og:url\" content=\"https:\/\/madresierraproducts.com\/fr\/pedidos-personalizados\/\" \/>\n<meta property=\"og:site_name\" content=\"Madre Sierra Products\" \/>\n<meta property=\"article:publisher\" content=\"https:\/\/www.facebook.com\/madresierraproducts\/\" \/>\n<meta property=\"article:modified_time\" content=\"2025-01-08T10:12:44+00:00\" \/>\n<meta property=\"og:image\" content=\"https:\/\/madresierraproducts.com\/wp-content\/uploads\/2025\/01\/IMG-20240910-WA0048.jpg\" \/>\n\t<meta property=\"og:image:width\" content=\"1600\" \/>\n\t<meta property=\"og:image:height\" content=\"1067\" \/>\n\t<meta property=\"og:image:type\" content=\"image\/jpeg\" \/>\n<meta name=\"twitter:card\" content=\"summary_large_image\" \/>\n<meta name=\"twitter:label1\" content=\"Dur\u00e9e de lecture estim\u00e9e\" \/>\n\t<meta name=\"twitter:data1\" content=\"2 minutes\" \/>\n<script type=\"application\/ld+json\" class=\"yoast-schema-graph\">{\"@context\":\"https:\/\/schema.org\",\"@graph\":[{\"@type\":\"WebPage\",\"@id\":\"https:\/\/madresierraproducts.com\/pedidos-personalizados\/\",\"url\":\"https:\/\/madresierraproducts.com\/pedidos-personalizados\/\",\"name\":\"Pedidos personalizados y Servicios | Madre Sierra Products\",\"isPartOf\":{\"@id\":\"https:\/\/madresierraproducts.com\/es\/#website\"},\"primaryImageOfPage\":{\"@id\":\"https:\/\/madresierraproducts.com\/pedidos-personalizados\/#primaryimage\"},\"image\":{\"@id\":\"https:\/\/madresierraproducts.com\/pedidos-personalizados\/#primaryimage\"},\"thumbnailUrl\":\"https:\/\/madresierraproducts.com\/wp-content\/uploads\/2025\/01\/IMG-20240910-WA0048.jpg\",\"datePublished\":\"2023-02-15T14:15:08+00:00\",\"dateModified\":\"2025-01-08T10:12:44+00:00\",\"description\":\"Madre Sierra Products: Servicios y pedidos personalizados. \u00a1Crea experiencias \u00fanicas con nuestros productos a medida! Cont\u00e1ctanos.\",\"breadcrumb\":{\"@id\":\"https:\/\/madresierraproducts.com\/pedidos-personalizados\/#breadcrumb\"},\"inLanguage\":\"fr-FR\",\"potentialAction\":[{\"@type\":\"ReadAction\",\"target\":[\"https:\/\/madresierraproducts.com\/pedidos-personalizados\/\"]}]},{\"@type\":\"ImageObject\",\"inLanguage\":\"fr-FR\",\"@id\":\"https:\/\/madresierraproducts.com\/pedidos-personalizados\/#primaryimage\",\"url\":\"https:\/\/madresierraproducts.com\/wp-content\/uploads\/2025\/01\/IMG-20240910-WA0048.jpg\",\"contentUrl\":\"https:\/\/madresierraproducts.com\/wp-content\/uploads\/2025\/01\/IMG-20240910-WA0048.jpg\",\"width\":1600,\"height\":1067},{\"@type\":\"BreadcrumbList\",\"@id\":\"https:\/\/madresierraproducts.com\/pedidos-personalizados\/#breadcrumb\",\"itemListElement\":[{\"@type\":\"ListItem\",\"position\":1,\"name\":\"Home\",\"item\":\"https:\/\/madresierraproducts.com\/\"},{\"@type\":\"ListItem\",\"position\":2,\"name\":\"Pedidos personalizados y Servicios\"}]},{\"@type\":\"WebSite\",\"@id\":\"https:\/\/madresierraproducts.com\/es\/#website\",\"url\":\"https:\/\/madresierraproducts.com\/es\/\",\"name\":\"Madre Sierra Products\",\"description\":\"Valorando saberes tradicionales y recursos naturales de Bosques y Sierras del Mundo\",\"publisher\":{\"@id\":\"https:\/\/madresierraproducts.com\/es\/#organization\"},\"potentialAction\":[{\"@type\":\"SearchAction\",\"target\":{\"@type\":\"EntryPoint\",\"urlTemplate\":\"https:\/\/madresierraproducts.com\/es\/?s={search_term_string}\"},\"query-input\":\"required name=search_term_string\"}],\"inLanguage\":\"fr-FR\"},{\"@type\":\"Organization\",\"@id\":\"https:\/\/madresierraproducts.com\/es\/#organization\",\"name\":\"Madre Sierra Products\",\"url\":\"https:\/\/madresierraproducts.com\/es\/\",\"logo\":{\"@type\":\"ImageObject\",\"inLanguage\":\"fr-FR\",\"@id\":\"https:\/\/madresierraproducts.com\/es\/#\/schema\/logo\/image\/\",\"url\":\"https:\/\/madresierraproducts.com\/wp-content\/uploads\/2020\/05\/Logo_MadreSierra_Web.png\",\"contentUrl\":\"https:\/\/madresierraproducts.com\/wp-content\/uploads\/2020\/05\/Logo_MadreSierra_Web.png\",\"width\":667,\"height\":509,\"caption\":\"Madre Sierra Products\"},\"image\":{\"@id\":\"https:\/\/madresierraproducts.com\/es\/#\/schema\/logo\/image\/\"},\"sameAs\":[\"https:\/\/www.facebook.com\/madresierraproducts\/\",\"https:\/\/www.instagram.com\/madre_sierra_products\/\"]}]}<\/script>\n<!-- \/ Yoast SEO plugin. -->","yoast_head_json":{"title":"Pedidos personalizados y Servicios | Madre Sierra Products","description":"Madre Sierra Products: Servicios y pedidos personalizados. \u00a1Crea experiencias \u00fanicas con nuestros productos a medida! Cont\u00e1ctanos.","robots":{"index":"index","follow":"follow","max-snippet":"max-snippet:-1","max-image-preview":"max-image-preview:large","max-video-preview":"max-video-preview:-1"},"canonical":"https:\/\/madresierraproducts.com\/fr\/pedidos-personalizados\/","og_locale":"fr_FR","og_type":"article","og_title":"Pedidos personalizados y Servicios | Madre Sierra Products","og_description":"Madre Sierra Products: Servicios y pedidos personalizados. \u00a1Crea experiencias \u00fanicas con nuestros productos a medida! Cont\u00e1ctanos.","og_url":"https:\/\/madresierraproducts.com\/fr\/pedidos-personalizados\/","og_site_name":"Madre Sierra Products","article_publisher":"https:\/\/www.facebook.com\/madresierraproducts\/","article_modified_time":"2025-01-08T10:12:44+00:00","og_image":[{"width":1600,"height":1067,"url":"https:\/\/madresierraproducts.com\/wp-content\/uploads\/2025\/01\/IMG-20240910-WA0048.jpg","type":"image\/jpeg"}],"twitter_card":"summary_large_image","twitter_misc":{"Dur\u00e9e de lecture estim\u00e9e":"2 minutes"},"schema":{"@context":"https:\/\/schema.org","@graph":[{"@type":"WebPage","@id":"https:\/\/madresierraproducts.com\/pedidos-personalizados\/","url":"https:\/\/madresierraproducts.com\/pedidos-personalizados\/","name":"Pedidos personalizados y Servicios | Madre Sierra Products","isPartOf":{"@id":"https:\/\/madresierraproducts.com\/es\/#website"},"primaryImageOfPage":{"@id":"https:\/\/madresierraproducts.com\/pedidos-personalizados\/#primaryimage"},"image":{"@id":"https:\/\/madresierraproducts.com\/pedidos-personalizados\/#primaryimage"},"thumbnailUrl":"https:\/\/madresierraproducts.com\/wp-content\/uploads\/2025\/01\/IMG-20240910-WA0048.jpg","datePublished":"2023-02-15T14:15:08+00:00","dateModified":"2025-01-08T10:12:44+00:00","description":"Madre Sierra Products: Servicios y pedidos personalizados. \u00a1Crea experiencias \u00fanicas con nuestros productos a medida! Cont\u00e1ctanos.","breadcrumb":{"@id":"https:\/\/madresierraproducts.com\/pedidos-personalizados\/#breadcrumb"},"inLanguage":"fr-FR","potentialAction":[{"@type":"ReadAction","target":["https:\/\/madresierraproducts.com\/pedidos-personalizados\/"]}]},{"@type":"ImageObject","inLanguage":"fr-FR","@id":"https:\/\/madresierraproducts.com\/pedidos-personalizados\/#primaryimage","url":"https:\/\/madresierraproducts.com\/wp-content\/uploads\/2025\/01\/IMG-20240910-WA0048.jpg","contentUrl":"https:\/\/madresierraproducts.com\/wp-content\/uploads\/2025\/01\/IMG-20240910-WA0048.jpg","width":1600,"height":1067},{"@type":"BreadcrumbList","@id":"https:\/\/madresierraproducts.com\/pedidos-personalizados\/#breadcrumb","itemListElement":[{"@type":"ListItem","position":1,"name":"Home","item":"https:\/\/madresierraproducts.com\/"},{"@type":"ListItem","position":2,"name":"Pedidos personalizados y Servicios"}]},{"@type":"WebSite","@id":"https:\/\/madresierraproducts.com\/es\/#website","url":"https:\/\/madresierraproducts.com\/es\/","name":"Madre Sierra Products","description":"Valorando saberes tradicionales y recursos naturales de Bosques y Sierras del Mundo","publisher":{"@id":"https:\/\/madresierraproducts.com\/es\/#organization"},"potentialAction":[{"@type":"SearchAction","target":{"@type":"EntryPoint","urlTemplate":"https:\/\/madresierraproducts.com\/es\/?s={search_term_string}"},"query-input":"required name=search_term_string"}],"inLanguage":"fr-FR"},{"@type":"Organization","@id":"https:\/\/madresierraproducts.com\/es\/#organization","name":"Madre Sierra Products","url":"https:\/\/madresierraproducts.com\/es\/","logo":{"@type":"ImageObject","inLanguage":"fr-FR","@id":"https:\/\/madresierraproducts.com\/es\/#\/schema\/logo\/image\/","url":"https:\/\/madresierraproducts.com\/wp-content\/uploads\/2020\/05\/Logo_MadreSierra_Web.png","contentUrl":"https:\/\/madresierraproducts.com\/wp-content\/uploads\/2020\/05\/Logo_MadreSierra_Web.png","width":667,"height":509,"caption":"Madre Sierra Products"},"image":{"@id":"https:\/\/madresierraproducts.com\/es\/#\/schema\/logo\/image\/"},"sameAs":["https:\/\/www.facebook.com\/madresierraproducts\/","https:\/\/www.instagram.com\/madre_sierra_products\/"]}]}},"_links":{"self":[{"href":"https:\/\/madresierraproducts.com\/fr\/wp-json\/wp\/v2\/pages\/1446"}],"collection":[{"href":"https:\/\/madresierraproducts.com\/fr\/wp-json\/wp\/v2\/pages"}],"about":[{"href":"https:\/\/madresierraproducts.com\/fr\/wp-json\/wp\/v2\/types\/page"}],"author":[{"embeddable":true,"href":"https:\/\/madresierraproducts.com\/fr\/wp-json\/wp\/v2\/users\/1"}],"replies":[{"embeddable":true,"href":"https:\/\/madresierraproducts.com\/fr\/wp-json\/wp\/v2\/comments?post=1446"}],"version-history":[{"count":65,"href":"https:\/\/madresierraproducts.com\/fr\/wp-json\/wp\/v2\/pages\/1446\/revisions"}],"predecessor-version":[{"id":1805,"href":"https:\/\/madresierraproducts.com\/fr\/wp-json\/wp\/v2\/pages\/1446\/revisions\/1805"}],"wp:featuredmedia":[{"embeddable":true,"href":"https:\/\/madresierraproducts.com\/fr\/wp-json\/wp\/v2\/media\/1803"}],"wp:attachment":[{"href":"https:\/\/madresierraproducts.com\/fr\/wp-json\/wp\/v2\/media?parent=1446"}],"curies":[{"name":"wp","href":"https:\/\/api.w.org\/{rel}","templated":true}]}}