{"id":996,"date":"2020-10-06T14:48:28","date_gmt":"2020-10-06T12:48:28","guid":{"rendered":"https:\/\/madresierraproducts.com\/?post_type=product&#038;p=996"},"modified":"2024-01-21T05:35:11","modified_gmt":"2024-01-21T04:35:11","slug":"guayavi","status":"publish","type":"product","link":"https:\/\/madresierraproducts.com\/es\/producto\/guayavi\/","title":{"rendered":"Guayavi C\u00e1psulas"},"content":{"rendered":"<p class=\"p1\">El complejo Guayavi es una sinergia de los superalimentos y plantas m\u00e1s antioxidantes del Amazonas. La acerola, la gomera, el camu camu y el urucum le dan una gran cantidad de vitamina C, E, pro-A y minerales raros. Estas tabletas le permitir\u00e1n proteger sus c\u00e9lulas contra el estr\u00e9s oxidativo y contribuir\u00e1n al buen funcionamiento de su sistema inmunol\u00f3gico, a la vez que tienen un poder antienvejecimiento. Madre Sierra Products y Guayapi le proponen un suplemento alimenticio natural con propiedades excepcionales.<\/p>\n<p>&nbsp;<\/p>\n<p><strong>Ingredientes:<\/strong><\/p>\n<table style=\"width: 0%; height: 192px;\" width=\"559\">\n<tbody>\n<tr style=\"height: 24px;\">\n<td style=\"width: 27.0271%; height: 192px; text-align: left;\" rowspan=\"6\" width=\"256\"><\/td>\n<td style=\"width: 54.3909%; height: 24px;\" width=\"237\"><span style=\"font-size: 10pt;\">Polvo puro de plantas :<\/span><\/td>\n<td style=\"width: 97.211%; height: 24px;\" width=\"66\"><span style=\"font-size: 10pt;\">99,7%<\/span><\/td>\n<\/tr>\n<tr style=\"height: 24px;\">\n<td style=\"width: 54.3909%; height: 24px;\"><span style=\"font-size: 10pt;\">Acerola (Malpighia glabra)<\/span><\/td>\n<td style=\"width: 97.211%; height: 24px;\"><\/td>\n<\/tr>\n<tr style=\"height: 24px;\">\n<td style=\"width: 54.3909%; height: 24px;\" width=\"237\"><span style=\"font-size: 10pt;\">Urucum (Bixa Orellana)<\/span><\/td>\n<td style=\"width: 97.211%; height: 24px;\"><\/td>\n<\/tr>\n<tr style=\"height: 24px;\">\n<td style=\"width: 54.3909%; height: 24px;\" width=\"237\"><span style=\"font-size: 10pt;\">Gomphrena (Gomphrena officialis)<\/span><\/td>\n<td style=\"width: 97.211%; height: 24px;\"><\/td>\n<\/tr>\n<tr style=\"height: 24px;\">\n<td style=\"width: 54.3909%; height: 24px;\"><span style=\"font-size: 10pt;\">A\u00e7a\u00ef (Euterpe Oleracea)<\/span><\/td>\n<td style=\"width: 97.211%; height: 24px;\"><\/td>\n<\/tr>\n<tr style=\"height: 24px;\">\n<td style=\"width: 54.3909%; height: 24px;\" width=\"237\"><span style=\"font-size: 10pt;\">Agente antiaglomerante di\u00f3xido de silicio E551<\/span><\/td>\n<td style=\"width: 97.211%; height: 24px;\"><span style=\"font-size: 10pt;\">0,30%<\/span><\/td>\n<\/tr>\n<\/tbody>\n<\/table>\n<p>&nbsp;<\/p>\n<table style=\"width: 61%;\" width=\"559\">\n<tbody>\n<tr>\n<td style=\"width: 51.6994%;\" width=\"256\"><strong>Informaci\u00f3n nutricional por 100g:<\/strong><\/td>\n<td style=\"width: 26.297%;\" width=\"237\"><span style=\"font-size: 10pt;\">Valor energ\u00e9tico<\/span><\/td>\n<td style=\"width: 20.2147%;\" width=\"66\"><span style=\"font-size: 10pt;\">377 kcal<\/span><\/td>\n<\/tr>\n<tr>\n<td style=\"width: 51.6994%;\"><\/td>\n<td style=\"width: 26.297%;\"><span style=\"font-size: 10pt;\">Grasas<\/span><\/td>\n<td style=\"width: 20.2147%;\"><span style=\"font-size: 10pt;\">6,96 g<\/span><\/td>\n<\/tr>\n<tr>\n<td style=\"width: 51.6994%;\"><\/td>\n<td style=\"width: 26.297%;\"><span style=\"font-size: 10pt;\">de las cuales saturadas<\/span><\/td>\n<td style=\"width: 20.2147%;\"><span style=\"font-size: 10pt;\">1,94 g<\/span><\/td>\n<\/tr>\n<tr>\n<td style=\"width: 51.6994%;\"><\/td>\n<td style=\"width: 26.297%;\"><span style=\"font-size: 10pt;\">Hidratos de carbono<\/span><\/td>\n<td style=\"width: 20.2147%;\"><span style=\"font-size: 10pt;\">72,2 g<\/span><\/td>\n<\/tr>\n<tr>\n<td style=\"width: 51.6994%;\"><\/td>\n<td style=\"width: 26.297%;\"><span style=\"font-size: 10pt;\">de los cuales az\u00facares<\/span><\/td>\n<td style=\"width: 20.2147%;\"><span style=\"font-size: 10pt;\">2,47 g<\/span><\/td>\n<\/tr>\n<tr>\n<td style=\"width: 51.6994%;\"><\/td>\n<td style=\"width: 26.297%;\"><span style=\"font-size: 10pt;\">Fibra alimentaria<\/span><\/td>\n<td style=\"width: 20.2147%;\"><span style=\"font-size: 10pt;\">0 g<\/span><\/td>\n<\/tr>\n<tr>\n<td style=\"width: 51.6994%;\"><\/td>\n<td style=\"width: 26.297%;\"><span style=\"font-size: 10pt;\">Prote\u00ednas<\/span><\/td>\n<td style=\"width: 20.2147%;\"><span style=\"font-size: 10pt;\">6,35 g<\/span><\/td>\n<\/tr>\n<tr>\n<td style=\"width: 51.6994%;\"><\/td>\n<td style=\"width: 26.297%;\"><span style=\"font-size: 10pt;\">Sal<\/span><\/td>\n<td style=\"width: 20.2147%;\"><span style=\"font-size: 10pt;\">0,04 g<\/span><\/td>\n<\/tr>\n<\/tbody>\n<\/table>\n","protected":false},"excerpt":{"rendered":"<p>Estas tabletas le permitir\u00e1n proteger sus c\u00e9lulas contra el estr\u00e9s oxidativo y contribuir\u00e1n al buen funcionamiento de su sistema inmunol\u00f3gico, a la vez que tienen un poder antienvejecimiento.<\/p>\n<p>100 c\u00e1psulas de 500 mg<\/p>\n<p>Peso env\u00edo: 84 g<\/p>\n","protected":false},"featured_media":1261,"comment_status":"open","ping_status":"closed","template":"","meta":[],"product_cat":[16,75],"product_tag":[115,108,90,89,92],"yoast_head":"<!-- This site is optimized with the Yoast SEO plugin v22.7 - https:\/\/yoast.com\/wordpress\/plugins\/seo\/ -->\n<title>Guayavi C\u00e1psulas Guayapi | Madre Sierra Products<\/title>\n<meta name=\"description\" content=\"El complejo Guayavi es una sinergia de los superalimentos y plantas m\u00e1s antioxidantes del Amazonas. Suplemento alimenticio natural\" \/>\n<meta name=\"robots\" content=\"index, follow, max-snippet:-1, max-image-preview:large, max-video-preview:-1\" \/>\n<link rel=\"canonical\" href=\"https:\/\/madresierraproducts.com\/es\/producto\/guayavi\/\" \/>\n<meta property=\"og:locale\" content=\"es_ES\" \/>\n<meta property=\"og:type\" content=\"article\" \/>\n<meta property=\"og:title\" content=\"Guayavi C\u00e1psulas Guayapi | Madre Sierra Products\" \/>\n<meta property=\"og:description\" content=\"El complejo Guayavi es una sinergia de los superalimentos y plantas m\u00e1s antioxidantes del Amazonas. Suplemento alimenticio natural\" \/>\n<meta property=\"og:url\" content=\"https:\/\/madresierraproducts.com\/es\/producto\/guayavi\/\" \/>\n<meta property=\"og:site_name\" content=\"Madre Sierra Products\" \/>\n<meta property=\"article:publisher\" content=\"https:\/\/www.facebook.com\/madresierraproducts\/\" \/>\n<meta property=\"article:modified_time\" content=\"2024-01-21T04:35:11+00:00\" \/>\n<meta property=\"og:image\" content=\"https:\/\/madresierraproducts.com\/wp-content\/uploads\/2020\/10\/madre-sierra-products-guayapi-complexe-guayavi.jpg\" \/>\n\t<meta property=\"og:image:width\" content=\"800\" \/>\n\t<meta property=\"og:image:height\" content=\"800\" \/>\n\t<meta property=\"og:image:type\" content=\"image\/jpeg\" \/>\n<meta name=\"twitter:card\" content=\"summary_large_image\" \/>\n<meta name=\"twitter:label1\" content=\"Tiempo de lectura\" \/>\n\t<meta name=\"twitter:data1\" content=\"1 minuto\" \/>\n<script type=\"application\/ld+json\" class=\"yoast-schema-graph\">{\"@context\":\"https:\/\/schema.org\",\"@graph\":[{\"@type\":\"WebPage\",\"@id\":\"https:\/\/madresierraproducts.com\/producto\/guayavi\/\",\"url\":\"https:\/\/madresierraproducts.com\/producto\/guayavi\/\",\"name\":\"Guayavi C\u00e1psulas Guayapi | Madre Sierra Products\",\"isPartOf\":{\"@id\":\"https:\/\/madresierraproducts.com\/es\/#website\"},\"primaryImageOfPage\":{\"@id\":\"https:\/\/madresierraproducts.com\/producto\/guayavi\/#primaryimage\"},\"image\":{\"@id\":\"https:\/\/madresierraproducts.com\/producto\/guayavi\/#primaryimage\"},\"thumbnailUrl\":\"https:\/\/madresierraproducts.com\/wp-content\/uploads\/2020\/10\/madre-sierra-products-guayapi-complexe-guayavi.jpg\",\"datePublished\":\"2020-10-06T12:48:28+00:00\",\"dateModified\":\"2024-01-21T04:35:11+00:00\",\"description\":\"El complejo Guayavi es una sinergia de los superalimentos y plantas m\u00e1s antioxidantes del Amazonas. Suplemento alimenticio natural\",\"breadcrumb\":{\"@id\":\"https:\/\/madresierraproducts.com\/producto\/guayavi\/#breadcrumb\"},\"inLanguage\":\"es\",\"potentialAction\":[{\"@type\":\"ReadAction\",\"target\":[\"https:\/\/madresierraproducts.com\/producto\/guayavi\/\"]}]},{\"@type\":\"ImageObject\",\"inLanguage\":\"es\",\"@id\":\"https:\/\/madresierraproducts.com\/producto\/guayavi\/#primaryimage\",\"url\":\"https:\/\/madresierraproducts.com\/wp-content\/uploads\/2020\/10\/madre-sierra-products-guayapi-complexe-guayavi.jpg\",\"contentUrl\":\"https:\/\/madresierraproducts.com\/wp-content\/uploads\/2020\/10\/madre-sierra-products-guayapi-complexe-guayavi.jpg\",\"width\":800,\"height\":800,\"caption\":\"Guayapi complexe guayavi\"},{\"@type\":\"BreadcrumbList\",\"@id\":\"https:\/\/madresierraproducts.com\/producto\/guayavi\/#breadcrumb\",\"itemListElement\":[{\"@type\":\"ListItem\",\"position\":1,\"name\":\"Home\",\"item\":\"https:\/\/madresierraproducts.com\/\"},{\"@type\":\"ListItem\",\"position\":2,\"name\":\"Tienda\",\"item\":\"https:\/\/madresierraproducts.com\/tienda\/\"},{\"@type\":\"ListItem\",\"position\":3,\"name\":\"Guayavi C\u00e1psulas\"}]},{\"@type\":\"WebSite\",\"@id\":\"https:\/\/madresierraproducts.com\/es\/#website\",\"url\":\"https:\/\/madresierraproducts.com\/es\/\",\"name\":\"Madre Sierra Products\",\"description\":\"Valorando saberes tradicionales y recursos naturales de Bosques y Sierras del Mundo\",\"publisher\":{\"@id\":\"https:\/\/madresierraproducts.com\/es\/#organization\"},\"potentialAction\":[{\"@type\":\"SearchAction\",\"target\":{\"@type\":\"EntryPoint\",\"urlTemplate\":\"https:\/\/madresierraproducts.com\/es\/?s={search_term_string}\"},\"query-input\":\"required name=search_term_string\"}],\"inLanguage\":\"es\"},{\"@type\":\"Organization\",\"@id\":\"https:\/\/madresierraproducts.com\/es\/#organization\",\"name\":\"Madre Sierra Products\",\"url\":\"https:\/\/madresierraproducts.com\/es\/\",\"logo\":{\"@type\":\"ImageObject\",\"inLanguage\":\"es\",\"@id\":\"https:\/\/madresierraproducts.com\/es\/#\/schema\/logo\/image\/\",\"url\":\"https:\/\/madresierraproducts.com\/wp-content\/uploads\/2020\/05\/Logo_MadreSierra_Web.png\",\"contentUrl\":\"https:\/\/madresierraproducts.com\/wp-content\/uploads\/2020\/05\/Logo_MadreSierra_Web.png\",\"width\":667,\"height\":509,\"caption\":\"Madre Sierra Products\"},\"image\":{\"@id\":\"https:\/\/madresierraproducts.com\/es\/#\/schema\/logo\/image\/\"},\"sameAs\":[\"https:\/\/www.facebook.com\/madresierraproducts\/\",\"https:\/\/www.instagram.com\/madre_sierra_products\/\"]}]}<\/script>\n<!-- \/ Yoast SEO plugin. -->","yoast_head_json":{"title":"Guayavi C\u00e1psulas Guayapi | Madre Sierra Products","description":"El complejo Guayavi es una sinergia de los superalimentos y plantas m\u00e1s antioxidantes del Amazonas. Suplemento alimenticio natural","robots":{"index":"index","follow":"follow","max-snippet":"max-snippet:-1","max-image-preview":"max-image-preview:large","max-video-preview":"max-video-preview:-1"},"canonical":"https:\/\/madresierraproducts.com\/es\/producto\/guayavi\/","og_locale":"es_ES","og_type":"article","og_title":"Guayavi C\u00e1psulas Guayapi | Madre Sierra Products","og_description":"El complejo Guayavi es una sinergia de los superalimentos y plantas m\u00e1s antioxidantes del Amazonas. Suplemento alimenticio natural","og_url":"https:\/\/madresierraproducts.com\/es\/producto\/guayavi\/","og_site_name":"Madre Sierra Products","article_publisher":"https:\/\/www.facebook.com\/madresierraproducts\/","article_modified_time":"2024-01-21T04:35:11+00:00","og_image":[{"width":800,"height":800,"url":"https:\/\/madresierraproducts.com\/wp-content\/uploads\/2020\/10\/madre-sierra-products-guayapi-complexe-guayavi.jpg","type":"image\/jpeg"}],"twitter_card":"summary_large_image","twitter_misc":{"Tiempo de lectura":"1 minuto"},"schema":{"@context":"https:\/\/schema.org","@graph":[{"@type":"WebPage","@id":"https:\/\/madresierraproducts.com\/producto\/guayavi\/","url":"https:\/\/madresierraproducts.com\/producto\/guayavi\/","name":"Guayavi C\u00e1psulas Guayapi | Madre Sierra Products","isPartOf":{"@id":"https:\/\/madresierraproducts.com\/es\/#website"},"primaryImageOfPage":{"@id":"https:\/\/madresierraproducts.com\/producto\/guayavi\/#primaryimage"},"image":{"@id":"https:\/\/madresierraproducts.com\/producto\/guayavi\/#primaryimage"},"thumbnailUrl":"https:\/\/madresierraproducts.com\/wp-content\/uploads\/2020\/10\/madre-sierra-products-guayapi-complexe-guayavi.jpg","datePublished":"2020-10-06T12:48:28+00:00","dateModified":"2024-01-21T04:35:11+00:00","description":"El complejo Guayavi es una sinergia de los superalimentos y plantas m\u00e1s antioxidantes del Amazonas. Suplemento alimenticio natural","breadcrumb":{"@id":"https:\/\/madresierraproducts.com\/producto\/guayavi\/#breadcrumb"},"inLanguage":"es","potentialAction":[{"@type":"ReadAction","target":["https:\/\/madresierraproducts.com\/producto\/guayavi\/"]}]},{"@type":"ImageObject","inLanguage":"es","@id":"https:\/\/madresierraproducts.com\/producto\/guayavi\/#primaryimage","url":"https:\/\/madresierraproducts.com\/wp-content\/uploads\/2020\/10\/madre-sierra-products-guayapi-complexe-guayavi.jpg","contentUrl":"https:\/\/madresierraproducts.com\/wp-content\/uploads\/2020\/10\/madre-sierra-products-guayapi-complexe-guayavi.jpg","width":800,"height":800,"caption":"Guayapi complexe guayavi"},{"@type":"BreadcrumbList","@id":"https:\/\/madresierraproducts.com\/producto\/guayavi\/#breadcrumb","itemListElement":[{"@type":"ListItem","position":1,"name":"Home","item":"https:\/\/madresierraproducts.com\/"},{"@type":"ListItem","position":2,"name":"Tienda","item":"https:\/\/madresierraproducts.com\/tienda\/"},{"@type":"ListItem","position":3,"name":"Guayavi C\u00e1psulas"}]},{"@type":"WebSite","@id":"https:\/\/madresierraproducts.com\/es\/#website","url":"https:\/\/madresierraproducts.com\/es\/","name":"Madre Sierra Products","description":"Valorando saberes tradicionales y recursos naturales de Bosques y Sierras del Mundo","publisher":{"@id":"https:\/\/madresierraproducts.com\/es\/#organization"},"potentialAction":[{"@type":"SearchAction","target":{"@type":"EntryPoint","urlTemplate":"https:\/\/madresierraproducts.com\/es\/?s={search_term_string}"},"query-input":"required name=search_term_string"}],"inLanguage":"es"},{"@type":"Organization","@id":"https:\/\/madresierraproducts.com\/es\/#organization","name":"Madre Sierra Products","url":"https:\/\/madresierraproducts.com\/es\/","logo":{"@type":"ImageObject","inLanguage":"es","@id":"https:\/\/madresierraproducts.com\/es\/#\/schema\/logo\/image\/","url":"https:\/\/madresierraproducts.com\/wp-content\/uploads\/2020\/05\/Logo_MadreSierra_Web.png","contentUrl":"https:\/\/madresierraproducts.com\/wp-content\/uploads\/2020\/05\/Logo_MadreSierra_Web.png","width":667,"height":509,"caption":"Madre Sierra Products"},"image":{"@id":"https:\/\/madresierraproducts.com\/es\/#\/schema\/logo\/image\/"},"sameAs":["https:\/\/www.facebook.com\/madresierraproducts\/","https:\/\/www.instagram.com\/madre_sierra_products\/"]}]}},"_links":{"self":[{"href":"https:\/\/madresierraproducts.com\/es\/wp-json\/wp\/v2\/product\/996"}],"collection":[{"href":"https:\/\/madresierraproducts.com\/es\/wp-json\/wp\/v2\/product"}],"about":[{"href":"https:\/\/madresierraproducts.com\/es\/wp-json\/wp\/v2\/types\/product"}],"replies":[{"embeddable":true,"href":"https:\/\/madresierraproducts.com\/es\/wp-json\/wp\/v2\/comments?post=996"}],"wp:featuredmedia":[{"embeddable":true,"href":"https:\/\/madresierraproducts.com\/es\/wp-json\/wp\/v2\/media\/1261"}],"wp:attachment":[{"href":"https:\/\/madresierraproducts.com\/es\/wp-json\/wp\/v2\/media?parent=996"}],"wp:term":[{"taxonomy":"product_cat","embeddable":true,"href":"https:\/\/madresierraproducts.com\/es\/wp-json\/wp\/v2\/product_cat?post=996"},{"taxonomy":"product_tag","embeddable":true,"href":"https:\/\/madresierraproducts.com\/es\/wp-json\/wp\/v2\/product_tag?post=996"}],"curies":[{"name":"wp","href":"https:\/\/api.w.org\/{rel}","templated":true}]}}