{"id":99,"date":"2013-06-07T11:38:12","date_gmt":"2013-06-07T09:38:12","guid":{"rendered":"http:\/\/demo2.woothemes.com\/woocommerce\/?post_type=product&#038;p=99"},"modified":"2023-12-22T17:46:05","modified_gmt":"2023-12-22T16:46:05","slug":"canela-palillos-madre-sierra-products","status":"publish","type":"product","link":"https:\/\/madresierraproducts.com\/es\/producto\/canela-palillos-madre-sierra-products\/","title":{"rendered":"Canela Palillos"},"content":{"rendered":"<p class=\"p1\">Canela Cinnamon, originaria de Asia est\u00e1 cultivado en las regiones de Veracruz y Puebla en M\u00e9xico, por peque\u00f1os productores de jardines forestales. Se le colecta la c\u00e1scara interior en el tronco, as\u00ed que en las ramas principales, que una vez secada ofrecen un aroma conocido y apreciado de todos. Se reconocen numerosas propiedades a la canela, como su car\u00e1cter energizante, antiviral y antibacteriano, as\u00ed como su acci\u00f3n en el sistema digestiva.<\/p>\n<p>&nbsp;<\/p>\n<p><strong>Ingredientes:<\/strong>\u00a0 <span style=\"font-size: 10pt;\">Canela palos.<\/span><\/p>\n<p>&nbsp;<\/p>\n<table style=\"border-collapse: collapse; width: 63.6166%; height: 128px;\">\n<tbody>\n<tr style=\"height: 24px;\">\n<td style=\"width: 49.8288%; height: 24px; text-align: left;\"><strong>Informaci\u00f3n Nutricional por 100g:<\/strong><\/td>\n<td style=\"width: 22.9452%; height: 24px;\"><span style=\"font-size: 10pt;\">Valor energ\u00e9tico<\/span><\/td>\n<td style=\"width: 27.0548%; height: 24px; text-align: left;\"><span style=\"font-size: 10pt;\">255 kcal<\/span><\/td>\n<\/tr>\n<tr style=\"height: 24px;\">\n<td style=\"width: 49.8288%; height: 24px;\"><\/td>\n<td style=\"width: 22.9452%; height: 24px;\"><span style=\"font-size: 10pt;\">Grasas<\/span><\/td>\n<td style=\"width: 27.0548%; height: 24px; text-align: left;\"><span style=\"font-size: 10pt;\">3,19 g<\/span><\/td>\n<\/tr>\n<tr style=\"height: 24px;\">\n<td style=\"width: 49.8288%; height: 24px;\"><\/td>\n<td style=\"width: 22.9452%; height: 24px;\"><span style=\"font-size: 10pt;\">Prote\u00edna<\/span><\/td>\n<td style=\"width: 27.0548%; height: 24px; text-align: left;\"><span style=\"font-size: 10pt;\">3,89 g<\/span><\/td>\n<\/tr>\n<tr>\n<td style=\"width: 49.8288%;\"><\/td>\n<td style=\"width: 22.9452%;\"><span style=\"font-size: 10pt;\">Hidratos de Carbono<\/span><\/td>\n<td style=\"width: 27.0548%; text-align: left;\"><span style=\"font-size: 10pt;\">25,55 g<\/span><\/td>\n<\/tr>\n<tr style=\"height: 24px;\">\n<td style=\"width: 49.8288%; height: 24px;\"><\/td>\n<td style=\"width: 22.9452%; height: 24px;\"><span style=\"font-size: 10pt;\">Fibra alimentaria<\/span><\/td>\n<td style=\"width: 27.0548%; height: 24px; text-align: left;\"><span style=\"font-size: 10pt;\">54,3 g<\/span><\/td>\n<\/tr>\n<\/tbody>\n<\/table>\n","protected":false},"excerpt":{"rendered":"<p>Se reconocen numerosas propiedades a la canela, como su car\u00e1cter energizante, antiviral y antibacteriano, as\u00ed como su acci\u00f3n en el sistema digestiva.<\/p>\n<p>Peso neto: 25 g<\/p>\n<p>Peso env\u00edo: 30 g<\/p>\n","protected":false},"featured_media":1250,"comment_status":"open","ping_status":"closed","template":"","meta":[],"product_cat":[16,75,68],"product_tag":[100,90,89,92,88],"yoast_head":"<!-- This site is optimized with the Yoast SEO plugin v22.7 - https:\/\/yoast.com\/wordpress\/plugins\/seo\/ -->\n<title>Canela Cinnamon Palillos | Madre Sierra Products<\/title>\n<meta name=\"description\" content=\"Canela Cinnamon, cultivada en las regiones de Veracruz y Puebla en M\u00e9xico, por peque\u00f1os productores de jardines forestales.\" \/>\n<meta name=\"robots\" content=\"index, follow, max-snippet:-1, max-image-preview:large, max-video-preview:-1\" \/>\n<link rel=\"canonical\" href=\"https:\/\/madresierraproducts.com\/es\/producto\/canela-palillos-madre-sierra-products\/\" \/>\n<meta property=\"og:locale\" content=\"es_ES\" \/>\n<meta property=\"og:type\" content=\"article\" \/>\n<meta property=\"og:title\" content=\"Canela Cinnamon Palillos | Madre Sierra Products\" \/>\n<meta property=\"og:description\" content=\"Canela Cinnamon, cultivada en las regiones de Veracruz y Puebla en M\u00e9xico, por peque\u00f1os productores de jardines forestales.\" \/>\n<meta property=\"og:url\" content=\"https:\/\/madresierraproducts.com\/es\/producto\/canela-palillos-madre-sierra-products\/\" \/>\n<meta property=\"og:site_name\" content=\"Madre Sierra Products\" \/>\n<meta property=\"article:publisher\" content=\"https:\/\/www.facebook.com\/madresierraproducts\/\" \/>\n<meta property=\"article:modified_time\" content=\"2023-12-22T16:46:05+00:00\" \/>\n<meta property=\"og:image\" content=\"https:\/\/madresierraproducts.com\/wp-content\/uploads\/2020\/10\/madre-sierra-products-canela.jpg\" \/>\n\t<meta property=\"og:image:width\" content=\"800\" \/>\n\t<meta property=\"og:image:height\" content=\"800\" \/>\n\t<meta property=\"og:image:type\" content=\"image\/jpeg\" \/>\n<meta name=\"twitter:card\" content=\"summary_large_image\" \/>\n<meta name=\"twitter:label1\" content=\"Tiempo de lectura\" \/>\n\t<meta name=\"twitter:data1\" content=\"1 minuto\" \/>\n<script type=\"application\/ld+json\" class=\"yoast-schema-graph\">{\"@context\":\"https:\/\/schema.org\",\"@graph\":[{\"@type\":\"WebPage\",\"@id\":\"https:\/\/madresierraproducts.com\/producto\/canela-palillos-madre-sierra-products\/\",\"url\":\"https:\/\/madresierraproducts.com\/producto\/canela-palillos-madre-sierra-products\/\",\"name\":\"Canela Cinnamon Palillos | Madre Sierra Products\",\"isPartOf\":{\"@id\":\"https:\/\/madresierraproducts.com\/es\/#website\"},\"primaryImageOfPage\":{\"@id\":\"https:\/\/madresierraproducts.com\/producto\/canela-palillos-madre-sierra-products\/#primaryimage\"},\"image\":{\"@id\":\"https:\/\/madresierraproducts.com\/producto\/canela-palillos-madre-sierra-products\/#primaryimage\"},\"thumbnailUrl\":\"https:\/\/madresierraproducts.com\/wp-content\/uploads\/2020\/10\/madre-sierra-products-canela.jpg\",\"datePublished\":\"2013-06-07T09:38:12+00:00\",\"dateModified\":\"2023-12-22T16:46:05+00:00\",\"description\":\"Canela Cinnamon, cultivada en las regiones de Veracruz y Puebla en M\u00e9xico, por peque\u00f1os productores de jardines forestales.\",\"breadcrumb\":{\"@id\":\"https:\/\/madresierraproducts.com\/producto\/canela-palillos-madre-sierra-products\/#breadcrumb\"},\"inLanguage\":\"es\",\"potentialAction\":[{\"@type\":\"ReadAction\",\"target\":[\"https:\/\/madresierraproducts.com\/producto\/canela-palillos-madre-sierra-products\/\"]}]},{\"@type\":\"ImageObject\",\"inLanguage\":\"es\",\"@id\":\"https:\/\/madresierraproducts.com\/producto\/canela-palillos-madre-sierra-products\/#primaryimage\",\"url\":\"https:\/\/madresierraproducts.com\/wp-content\/uploads\/2020\/10\/madre-sierra-products-canela.jpg\",\"contentUrl\":\"https:\/\/madresierraproducts.com\/wp-content\/uploads\/2020\/10\/madre-sierra-products-canela.jpg\",\"width\":800,\"height\":800,\"caption\":\"Canela rama\"},{\"@type\":\"BreadcrumbList\",\"@id\":\"https:\/\/madresierraproducts.com\/producto\/canela-palillos-madre-sierra-products\/#breadcrumb\",\"itemListElement\":[{\"@type\":\"ListItem\",\"position\":1,\"name\":\"Home\",\"item\":\"https:\/\/madresierraproducts.com\/\"},{\"@type\":\"ListItem\",\"position\":2,\"name\":\"Tienda\",\"item\":\"https:\/\/madresierraproducts.com\/tienda\/\"},{\"@type\":\"ListItem\",\"position\":3,\"name\":\"Canela Palillos\"}]},{\"@type\":\"WebSite\",\"@id\":\"https:\/\/madresierraproducts.com\/es\/#website\",\"url\":\"https:\/\/madresierraproducts.com\/es\/\",\"name\":\"Madre Sierra Products\",\"description\":\"Valorando saberes tradicionales y recursos naturales de Bosques y Sierras del Mundo\",\"publisher\":{\"@id\":\"https:\/\/madresierraproducts.com\/es\/#organization\"},\"potentialAction\":[{\"@type\":\"SearchAction\",\"target\":{\"@type\":\"EntryPoint\",\"urlTemplate\":\"https:\/\/madresierraproducts.com\/es\/?s={search_term_string}\"},\"query-input\":\"required name=search_term_string\"}],\"inLanguage\":\"es\"},{\"@type\":\"Organization\",\"@id\":\"https:\/\/madresierraproducts.com\/es\/#organization\",\"name\":\"Madre Sierra Products\",\"url\":\"https:\/\/madresierraproducts.com\/es\/\",\"logo\":{\"@type\":\"ImageObject\",\"inLanguage\":\"es\",\"@id\":\"https:\/\/madresierraproducts.com\/es\/#\/schema\/logo\/image\/\",\"url\":\"https:\/\/madresierraproducts.com\/wp-content\/uploads\/2020\/05\/Logo_MadreSierra_Web.png\",\"contentUrl\":\"https:\/\/madresierraproducts.com\/wp-content\/uploads\/2020\/05\/Logo_MadreSierra_Web.png\",\"width\":667,\"height\":509,\"caption\":\"Madre Sierra Products\"},\"image\":{\"@id\":\"https:\/\/madresierraproducts.com\/es\/#\/schema\/logo\/image\/\"},\"sameAs\":[\"https:\/\/www.facebook.com\/madresierraproducts\/\",\"https:\/\/www.instagram.com\/madre_sierra_products\/\"]}]}<\/script>\n<!-- \/ Yoast SEO plugin. -->","yoast_head_json":{"title":"Canela Cinnamon Palillos | Madre Sierra Products","description":"Canela Cinnamon, cultivada en las regiones de Veracruz y Puebla en M\u00e9xico, por peque\u00f1os productores de jardines forestales.","robots":{"index":"index","follow":"follow","max-snippet":"max-snippet:-1","max-image-preview":"max-image-preview:large","max-video-preview":"max-video-preview:-1"},"canonical":"https:\/\/madresierraproducts.com\/es\/producto\/canela-palillos-madre-sierra-products\/","og_locale":"es_ES","og_type":"article","og_title":"Canela Cinnamon Palillos | Madre Sierra Products","og_description":"Canela Cinnamon, cultivada en las regiones de Veracruz y Puebla en M\u00e9xico, por peque\u00f1os productores de jardines forestales.","og_url":"https:\/\/madresierraproducts.com\/es\/producto\/canela-palillos-madre-sierra-products\/","og_site_name":"Madre Sierra Products","article_publisher":"https:\/\/www.facebook.com\/madresierraproducts\/","article_modified_time":"2023-12-22T16:46:05+00:00","og_image":[{"width":800,"height":800,"url":"https:\/\/madresierraproducts.com\/wp-content\/uploads\/2020\/10\/madre-sierra-products-canela.jpg","type":"image\/jpeg"}],"twitter_card":"summary_large_image","twitter_misc":{"Tiempo de lectura":"1 minuto"},"schema":{"@context":"https:\/\/schema.org","@graph":[{"@type":"WebPage","@id":"https:\/\/madresierraproducts.com\/producto\/canela-palillos-madre-sierra-products\/","url":"https:\/\/madresierraproducts.com\/producto\/canela-palillos-madre-sierra-products\/","name":"Canela Cinnamon Palillos | Madre Sierra Products","isPartOf":{"@id":"https:\/\/madresierraproducts.com\/es\/#website"},"primaryImageOfPage":{"@id":"https:\/\/madresierraproducts.com\/producto\/canela-palillos-madre-sierra-products\/#primaryimage"},"image":{"@id":"https:\/\/madresierraproducts.com\/producto\/canela-palillos-madre-sierra-products\/#primaryimage"},"thumbnailUrl":"https:\/\/madresierraproducts.com\/wp-content\/uploads\/2020\/10\/madre-sierra-products-canela.jpg","datePublished":"2013-06-07T09:38:12+00:00","dateModified":"2023-12-22T16:46:05+00:00","description":"Canela Cinnamon, cultivada en las regiones de Veracruz y Puebla en M\u00e9xico, por peque\u00f1os productores de jardines forestales.","breadcrumb":{"@id":"https:\/\/madresierraproducts.com\/producto\/canela-palillos-madre-sierra-products\/#breadcrumb"},"inLanguage":"es","potentialAction":[{"@type":"ReadAction","target":["https:\/\/madresierraproducts.com\/producto\/canela-palillos-madre-sierra-products\/"]}]},{"@type":"ImageObject","inLanguage":"es","@id":"https:\/\/madresierraproducts.com\/producto\/canela-palillos-madre-sierra-products\/#primaryimage","url":"https:\/\/madresierraproducts.com\/wp-content\/uploads\/2020\/10\/madre-sierra-products-canela.jpg","contentUrl":"https:\/\/madresierraproducts.com\/wp-content\/uploads\/2020\/10\/madre-sierra-products-canela.jpg","width":800,"height":800,"caption":"Canela rama"},{"@type":"BreadcrumbList","@id":"https:\/\/madresierraproducts.com\/producto\/canela-palillos-madre-sierra-products\/#breadcrumb","itemListElement":[{"@type":"ListItem","position":1,"name":"Home","item":"https:\/\/madresierraproducts.com\/"},{"@type":"ListItem","position":2,"name":"Tienda","item":"https:\/\/madresierraproducts.com\/tienda\/"},{"@type":"ListItem","position":3,"name":"Canela Palillos"}]},{"@type":"WebSite","@id":"https:\/\/madresierraproducts.com\/es\/#website","url":"https:\/\/madresierraproducts.com\/es\/","name":"Madre Sierra Products","description":"Valorando saberes tradicionales y recursos naturales de Bosques y Sierras del Mundo","publisher":{"@id":"https:\/\/madresierraproducts.com\/es\/#organization"},"potentialAction":[{"@type":"SearchAction","target":{"@type":"EntryPoint","urlTemplate":"https:\/\/madresierraproducts.com\/es\/?s={search_term_string}"},"query-input":"required name=search_term_string"}],"inLanguage":"es"},{"@type":"Organization","@id":"https:\/\/madresierraproducts.com\/es\/#organization","name":"Madre Sierra Products","url":"https:\/\/madresierraproducts.com\/es\/","logo":{"@type":"ImageObject","inLanguage":"es","@id":"https:\/\/madresierraproducts.com\/es\/#\/schema\/logo\/image\/","url":"https:\/\/madresierraproducts.com\/wp-content\/uploads\/2020\/05\/Logo_MadreSierra_Web.png","contentUrl":"https:\/\/madresierraproducts.com\/wp-content\/uploads\/2020\/05\/Logo_MadreSierra_Web.png","width":667,"height":509,"caption":"Madre Sierra Products"},"image":{"@id":"https:\/\/madresierraproducts.com\/es\/#\/schema\/logo\/image\/"},"sameAs":["https:\/\/www.facebook.com\/madresierraproducts\/","https:\/\/www.instagram.com\/madre_sierra_products\/"]}]}},"_links":{"self":[{"href":"https:\/\/madresierraproducts.com\/es\/wp-json\/wp\/v2\/product\/99"}],"collection":[{"href":"https:\/\/madresierraproducts.com\/es\/wp-json\/wp\/v2\/product"}],"about":[{"href":"https:\/\/madresierraproducts.com\/es\/wp-json\/wp\/v2\/types\/product"}],"replies":[{"embeddable":true,"href":"https:\/\/madresierraproducts.com\/es\/wp-json\/wp\/v2\/comments?post=99"}],"wp:featuredmedia":[{"embeddable":true,"href":"https:\/\/madresierraproducts.com\/es\/wp-json\/wp\/v2\/media\/1250"}],"wp:attachment":[{"href":"https:\/\/madresierraproducts.com\/es\/wp-json\/wp\/v2\/media?parent=99"}],"wp:term":[{"taxonomy":"product_cat","embeddable":true,"href":"https:\/\/madresierraproducts.com\/es\/wp-json\/wp\/v2\/product_cat?post=99"},{"taxonomy":"product_tag","embeddable":true,"href":"https:\/\/madresierraproducts.com\/es\/wp-json\/wp\/v2\/product_tag?post=99"}],"curies":[{"name":"wp","href":"https:\/\/api.w.org\/{rel}","templated":true}]}}