{"id":987,"date":"2020-10-06T11:19:45","date_gmt":"2020-10-06T09:19:45","guid":{"rendered":"https:\/\/madresierraproducts.com\/?post_type=product&#038;p=987"},"modified":"2023-12-17T03:44:52","modified_gmt":"2023-12-17T02:44:52","slug":"acai-organico-en-polvo","status":"publish","type":"product","link":"https:\/\/madresierraproducts.com\/es\/producto\/acai-organico-en-polvo\/","title":{"rendered":"A\u00e7a\u00ef en Polvo Bio"},"content":{"rendered":"<p>Las bayas de A\u00e7a\u00ef se cosechan en la provincia de Par\u00e1, en el norte del Brasil, y luego su pulpa se muele hasta convertirla en polvo para incorporarla a las bebidas. Naturalmente rico en Vitamina E, el A\u00e7a\u00ef contribuye a la protecci\u00f3n de las c\u00e9lulas frente al da\u00f1o oxidativo. Madre Sierra Products y Guayapi le proponen un acondicionador<span class=\"Apple-converted-space\">\u00a0 <\/span>natural y de calidad para sus bebidas, yogures o helados!<\/p>\n<p>&nbsp;<\/p>\n<p><strong>Ingredientes:\u00a0 \u00a0<\/strong><span style=\"font-size: 10pt;\">Aca\u00ef org\u00e1nico en polvo (Euterpe Oleracea)<\/span><\/p>\n<p>&nbsp;<\/p>\n<table style=\"border-collapse: collapse; width: 58.7146%; height: 314px;\">\n<tbody>\n<tr style=\"height: 24px;\">\n<td style=\"width: 54.2999%; height: 24px; text-align: left;\"><strong>Informaci\u00f3n Nutricional por 100g:<\/strong><\/td>\n<td style=\"width: 26.6623%; height: 24px;\"><span style=\"font-size: 10pt;\">Valor energ\u00e9tico<\/span><\/td>\n<td style=\"width: 44.6318%; height: 24px; text-align: left;\"><span style=\"font-size: 10pt;\">541 kcal<\/span><\/td>\n<\/tr>\n<tr style=\"height: 24px;\">\n<td style=\"width: 54.2999%; height: 26px;\"><\/td>\n<td style=\"width: 26.6623%; height: 26px;\"><span style=\"font-size: 10pt;\">Grasas<\/span><\/td>\n<td style=\"width: 44.6318%; height: 26px; text-align: left;\"><span style=\"font-size: 10pt;\">54 g<\/span><\/td>\n<\/tr>\n<tr style=\"height: 24px;\">\n<td style=\"width: 54.2999%; height: 24px;\"><\/td>\n<td style=\"width: 26.6623%; height: 24px;\"><span style=\"font-size: 10pt;\">de las cuales saturadas<\/span><\/td>\n<td style=\"width: 44.6318%; height: 24px; text-align: left;\"><span style=\"font-size: 10pt;\">15 g<\/span><\/td>\n<\/tr>\n<tr style=\"height: 24px;\">\n<td style=\"width: 54.2999%; height: 24px;\"><\/td>\n<td style=\"width: 26.6623%; height: 24px;\"><span style=\"font-size: 10pt;\">Hidratos de carbono<\/span><\/td>\n<td style=\"width: 44.6318%; height: 24px; text-align: left;\"><span style=\"font-size: 10pt;\">32 g<\/span><\/td>\n<\/tr>\n<tr style=\"height: 24px;\">\n<td style=\"width: 54.2999%; height: 24px;\"><\/td>\n<td style=\"width: 26.6623%; height: 24px;\"><span style=\"font-size: 10pt;\">de los cuales az\u00facares<\/span><\/td>\n<td style=\"width: 44.6318%; height: 24px; text-align: left;\"><span style=\"font-size: 10pt;\">3 g<\/span><\/td>\n<\/tr>\n<tr style=\"height: 24px;\">\n<td style=\"width: 54.2999%; height: 24px;\"><\/td>\n<td style=\"width: 26.6623%; height: 24px;\"><span style=\"font-size: 10pt;\">Fibra alimentaria<\/span><\/td>\n<td style=\"width: 44.6318%; height: 24px; text-align: left;\"><span style=\"font-size: 10pt;\">0 g<\/span><\/td>\n<\/tr>\n<tr style=\"height: 24px;\">\n<td style=\"width: 54.2999%; height: 24px;\"><\/td>\n<td style=\"width: 26.6623%; height: 24px;\"><span style=\"font-size: 10pt;\">Prote\u00ednas<\/span><\/td>\n<td style=\"width: 44.6318%; height: 24px; text-align: left;\"><span style=\"font-size: 10pt;\">9,8 g<\/span><\/td>\n<\/tr>\n<tr style=\"height: 24px;\">\n<td style=\"width: 54.2999%; height: 24px;\"><\/td>\n<td style=\"width: 26.6623%; height: 24px;\"><span style=\"font-size: 10pt;\">Sal<\/span><\/td>\n<td style=\"width: 44.6318%; height: 24px; text-align: left;\"><span style=\"font-size: 10pt;\">0,16 g<\/span><\/td>\n<\/tr>\n<tr style=\"height: 24px;\">\n<td style=\"width: 54.2999%; height: 24px;\"><\/td>\n<td style=\"width: 26.6623%; height: 24px;\"><span style=\"font-size: 10pt;\">Vitamina E<\/span><\/td>\n<td style=\"width: 44.6318%; height: 24px; text-align: left;\"><span style=\"font-size: 10pt;\">12,7 mg<\/span><\/td>\n<\/tr>\n<tr style=\"height: 24px;\">\n<td style=\"width: 54.2999%; height: 24px;\"><\/td>\n<td style=\"width: 26.6623%; height: 24px;\"><span style=\"font-size: 10pt;\">Hierro<\/span><\/td>\n<td style=\"width: 44.6318%; height: 24px; text-align: left;\"><span style=\"font-size: 10pt;\">3,8 mg<\/span><\/td>\n<\/tr>\n<tr style=\"height: 24px;\">\n<td style=\"width: 54.2999%; height: 24px;\"><\/td>\n<td style=\"width: 26.6623%; height: 24px;\"><span style=\"font-size: 10pt;\">Potasio<\/span><\/td>\n<td style=\"width: 44.6318%; height: 24px; text-align: left;\"><span style=\"font-size: 10pt;\">715 mg<\/span><\/td>\n<\/tr>\n<tr style=\"height: 24px;\">\n<td style=\"width: 54.2999%; height: 24px;\"><\/td>\n<td style=\"width: 26.6623%; height: 24px;\"><span style=\"font-size: 10pt;\">Magnesio<\/span><\/td>\n<td style=\"width: 44.6318%; height: 24px; text-align: left;\"><span style=\"font-size: 10pt;\">174 mg<\/span><\/td>\n<\/tr>\n<tr style=\"height: 24px;\">\n<td style=\"width: 54.2999%; height: 24px;\"><\/td>\n<td style=\"width: 26.6623%; height: 24px;\"><span style=\"font-size: 10pt;\">Polifenol<\/span><\/td>\n<td style=\"width: 44.6318%; height: 24px; text-align: left;\"><span style=\"font-size: 10pt;\">3,29 mg<\/span><\/td>\n<\/tr>\n<\/tbody>\n<\/table>\n<p class=\"p1\">\n","protected":false},"excerpt":{"rendered":"<p>Rico en Vitamina E, el aca\u00ef contribuye a la protecci\u00f3n de las c\u00e9lulas frente al da\u00f1o oxidativo.<\/p>\n<p>Peso neto: 50 g<\/p>\n<p>Peso env\u00edo: 85 g<\/p>\n","protected":false},"featured_media":1259,"comment_status":"open","ping_status":"closed","template":"","meta":[],"product_cat":[16,75],"product_tag":[106,115,90,89,92,88],"yoast_head":"<!-- This site is optimized with the Yoast SEO plugin v22.7 - https:\/\/yoast.com\/wordpress\/plugins\/seo\/ -->\n<title>A\u00e7a\u00cf en Polvo Bio Guayapi | Madre Sierra Products<\/title>\n<meta name=\"description\" content=\"Las bayas de A\u00e7a\u00ef se cosechan en la provincia de Par\u00e1 y luego su pulpa se muele hasta convertirla en polvo para incorporarla a las bebidas.\" \/>\n<meta name=\"robots\" content=\"index, follow, max-snippet:-1, max-image-preview:large, max-video-preview:-1\" \/>\n<link rel=\"canonical\" href=\"https:\/\/madresierraproducts.com\/es\/producto\/acai-organico-en-polvo\/\" \/>\n<meta property=\"og:locale\" content=\"es_ES\" \/>\n<meta property=\"og:type\" content=\"article\" \/>\n<meta property=\"og:title\" content=\"A\u00e7a\u00cf en Polvo Bio Guayapi | Madre Sierra Products\" \/>\n<meta property=\"og:description\" content=\"Las bayas de A\u00e7a\u00ef se cosechan en la provincia de Par\u00e1 y luego su pulpa se muele hasta convertirla en polvo para incorporarla a las bebidas.\" \/>\n<meta property=\"og:url\" content=\"https:\/\/madresierraproducts.com\/es\/producto\/acai-organico-en-polvo\/\" \/>\n<meta property=\"og:site_name\" content=\"Madre Sierra Products\" \/>\n<meta property=\"article:publisher\" content=\"https:\/\/www.facebook.com\/madresierraproducts\/\" \/>\n<meta property=\"article:modified_time\" content=\"2023-12-17T02:44:52+00:00\" \/>\n<meta property=\"og:image\" content=\"https:\/\/madresierraproducts.com\/wp-content\/uploads\/2020\/10\/madre-sierra-products-guayapi-acai.jpg\" \/>\n\t<meta property=\"og:image:width\" content=\"800\" \/>\n\t<meta property=\"og:image:height\" content=\"800\" \/>\n\t<meta property=\"og:image:type\" content=\"image\/jpeg\" \/>\n<meta name=\"twitter:card\" content=\"summary_large_image\" \/>\n<meta name=\"twitter:label1\" content=\"Tiempo de lectura\" \/>\n\t<meta name=\"twitter:data1\" content=\"1 minuto\" \/>\n<script type=\"application\/ld+json\" class=\"yoast-schema-graph\">{\"@context\":\"https:\/\/schema.org\",\"@graph\":[{\"@type\":\"WebPage\",\"@id\":\"https:\/\/madresierraproducts.com\/producto\/acai-organico-en-polvo\/\",\"url\":\"https:\/\/madresierraproducts.com\/producto\/acai-organico-en-polvo\/\",\"name\":\"A\u00e7a\u00cf en Polvo Bio Guayapi | Madre Sierra Products\",\"isPartOf\":{\"@id\":\"https:\/\/madresierraproducts.com\/es\/#website\"},\"primaryImageOfPage\":{\"@id\":\"https:\/\/madresierraproducts.com\/producto\/acai-organico-en-polvo\/#primaryimage\"},\"image\":{\"@id\":\"https:\/\/madresierraproducts.com\/producto\/acai-organico-en-polvo\/#primaryimage\"},\"thumbnailUrl\":\"https:\/\/madresierraproducts.com\/wp-content\/uploads\/2020\/10\/madre-sierra-products-guayapi-acai.jpg\",\"datePublished\":\"2020-10-06T09:19:45+00:00\",\"dateModified\":\"2023-12-17T02:44:52+00:00\",\"description\":\"Las bayas de A\u00e7a\u00ef se cosechan en la provincia de Par\u00e1 y luego su pulpa se muele hasta convertirla en polvo para incorporarla a las bebidas.\",\"breadcrumb\":{\"@id\":\"https:\/\/madresierraproducts.com\/producto\/acai-organico-en-polvo\/#breadcrumb\"},\"inLanguage\":\"es\",\"potentialAction\":[{\"@type\":\"ReadAction\",\"target\":[\"https:\/\/madresierraproducts.com\/producto\/acai-organico-en-polvo\/\"]}]},{\"@type\":\"ImageObject\",\"inLanguage\":\"es\",\"@id\":\"https:\/\/madresierraproducts.com\/producto\/acai-organico-en-polvo\/#primaryimage\",\"url\":\"https:\/\/madresierraproducts.com\/wp-content\/uploads\/2020\/10\/madre-sierra-products-guayapi-acai.jpg\",\"contentUrl\":\"https:\/\/madresierraproducts.com\/wp-content\/uploads\/2020\/10\/madre-sierra-products-guayapi-acai.jpg\",\"width\":800,\"height\":800,\"caption\":\"Guayapi A\u00e7a\u00ef\"},{\"@type\":\"BreadcrumbList\",\"@id\":\"https:\/\/madresierraproducts.com\/producto\/acai-organico-en-polvo\/#breadcrumb\",\"itemListElement\":[{\"@type\":\"ListItem\",\"position\":1,\"name\":\"Home\",\"item\":\"https:\/\/madresierraproducts.com\/\"},{\"@type\":\"ListItem\",\"position\":2,\"name\":\"Tienda\",\"item\":\"https:\/\/madresierraproducts.com\/tienda\/\"},{\"@type\":\"ListItem\",\"position\":3,\"name\":\"A\u00e7a\u00ef en Polvo Bio\"}]},{\"@type\":\"WebSite\",\"@id\":\"https:\/\/madresierraproducts.com\/es\/#website\",\"url\":\"https:\/\/madresierraproducts.com\/es\/\",\"name\":\"Madre Sierra Products\",\"description\":\"Valorando saberes tradicionales y recursos naturales de Bosques y Sierras del Mundo\",\"publisher\":{\"@id\":\"https:\/\/madresierraproducts.com\/es\/#organization\"},\"potentialAction\":[{\"@type\":\"SearchAction\",\"target\":{\"@type\":\"EntryPoint\",\"urlTemplate\":\"https:\/\/madresierraproducts.com\/es\/?s={search_term_string}\"},\"query-input\":\"required name=search_term_string\"}],\"inLanguage\":\"es\"},{\"@type\":\"Organization\",\"@id\":\"https:\/\/madresierraproducts.com\/es\/#organization\",\"name\":\"Madre Sierra Products\",\"url\":\"https:\/\/madresierraproducts.com\/es\/\",\"logo\":{\"@type\":\"ImageObject\",\"inLanguage\":\"es\",\"@id\":\"https:\/\/madresierraproducts.com\/es\/#\/schema\/logo\/image\/\",\"url\":\"https:\/\/madresierraproducts.com\/wp-content\/uploads\/2020\/05\/Logo_MadreSierra_Web.png\",\"contentUrl\":\"https:\/\/madresierraproducts.com\/wp-content\/uploads\/2020\/05\/Logo_MadreSierra_Web.png\",\"width\":667,\"height\":509,\"caption\":\"Madre Sierra Products\"},\"image\":{\"@id\":\"https:\/\/madresierraproducts.com\/es\/#\/schema\/logo\/image\/\"},\"sameAs\":[\"https:\/\/www.facebook.com\/madresierraproducts\/\",\"https:\/\/www.instagram.com\/madre_sierra_products\/\"]}]}<\/script>\n<!-- \/ Yoast SEO plugin. -->","yoast_head_json":{"title":"A\u00e7a\u00cf en Polvo Bio Guayapi | Madre Sierra Products","description":"Las bayas de A\u00e7a\u00ef se cosechan en la provincia de Par\u00e1 y luego su pulpa se muele hasta convertirla en polvo para incorporarla a las bebidas.","robots":{"index":"index","follow":"follow","max-snippet":"max-snippet:-1","max-image-preview":"max-image-preview:large","max-video-preview":"max-video-preview:-1"},"canonical":"https:\/\/madresierraproducts.com\/es\/producto\/acai-organico-en-polvo\/","og_locale":"es_ES","og_type":"article","og_title":"A\u00e7a\u00cf en Polvo Bio Guayapi | Madre Sierra Products","og_description":"Las bayas de A\u00e7a\u00ef se cosechan en la provincia de Par\u00e1 y luego su pulpa se muele hasta convertirla en polvo para incorporarla a las bebidas.","og_url":"https:\/\/madresierraproducts.com\/es\/producto\/acai-organico-en-polvo\/","og_site_name":"Madre Sierra Products","article_publisher":"https:\/\/www.facebook.com\/madresierraproducts\/","article_modified_time":"2023-12-17T02:44:52+00:00","og_image":[{"width":800,"height":800,"url":"https:\/\/madresierraproducts.com\/wp-content\/uploads\/2020\/10\/madre-sierra-products-guayapi-acai.jpg","type":"image\/jpeg"}],"twitter_card":"summary_large_image","twitter_misc":{"Tiempo de lectura":"1 minuto"},"schema":{"@context":"https:\/\/schema.org","@graph":[{"@type":"WebPage","@id":"https:\/\/madresierraproducts.com\/producto\/acai-organico-en-polvo\/","url":"https:\/\/madresierraproducts.com\/producto\/acai-organico-en-polvo\/","name":"A\u00e7a\u00cf en Polvo Bio Guayapi | Madre Sierra Products","isPartOf":{"@id":"https:\/\/madresierraproducts.com\/es\/#website"},"primaryImageOfPage":{"@id":"https:\/\/madresierraproducts.com\/producto\/acai-organico-en-polvo\/#primaryimage"},"image":{"@id":"https:\/\/madresierraproducts.com\/producto\/acai-organico-en-polvo\/#primaryimage"},"thumbnailUrl":"https:\/\/madresierraproducts.com\/wp-content\/uploads\/2020\/10\/madre-sierra-products-guayapi-acai.jpg","datePublished":"2020-10-06T09:19:45+00:00","dateModified":"2023-12-17T02:44:52+00:00","description":"Las bayas de A\u00e7a\u00ef se cosechan en la provincia de Par\u00e1 y luego su pulpa se muele hasta convertirla en polvo para incorporarla a las bebidas.","breadcrumb":{"@id":"https:\/\/madresierraproducts.com\/producto\/acai-organico-en-polvo\/#breadcrumb"},"inLanguage":"es","potentialAction":[{"@type":"ReadAction","target":["https:\/\/madresierraproducts.com\/producto\/acai-organico-en-polvo\/"]}]},{"@type":"ImageObject","inLanguage":"es","@id":"https:\/\/madresierraproducts.com\/producto\/acai-organico-en-polvo\/#primaryimage","url":"https:\/\/madresierraproducts.com\/wp-content\/uploads\/2020\/10\/madre-sierra-products-guayapi-acai.jpg","contentUrl":"https:\/\/madresierraproducts.com\/wp-content\/uploads\/2020\/10\/madre-sierra-products-guayapi-acai.jpg","width":800,"height":800,"caption":"Guayapi A\u00e7a\u00ef"},{"@type":"BreadcrumbList","@id":"https:\/\/madresierraproducts.com\/producto\/acai-organico-en-polvo\/#breadcrumb","itemListElement":[{"@type":"ListItem","position":1,"name":"Home","item":"https:\/\/madresierraproducts.com\/"},{"@type":"ListItem","position":2,"name":"Tienda","item":"https:\/\/madresierraproducts.com\/tienda\/"},{"@type":"ListItem","position":3,"name":"A\u00e7a\u00ef en Polvo Bio"}]},{"@type":"WebSite","@id":"https:\/\/madresierraproducts.com\/es\/#website","url":"https:\/\/madresierraproducts.com\/es\/","name":"Madre Sierra Products","description":"Valorando saberes tradicionales y recursos naturales de Bosques y Sierras del Mundo","publisher":{"@id":"https:\/\/madresierraproducts.com\/es\/#organization"},"potentialAction":[{"@type":"SearchAction","target":{"@type":"EntryPoint","urlTemplate":"https:\/\/madresierraproducts.com\/es\/?s={search_term_string}"},"query-input":"required name=search_term_string"}],"inLanguage":"es"},{"@type":"Organization","@id":"https:\/\/madresierraproducts.com\/es\/#organization","name":"Madre Sierra Products","url":"https:\/\/madresierraproducts.com\/es\/","logo":{"@type":"ImageObject","inLanguage":"es","@id":"https:\/\/madresierraproducts.com\/es\/#\/schema\/logo\/image\/","url":"https:\/\/madresierraproducts.com\/wp-content\/uploads\/2020\/05\/Logo_MadreSierra_Web.png","contentUrl":"https:\/\/madresierraproducts.com\/wp-content\/uploads\/2020\/05\/Logo_MadreSierra_Web.png","width":667,"height":509,"caption":"Madre Sierra Products"},"image":{"@id":"https:\/\/madresierraproducts.com\/es\/#\/schema\/logo\/image\/"},"sameAs":["https:\/\/www.facebook.com\/madresierraproducts\/","https:\/\/www.instagram.com\/madre_sierra_products\/"]}]}},"_links":{"self":[{"href":"https:\/\/madresierraproducts.com\/es\/wp-json\/wp\/v2\/product\/987"}],"collection":[{"href":"https:\/\/madresierraproducts.com\/es\/wp-json\/wp\/v2\/product"}],"about":[{"href":"https:\/\/madresierraproducts.com\/es\/wp-json\/wp\/v2\/types\/product"}],"replies":[{"embeddable":true,"href":"https:\/\/madresierraproducts.com\/es\/wp-json\/wp\/v2\/comments?post=987"}],"wp:featuredmedia":[{"embeddable":true,"href":"https:\/\/madresierraproducts.com\/es\/wp-json\/wp\/v2\/media\/1259"}],"wp:attachment":[{"href":"https:\/\/madresierraproducts.com\/es\/wp-json\/wp\/v2\/media?parent=987"}],"wp:term":[{"taxonomy":"product_cat","embeddable":true,"href":"https:\/\/madresierraproducts.com\/es\/wp-json\/wp\/v2\/product_cat?post=987"},{"taxonomy":"product_tag","embeddable":true,"href":"https:\/\/madresierraproducts.com\/es\/wp-json\/wp\/v2\/product_tag?post=987"}],"curies":[{"name":"wp","href":"https:\/\/api.w.org\/{rel}","templated":true}]}}