{"id":972,"date":"2020-10-02T12:38:52","date_gmt":"2020-10-02T10:38:52","guid":{"rendered":"https:\/\/madresierraproducts.com\/?post_type=product&#038;p=972"},"modified":"2022-12-14T13:18:45","modified_gmt":"2022-12-14T12:18:45","slug":"moringa-en-polvo","status":"publish","type":"product","link":"https:\/\/madresierraproducts.com\/es\/producto\/moringa-en-polvo\/","title":{"rendered":"Moringa en Polvo"},"content":{"rendered":"<p class=\"p1\">Madre Sierra Products ofrece esta moringa<span class=\"Apple-converted-space\"> en polvo <\/span>producido en bosques comestibles en mexicanos. Gracias a su alta concentraci\u00f3n en vitaminas y minerales, el moringa protege el coraz\u00f3n, evitando la absorci\u00f3n de colesterol en el intestino. Sus proveedores, Chasseurs de Saveurs, S.A de C.V trabajan de mano con sus productores socios para un trato comercial justo y un apoyo t\u00e9cnico de punta para la conservaci\u00f3n de los bosques y saberes tradicionales.<\/p>\n<p>&nbsp;<\/p>\n<p><strong>Ingredientes:<\/strong> \u00a0<span style=\"font-size: 10pt;\">Moringa en polvo<\/span><\/p>\n<p>&nbsp;<\/p>\n<table style=\"width: 55.1416%; height: 87px;\" width=\"559\">\n<tbody>\n<tr style=\"height: 24px;\">\n<td style=\"width: 57.9749%; height: 15px;\" width=\"256\"><strong>Informaci\u00f3n nutricional por 100g:<\/strong><\/td>\n<td style=\"width: 22.6474%; height: 15px;\" width=\"237\"><\/td>\n<td style=\"width: 18.3782%; height: 15px;\" width=\"66\"><\/td>\n<\/tr>\n<tr style=\"height: 24px;\">\n<td style=\"width: 57.9749%; height: 24px;\"><\/td>\n<td style=\"width: 22.6474%; height: 24px;\"><span style=\"font-size: 10pt;\">Grasas<\/span><\/td>\n<td style=\"width: 18.3782%; height: 24px;\"><span style=\"font-size: 10pt;\">1,7 g<\/span><\/td>\n<\/tr>\n<tr style=\"height: 24px;\">\n<td style=\"width: 57.9749%; height: 24px;\"><\/td>\n<td style=\"width: 22.6474%; height: 24px;\"><span style=\"font-size: 10pt;\">Fibra alimentaria<\/span><\/td>\n<td style=\"width: 18.3782%; height: 24px;\"><span style=\"font-size: 10pt;\">0,9 g<\/span><\/td>\n<\/tr>\n<tr style=\"height: 24px;\">\n<td style=\"width: 57.9749%; height: 24px;\"><\/td>\n<td style=\"width: 22.6474%; height: 24px;\"><span style=\"font-size: 10pt;\">Prote\u00ednas<\/span><\/td>\n<td style=\"width: 18.3782%; height: 24px;\"><span style=\"font-size: 10pt;\">6,7 g<\/span><\/td>\n<\/tr>\n<\/tbody>\n<\/table>\n","protected":false},"excerpt":{"rendered":"<p>Producido en bosques comestibles en mexicanos. Gracias a su alta concentraci\u00f3n en vitaminas y minerales, el moringa protege el coraz\u00f3n.<\/p>\n<p>Peso neto: 100 g<\/p>\n<p>Peso env\u00edo: 110 g<\/p>\n","protected":false},"featured_media":1296,"comment_status":"open","ping_status":"closed","template":"","meta":[],"product_cat":[16,75,68],"product_tag":[90,89,99,97,92,88,98],"yoast_head":"<!-- This site is optimized with the Yoast SEO plugin v22.7 - https:\/\/yoast.com\/wordpress\/plugins\/seo\/ -->\n<title>Moringa en Polvo de Bosque Comestible | Madre Sierra Products<\/title>\n<meta name=\"description\" content=\"Producido en bosques comestibles mexicanos. Gracias a su alta concentraci\u00f3n en vitaminas y minerales, el moringa protege el coraz\u00f3n\" \/>\n<meta name=\"robots\" content=\"index, follow, max-snippet:-1, max-image-preview:large, max-video-preview:-1\" \/>\n<link rel=\"canonical\" href=\"https:\/\/madresierraproducts.com\/es\/producto\/moringa-en-polvo\/\" \/>\n<meta property=\"og:locale\" content=\"es_ES\" \/>\n<meta property=\"og:type\" content=\"article\" \/>\n<meta property=\"og:title\" content=\"Moringa en Polvo de Bosque Comestible | Madre Sierra Products\" \/>\n<meta property=\"og:description\" content=\"Producido en bosques comestibles mexicanos. Gracias a su alta concentraci\u00f3n en vitaminas y minerales, el moringa protege el coraz\u00f3n\" \/>\n<meta property=\"og:url\" content=\"https:\/\/madresierraproducts.com\/es\/producto\/moringa-en-polvo\/\" \/>\n<meta property=\"og:site_name\" content=\"Madre Sierra Products\" \/>\n<meta property=\"article:publisher\" content=\"https:\/\/www.facebook.com\/madresierraproducts\/\" \/>\n<meta property=\"article:modified_time\" content=\"2022-12-14T12:18:45+00:00\" \/>\n<meta property=\"og:image\" content=\"https:\/\/madresierraproducts.com\/wp-content\/uploads\/2020\/10\/madre-sierra-products-moringa-polvo-3.jpg\" \/>\n\t<meta property=\"og:image:width\" content=\"800\" \/>\n\t<meta property=\"og:image:height\" content=\"800\" \/>\n\t<meta property=\"og:image:type\" content=\"image\/jpeg\" \/>\n<meta name=\"twitter:card\" content=\"summary_large_image\" \/>\n<script type=\"application\/ld+json\" class=\"yoast-schema-graph\">{\"@context\":\"https:\/\/schema.org\",\"@graph\":[{\"@type\":\"WebPage\",\"@id\":\"https:\/\/madresierraproducts.com\/producto\/moringa-en-polvo\/\",\"url\":\"https:\/\/madresierraproducts.com\/producto\/moringa-en-polvo\/\",\"name\":\"Moringa en Polvo de Bosque Comestible | Madre Sierra Products\",\"isPartOf\":{\"@id\":\"https:\/\/madresierraproducts.com\/es\/#website\"},\"primaryImageOfPage\":{\"@id\":\"https:\/\/madresierraproducts.com\/producto\/moringa-en-polvo\/#primaryimage\"},\"image\":{\"@id\":\"https:\/\/madresierraproducts.com\/producto\/moringa-en-polvo\/#primaryimage\"},\"thumbnailUrl\":\"https:\/\/madresierraproducts.com\/wp-content\/uploads\/2020\/10\/madre-sierra-products-moringa-polvo-3.jpg\",\"datePublished\":\"2020-10-02T10:38:52+00:00\",\"dateModified\":\"2022-12-14T12:18:45+00:00\",\"description\":\"Producido en bosques comestibles mexicanos. Gracias a su alta concentraci\u00f3n en vitaminas y minerales, el moringa protege el coraz\u00f3n\",\"breadcrumb\":{\"@id\":\"https:\/\/madresierraproducts.com\/producto\/moringa-en-polvo\/#breadcrumb\"},\"inLanguage\":\"es\",\"potentialAction\":[{\"@type\":\"ReadAction\",\"target\":[\"https:\/\/madresierraproducts.com\/producto\/moringa-en-polvo\/\"]}]},{\"@type\":\"ImageObject\",\"inLanguage\":\"es\",\"@id\":\"https:\/\/madresierraproducts.com\/producto\/moringa-en-polvo\/#primaryimage\",\"url\":\"https:\/\/madresierraproducts.com\/wp-content\/uploads\/2020\/10\/madre-sierra-products-moringa-polvo-3.jpg\",\"contentUrl\":\"https:\/\/madresierraproducts.com\/wp-content\/uploads\/2020\/10\/madre-sierra-products-moringa-polvo-3.jpg\",\"width\":800,\"height\":800,\"caption\":\"Moringa en polvo\"},{\"@type\":\"BreadcrumbList\",\"@id\":\"https:\/\/madresierraproducts.com\/producto\/moringa-en-polvo\/#breadcrumb\",\"itemListElement\":[{\"@type\":\"ListItem\",\"position\":1,\"name\":\"Home\",\"item\":\"https:\/\/madresierraproducts.com\/\"},{\"@type\":\"ListItem\",\"position\":2,\"name\":\"Tienda\",\"item\":\"https:\/\/madresierraproducts.com\/tienda\/\"},{\"@type\":\"ListItem\",\"position\":3,\"name\":\"Moringa en Polvo\"}]},{\"@type\":\"WebSite\",\"@id\":\"https:\/\/madresierraproducts.com\/es\/#website\",\"url\":\"https:\/\/madresierraproducts.com\/es\/\",\"name\":\"Madre Sierra Products\",\"description\":\"Valorando saberes tradicionales y recursos naturales de Bosques y Sierras del Mundo\",\"publisher\":{\"@id\":\"https:\/\/madresierraproducts.com\/es\/#organization\"},\"potentialAction\":[{\"@type\":\"SearchAction\",\"target\":{\"@type\":\"EntryPoint\",\"urlTemplate\":\"https:\/\/madresierraproducts.com\/es\/?s={search_term_string}\"},\"query-input\":\"required name=search_term_string\"}],\"inLanguage\":\"es\"},{\"@type\":\"Organization\",\"@id\":\"https:\/\/madresierraproducts.com\/es\/#organization\",\"name\":\"Madre Sierra Products\",\"url\":\"https:\/\/madresierraproducts.com\/es\/\",\"logo\":{\"@type\":\"ImageObject\",\"inLanguage\":\"es\",\"@id\":\"https:\/\/madresierraproducts.com\/es\/#\/schema\/logo\/image\/\",\"url\":\"https:\/\/madresierraproducts.com\/wp-content\/uploads\/2020\/05\/Logo_MadreSierra_Web.png\",\"contentUrl\":\"https:\/\/madresierraproducts.com\/wp-content\/uploads\/2020\/05\/Logo_MadreSierra_Web.png\",\"width\":667,\"height\":509,\"caption\":\"Madre Sierra Products\"},\"image\":{\"@id\":\"https:\/\/madresierraproducts.com\/es\/#\/schema\/logo\/image\/\"},\"sameAs\":[\"https:\/\/www.facebook.com\/madresierraproducts\/\",\"https:\/\/www.instagram.com\/madre_sierra_products\/\"]}]}<\/script>\n<!-- \/ Yoast SEO plugin. -->","yoast_head_json":{"title":"Moringa en Polvo de Bosque Comestible | Madre Sierra Products","description":"Producido en bosques comestibles mexicanos. Gracias a su alta concentraci\u00f3n en vitaminas y minerales, el moringa protege el coraz\u00f3n","robots":{"index":"index","follow":"follow","max-snippet":"max-snippet:-1","max-image-preview":"max-image-preview:large","max-video-preview":"max-video-preview:-1"},"canonical":"https:\/\/madresierraproducts.com\/es\/producto\/moringa-en-polvo\/","og_locale":"es_ES","og_type":"article","og_title":"Moringa en Polvo de Bosque Comestible | Madre Sierra Products","og_description":"Producido en bosques comestibles mexicanos. Gracias a su alta concentraci\u00f3n en vitaminas y minerales, el moringa protege el coraz\u00f3n","og_url":"https:\/\/madresierraproducts.com\/es\/producto\/moringa-en-polvo\/","og_site_name":"Madre Sierra Products","article_publisher":"https:\/\/www.facebook.com\/madresierraproducts\/","article_modified_time":"2022-12-14T12:18:45+00:00","og_image":[{"width":800,"height":800,"url":"https:\/\/madresierraproducts.com\/wp-content\/uploads\/2020\/10\/madre-sierra-products-moringa-polvo-3.jpg","type":"image\/jpeg"}],"twitter_card":"summary_large_image","schema":{"@context":"https:\/\/schema.org","@graph":[{"@type":"WebPage","@id":"https:\/\/madresierraproducts.com\/producto\/moringa-en-polvo\/","url":"https:\/\/madresierraproducts.com\/producto\/moringa-en-polvo\/","name":"Moringa en Polvo de Bosque Comestible | Madre Sierra Products","isPartOf":{"@id":"https:\/\/madresierraproducts.com\/es\/#website"},"primaryImageOfPage":{"@id":"https:\/\/madresierraproducts.com\/producto\/moringa-en-polvo\/#primaryimage"},"image":{"@id":"https:\/\/madresierraproducts.com\/producto\/moringa-en-polvo\/#primaryimage"},"thumbnailUrl":"https:\/\/madresierraproducts.com\/wp-content\/uploads\/2020\/10\/madre-sierra-products-moringa-polvo-3.jpg","datePublished":"2020-10-02T10:38:52+00:00","dateModified":"2022-12-14T12:18:45+00:00","description":"Producido en bosques comestibles mexicanos. Gracias a su alta concentraci\u00f3n en vitaminas y minerales, el moringa protege el coraz\u00f3n","breadcrumb":{"@id":"https:\/\/madresierraproducts.com\/producto\/moringa-en-polvo\/#breadcrumb"},"inLanguage":"es","potentialAction":[{"@type":"ReadAction","target":["https:\/\/madresierraproducts.com\/producto\/moringa-en-polvo\/"]}]},{"@type":"ImageObject","inLanguage":"es","@id":"https:\/\/madresierraproducts.com\/producto\/moringa-en-polvo\/#primaryimage","url":"https:\/\/madresierraproducts.com\/wp-content\/uploads\/2020\/10\/madre-sierra-products-moringa-polvo-3.jpg","contentUrl":"https:\/\/madresierraproducts.com\/wp-content\/uploads\/2020\/10\/madre-sierra-products-moringa-polvo-3.jpg","width":800,"height":800,"caption":"Moringa en polvo"},{"@type":"BreadcrumbList","@id":"https:\/\/madresierraproducts.com\/producto\/moringa-en-polvo\/#breadcrumb","itemListElement":[{"@type":"ListItem","position":1,"name":"Home","item":"https:\/\/madresierraproducts.com\/"},{"@type":"ListItem","position":2,"name":"Tienda","item":"https:\/\/madresierraproducts.com\/tienda\/"},{"@type":"ListItem","position":3,"name":"Moringa en Polvo"}]},{"@type":"WebSite","@id":"https:\/\/madresierraproducts.com\/es\/#website","url":"https:\/\/madresierraproducts.com\/es\/","name":"Madre Sierra Products","description":"Valorando saberes tradicionales y recursos naturales de Bosques y Sierras del Mundo","publisher":{"@id":"https:\/\/madresierraproducts.com\/es\/#organization"},"potentialAction":[{"@type":"SearchAction","target":{"@type":"EntryPoint","urlTemplate":"https:\/\/madresierraproducts.com\/es\/?s={search_term_string}"},"query-input":"required name=search_term_string"}],"inLanguage":"es"},{"@type":"Organization","@id":"https:\/\/madresierraproducts.com\/es\/#organization","name":"Madre Sierra Products","url":"https:\/\/madresierraproducts.com\/es\/","logo":{"@type":"ImageObject","inLanguage":"es","@id":"https:\/\/madresierraproducts.com\/es\/#\/schema\/logo\/image\/","url":"https:\/\/madresierraproducts.com\/wp-content\/uploads\/2020\/05\/Logo_MadreSierra_Web.png","contentUrl":"https:\/\/madresierraproducts.com\/wp-content\/uploads\/2020\/05\/Logo_MadreSierra_Web.png","width":667,"height":509,"caption":"Madre Sierra Products"},"image":{"@id":"https:\/\/madresierraproducts.com\/es\/#\/schema\/logo\/image\/"},"sameAs":["https:\/\/www.facebook.com\/madresierraproducts\/","https:\/\/www.instagram.com\/madre_sierra_products\/"]}]}},"_links":{"self":[{"href":"https:\/\/madresierraproducts.com\/es\/wp-json\/wp\/v2\/product\/972"}],"collection":[{"href":"https:\/\/madresierraproducts.com\/es\/wp-json\/wp\/v2\/product"}],"about":[{"href":"https:\/\/madresierraproducts.com\/es\/wp-json\/wp\/v2\/types\/product"}],"replies":[{"embeddable":true,"href":"https:\/\/madresierraproducts.com\/es\/wp-json\/wp\/v2\/comments?post=972"}],"wp:featuredmedia":[{"embeddable":true,"href":"https:\/\/madresierraproducts.com\/es\/wp-json\/wp\/v2\/media\/1296"}],"wp:attachment":[{"href":"https:\/\/madresierraproducts.com\/es\/wp-json\/wp\/v2\/media?parent=972"}],"wp:term":[{"taxonomy":"product_cat","embeddable":true,"href":"https:\/\/madresierraproducts.com\/es\/wp-json\/wp\/v2\/product_cat?post=972"},{"taxonomy":"product_tag","embeddable":true,"href":"https:\/\/madresierraproducts.com\/es\/wp-json\/wp\/v2\/product_tag?post=972"}],"curies":[{"name":"wp","href":"https:\/\/api.w.org\/{rel}","templated":true}]}}