{"id":73,"date":"2013-06-07T11:27:38","date_gmt":"2013-06-07T09:27:38","guid":{"rendered":"http:\/\/demo2.woothemes.com\/woocommerce\/?post_type=product&#038;p=73"},"modified":"2025-03-01T02:20:05","modified_gmt":"2025-03-01T01:20:05","slug":"cafe-natural-sostenible","status":"publish","type":"product","link":"https:\/\/madresierraproducts.com\/es\/producto\/cafe-natural-sostenible\/","title":{"rendered":"Caf\u00e9 Natural Sostenible, \u00abLa Cuesta\u00bb"},"content":{"rendered":"<p class=\"p1\"><strong>Caf\u00e9 de Especialidad<\/strong>, 100% ar\u00e1bica, originario de un micro lote cosechado en la Sierra Madre Occidental, en la localidad de La Cuesta en Talpa de Allende, Jalisco, M\u00e9xico. Caf\u00e9 cultivado de manera ancestral a una altura de 1550 mts a 1700 mts de altitud, bajo la sombra de un bosque primario y protegido. Madre Sierra Products, trata directamente con dos mujeres productoras y gestiona desde la selecci\u00f3n de la cereza de caf\u00e9 hasta su importaci\u00f3n directa hasta <strong>Mallorca<\/strong>, Espa\u00f1a. Este caf\u00e9 est\u00e1 procesado de manera natural (secado de la cereza de caf\u00e9 con su pulpa, al sol), y s\u00fatilmente tostado con pasi\u00f3n, en el coraz\u00f3n de la <strong>Serra de Tramuntana<\/strong>, en Banyalbufar, <strong>Mallorca<\/strong>. Caf\u00e9 a la taza con cuerpo onctuoso y notas suaves de cacao, almendra, miel y frutos rojos.<\/p>\n<p>&nbsp;<\/p>\n<p><strong>Ingredientes:\u00a0<\/strong><span style=\"font-size: 10pt;\">Caf\u00e9 <strong>sostenible<\/strong><\/span><\/p>\n<p>&nbsp;<\/p>\n<table style=\"width: 64.9288%; height: 105px;\" width=\"559\">\n<tbody>\n<tr style=\"height: 24px;\">\n<td style=\"width: 50.0827%; height: 24px;\" width=\"256\"><strong>Informaci\u00f3n nutricional por 270 g:<\/strong><\/td>\n<td style=\"width: 11.0835%; height: 24px;\" width=\"237\"><\/td>\n<td style=\"width: 51.1025%; height: 24px;\" width=\"66\"><\/td>\n<\/tr>\n<tr style=\"height: 24px;\">\n<td style=\"width: 50.0827%; height: 24px;\"><\/td>\n<td style=\"width: 11.0835%; height: 24px;\"><span style=\"font-size: 10pt;\">Sodio<\/span><\/td>\n<td style=\"width: 51.1025%; height: 24px;\"><span style=\"font-size: 10pt;\">6 mg<\/span><\/td>\n<\/tr>\n<tr style=\"height: 24px;\">\n<td style=\"width: 50.0827%; height: 24px;\"><\/td>\n<td style=\"width: 11.0835%; height: 24px;\"><span style=\"font-size: 10pt;\">Potasio<\/span><\/td>\n<td style=\"width: 51.1025%; height: 24px;\"><span style=\"font-size: 10pt;\">132,15 mg<\/span><\/td>\n<\/tr>\n<tr style=\"height: 24px;\">\n<td style=\"width: 50.0827%; height: 24px;\"><\/td>\n<td style=\"width: 11.0835%; height: 24px;\"><span style=\"font-size: 10pt;\">Prote\u00edna<\/span><\/td>\n<td style=\"width: 51.1025%; height: 24px;\"><span style=\"font-size: 10pt;\">0,3 g<\/span><\/td>\n<\/tr>\n<\/tbody>\n<\/table>\n","protected":false},"excerpt":{"rendered":"<p>Seleccionado en cultivos ancestrales forestales en la Sierra Madre de Jalisco, M\u00e9xico. Tostado en Banyalbufar, <strong>Mallorca<\/strong>. 100% Ar\u00e1bica, silvestre, y natural. Fruto de un emprendimiento femenino y solidario.<\/p>\n<p>Cosechado a 1750m de altura, Procesado Natural, Seleccionado y Tostado con amor, consciencia y respeto.<\/p>\n<p>Descubre nuestra historia relacionada con este caf\u00e9 en la descripci\u00f3n de nuestra iniciativa !\u00a0 \u00a0Aqu\u00ed&#8212;-&gt;\u00a0 \u00a0https:\/\/madresierraproducts.com\/es\/iniciativa\/<\/p>\n","protected":false},"featured_media":1197,"comment_status":"open","ping_status":"closed","template":"","meta":[],"product_cat":[16,66,68],"product_tag":[93,87,91,70,90,89,94,92,88],"yoast_head":"<!-- This site is optimized with the Yoast SEO plugin v22.7 - https:\/\/yoast.com\/wordpress\/plugins\/seo\/ -->\n<title>Caf\u00e9 de Especialidad: Origen en la Sierra Madre Occidental, Jalisco, M\u00e9xico | Madre Sierra Products<\/title>\n<meta name=\"description\" content=\"Caf\u00e9 de especialidad y sostenible. Notas de cacao, frutas rojas y miel. Originario de cultivos ancestrales en los bosques de M\u00e9xico. Tostado en Mallorca.\" \/>\n<meta name=\"robots\" content=\"index, follow, max-snippet:-1, max-image-preview:large, max-video-preview:-1\" \/>\n<link rel=\"canonical\" href=\"https:\/\/madresierraproducts.com\/es\/producto\/cafe-natural-sostenible\/\" \/>\n<meta property=\"og:locale\" content=\"es_ES\" \/>\n<meta property=\"og:type\" content=\"article\" \/>\n<meta property=\"og:title\" content=\"Caf\u00e9 de Especialidad: Origen en la Sierra Madre Occidental, Jalisco, M\u00e9xico | Madre Sierra Products\" \/>\n<meta property=\"og:description\" content=\"Caf\u00e9 de especialidad y sostenible. Notas de cacao, frutas rojas y miel. Originario de cultivos ancestrales en los bosques de M\u00e9xico. Tostado en Mallorca.\" \/>\n<meta property=\"og:url\" content=\"https:\/\/madresierraproducts.com\/es\/producto\/cafe-natural-sostenible\/\" \/>\n<meta property=\"og:site_name\" content=\"Madre Sierra Products\" \/>\n<meta property=\"article:publisher\" content=\"https:\/\/www.facebook.com\/madresierraproducts\/\" \/>\n<meta property=\"article:modified_time\" content=\"2025-03-01T01:20:05+00:00\" \/>\n<meta property=\"og:image\" content=\"https:\/\/madresierraproducts.com\/wp-content\/uploads\/2013\/06\/madre-sierra-products-cafe-grano-y-molido.jpg\" \/>\n\t<meta property=\"og:image:width\" content=\"800\" \/>\n\t<meta property=\"og:image:height\" content=\"800\" \/>\n\t<meta property=\"og:image:type\" content=\"image\/jpeg\" \/>\n<meta name=\"twitter:card\" content=\"summary_large_image\" \/>\n<meta name=\"twitter:label1\" content=\"Tiempo de lectura\" \/>\n\t<meta name=\"twitter:data1\" content=\"1 minuto\" \/>\n<script type=\"application\/ld+json\" class=\"yoast-schema-graph\">{\"@context\":\"https:\/\/schema.org\",\"@graph\":[{\"@type\":\"WebPage\",\"@id\":\"https:\/\/madresierraproducts.com\/producto\/cafe-natural-sostenible\/\",\"url\":\"https:\/\/madresierraproducts.com\/producto\/cafe-natural-sostenible\/\",\"name\":\"Caf\u00e9 de Especialidad: Origen en la Sierra Madre Occidental, Jalisco, M\u00e9xico | Madre Sierra Products\",\"isPartOf\":{\"@id\":\"https:\/\/madresierraproducts.com\/es\/#website\"},\"primaryImageOfPage\":{\"@id\":\"https:\/\/madresierraproducts.com\/producto\/cafe-natural-sostenible\/#primaryimage\"},\"image\":{\"@id\":\"https:\/\/madresierraproducts.com\/producto\/cafe-natural-sostenible\/#primaryimage\"},\"thumbnailUrl\":\"https:\/\/madresierraproducts.com\/wp-content\/uploads\/2013\/06\/madre-sierra-products-cafe-grano-y-molido.jpg\",\"datePublished\":\"2013-06-07T09:27:38+00:00\",\"dateModified\":\"2025-03-01T01:20:05+00:00\",\"description\":\"Caf\u00e9 de especialidad y sostenible. Notas de cacao, frutas rojas y miel. Originario de cultivos ancestrales en los bosques de M\u00e9xico. Tostado en Mallorca.\",\"breadcrumb\":{\"@id\":\"https:\/\/madresierraproducts.com\/producto\/cafe-natural-sostenible\/#breadcrumb\"},\"inLanguage\":\"es\",\"potentialAction\":[{\"@type\":\"ReadAction\",\"target\":[\"https:\/\/madresierraproducts.com\/producto\/cafe-natural-sostenible\/\"]}]},{\"@type\":\"ImageObject\",\"inLanguage\":\"es\",\"@id\":\"https:\/\/madresierraproducts.com\/producto\/cafe-natural-sostenible\/#primaryimage\",\"url\":\"https:\/\/madresierraproducts.com\/wp-content\/uploads\/2013\/06\/madre-sierra-products-cafe-grano-y-molido.jpg\",\"contentUrl\":\"https:\/\/madresierraproducts.com\/wp-content\/uploads\/2013\/06\/madre-sierra-products-cafe-grano-y-molido.jpg\",\"width\":800,\"height\":800,\"caption\":\"cafe grano y molido\"},{\"@type\":\"BreadcrumbList\",\"@id\":\"https:\/\/madresierraproducts.com\/producto\/cafe-natural-sostenible\/#breadcrumb\",\"itemListElement\":[{\"@type\":\"ListItem\",\"position\":1,\"name\":\"Home\",\"item\":\"https:\/\/madresierraproducts.com\/\"},{\"@type\":\"ListItem\",\"position\":2,\"name\":\"Tienda\",\"item\":\"https:\/\/madresierraproducts.com\/tienda\/\"},{\"@type\":\"ListItem\",\"position\":3,\"name\":\"Caf\u00e9 Natural Sostenible, \u00abLa Cuesta\u00bb\"}]},{\"@type\":\"WebSite\",\"@id\":\"https:\/\/madresierraproducts.com\/es\/#website\",\"url\":\"https:\/\/madresierraproducts.com\/es\/\",\"name\":\"Madre Sierra Products\",\"description\":\"Valorando saberes tradicionales y recursos naturales de Bosques y Sierras del Mundo\",\"publisher\":{\"@id\":\"https:\/\/madresierraproducts.com\/es\/#organization\"},\"potentialAction\":[{\"@type\":\"SearchAction\",\"target\":{\"@type\":\"EntryPoint\",\"urlTemplate\":\"https:\/\/madresierraproducts.com\/es\/?s={search_term_string}\"},\"query-input\":\"required name=search_term_string\"}],\"inLanguage\":\"es\"},{\"@type\":\"Organization\",\"@id\":\"https:\/\/madresierraproducts.com\/es\/#organization\",\"name\":\"Madre Sierra Products\",\"url\":\"https:\/\/madresierraproducts.com\/es\/\",\"logo\":{\"@type\":\"ImageObject\",\"inLanguage\":\"es\",\"@id\":\"https:\/\/madresierraproducts.com\/es\/#\/schema\/logo\/image\/\",\"url\":\"https:\/\/madresierraproducts.com\/wp-content\/uploads\/2020\/05\/Logo_MadreSierra_Web.png\",\"contentUrl\":\"https:\/\/madresierraproducts.com\/wp-content\/uploads\/2020\/05\/Logo_MadreSierra_Web.png\",\"width\":667,\"height\":509,\"caption\":\"Madre Sierra Products\"},\"image\":{\"@id\":\"https:\/\/madresierraproducts.com\/es\/#\/schema\/logo\/image\/\"},\"sameAs\":[\"https:\/\/www.facebook.com\/madresierraproducts\/\",\"https:\/\/www.instagram.com\/madre_sierra_products\/\"]}]}<\/script>\n<!-- \/ Yoast SEO plugin. -->","yoast_head_json":{"title":"Caf\u00e9 de Especialidad: Origen en la Sierra Madre Occidental, Jalisco, M\u00e9xico | Madre Sierra Products","description":"Caf\u00e9 de especialidad y sostenible. Notas de cacao, frutas rojas y miel. Originario de cultivos ancestrales en los bosques de M\u00e9xico. Tostado en Mallorca.","robots":{"index":"index","follow":"follow","max-snippet":"max-snippet:-1","max-image-preview":"max-image-preview:large","max-video-preview":"max-video-preview:-1"},"canonical":"https:\/\/madresierraproducts.com\/es\/producto\/cafe-natural-sostenible\/","og_locale":"es_ES","og_type":"article","og_title":"Caf\u00e9 de Especialidad: Origen en la Sierra Madre Occidental, Jalisco, M\u00e9xico | Madre Sierra Products","og_description":"Caf\u00e9 de especialidad y sostenible. Notas de cacao, frutas rojas y miel. Originario de cultivos ancestrales en los bosques de M\u00e9xico. Tostado en Mallorca.","og_url":"https:\/\/madresierraproducts.com\/es\/producto\/cafe-natural-sostenible\/","og_site_name":"Madre Sierra Products","article_publisher":"https:\/\/www.facebook.com\/madresierraproducts\/","article_modified_time":"2025-03-01T01:20:05+00:00","og_image":[{"width":800,"height":800,"url":"https:\/\/madresierraproducts.com\/wp-content\/uploads\/2013\/06\/madre-sierra-products-cafe-grano-y-molido.jpg","type":"image\/jpeg"}],"twitter_card":"summary_large_image","twitter_misc":{"Tiempo de lectura":"1 minuto"},"schema":{"@context":"https:\/\/schema.org","@graph":[{"@type":"WebPage","@id":"https:\/\/madresierraproducts.com\/producto\/cafe-natural-sostenible\/","url":"https:\/\/madresierraproducts.com\/producto\/cafe-natural-sostenible\/","name":"Caf\u00e9 de Especialidad: Origen en la Sierra Madre Occidental, Jalisco, M\u00e9xico | Madre Sierra Products","isPartOf":{"@id":"https:\/\/madresierraproducts.com\/es\/#website"},"primaryImageOfPage":{"@id":"https:\/\/madresierraproducts.com\/producto\/cafe-natural-sostenible\/#primaryimage"},"image":{"@id":"https:\/\/madresierraproducts.com\/producto\/cafe-natural-sostenible\/#primaryimage"},"thumbnailUrl":"https:\/\/madresierraproducts.com\/wp-content\/uploads\/2013\/06\/madre-sierra-products-cafe-grano-y-molido.jpg","datePublished":"2013-06-07T09:27:38+00:00","dateModified":"2025-03-01T01:20:05+00:00","description":"Caf\u00e9 de especialidad y sostenible. Notas de cacao, frutas rojas y miel. Originario de cultivos ancestrales en los bosques de M\u00e9xico. Tostado en Mallorca.","breadcrumb":{"@id":"https:\/\/madresierraproducts.com\/producto\/cafe-natural-sostenible\/#breadcrumb"},"inLanguage":"es","potentialAction":[{"@type":"ReadAction","target":["https:\/\/madresierraproducts.com\/producto\/cafe-natural-sostenible\/"]}]},{"@type":"ImageObject","inLanguage":"es","@id":"https:\/\/madresierraproducts.com\/producto\/cafe-natural-sostenible\/#primaryimage","url":"https:\/\/madresierraproducts.com\/wp-content\/uploads\/2013\/06\/madre-sierra-products-cafe-grano-y-molido.jpg","contentUrl":"https:\/\/madresierraproducts.com\/wp-content\/uploads\/2013\/06\/madre-sierra-products-cafe-grano-y-molido.jpg","width":800,"height":800,"caption":"cafe grano y molido"},{"@type":"BreadcrumbList","@id":"https:\/\/madresierraproducts.com\/producto\/cafe-natural-sostenible\/#breadcrumb","itemListElement":[{"@type":"ListItem","position":1,"name":"Home","item":"https:\/\/madresierraproducts.com\/"},{"@type":"ListItem","position":2,"name":"Tienda","item":"https:\/\/madresierraproducts.com\/tienda\/"},{"@type":"ListItem","position":3,"name":"Caf\u00e9 Natural Sostenible, \u00abLa Cuesta\u00bb"}]},{"@type":"WebSite","@id":"https:\/\/madresierraproducts.com\/es\/#website","url":"https:\/\/madresierraproducts.com\/es\/","name":"Madre Sierra Products","description":"Valorando saberes tradicionales y recursos naturales de Bosques y Sierras del Mundo","publisher":{"@id":"https:\/\/madresierraproducts.com\/es\/#organization"},"potentialAction":[{"@type":"SearchAction","target":{"@type":"EntryPoint","urlTemplate":"https:\/\/madresierraproducts.com\/es\/?s={search_term_string}"},"query-input":"required name=search_term_string"}],"inLanguage":"es"},{"@type":"Organization","@id":"https:\/\/madresierraproducts.com\/es\/#organization","name":"Madre Sierra Products","url":"https:\/\/madresierraproducts.com\/es\/","logo":{"@type":"ImageObject","inLanguage":"es","@id":"https:\/\/madresierraproducts.com\/es\/#\/schema\/logo\/image\/","url":"https:\/\/madresierraproducts.com\/wp-content\/uploads\/2020\/05\/Logo_MadreSierra_Web.png","contentUrl":"https:\/\/madresierraproducts.com\/wp-content\/uploads\/2020\/05\/Logo_MadreSierra_Web.png","width":667,"height":509,"caption":"Madre Sierra Products"},"image":{"@id":"https:\/\/madresierraproducts.com\/es\/#\/schema\/logo\/image\/"},"sameAs":["https:\/\/www.facebook.com\/madresierraproducts\/","https:\/\/www.instagram.com\/madre_sierra_products\/"]}]}},"_links":{"self":[{"href":"https:\/\/madresierraproducts.com\/es\/wp-json\/wp\/v2\/product\/73"}],"collection":[{"href":"https:\/\/madresierraproducts.com\/es\/wp-json\/wp\/v2\/product"}],"about":[{"href":"https:\/\/madresierraproducts.com\/es\/wp-json\/wp\/v2\/types\/product"}],"replies":[{"embeddable":true,"href":"https:\/\/madresierraproducts.com\/es\/wp-json\/wp\/v2\/comments?post=73"}],"wp:featuredmedia":[{"embeddable":true,"href":"https:\/\/madresierraproducts.com\/es\/wp-json\/wp\/v2\/media\/1197"}],"wp:attachment":[{"href":"https:\/\/madresierraproducts.com\/es\/wp-json\/wp\/v2\/media?parent=73"}],"wp:term":[{"taxonomy":"product_cat","embeddable":true,"href":"https:\/\/madresierraproducts.com\/es\/wp-json\/wp\/v2\/product_cat?post=73"},{"taxonomy":"product_tag","embeddable":true,"href":"https:\/\/madresierraproducts.com\/es\/wp-json\/wp\/v2\/product_tag?post=73"}],"curies":[{"name":"wp","href":"https:\/\/api.w.org\/{rel}","templated":true}]}}