{"id":312,"date":"2015-05-27T13:14:28","date_gmt":"2015-05-27T11:14:28","guid":{"rendered":"http:\/\/demo-content.kaliumtheme.com\/shop\/product\/nourished\/"},"modified":"2024-01-24T23:43:45","modified_gmt":"2024-01-24T22:43:45","slug":"pimienta-gorda-jamaica","status":"publish","type":"product","link":"https:\/\/madresierraproducts.com\/es\/producto\/pimienta-gorda-jamaica\/","title":{"rendered":"Pimienta Gorda, Pimienta Jama\u00efca de Bosque Comestible"},"content":{"rendered":"<p>Esta pimienta gorda, tambi\u00e9n llamada pimienta jama\u00efca, proviene de un \u00e1rbol originario de mesoam\u00e9rica, que provee sombra a los cultivos de cacao, caf\u00e9 y vainilla en los bosques comestibles. Sus granos presentan un aroma intenso y sutil, mezclando notas de cardamomo, canela, clavo y pimienta negra. Condimento perfecto para sus platos, caldos, y m\u00e1s delicias.<\/p>\n<p>&nbsp;<\/p>\n<p><strong>Ingredientes:<\/strong>\u00a0 \u00a0<span style=\"font-size: 10pt;\">Pimienta<\/span><\/p>\n<p>&nbsp;<\/p>\n<table style=\"width: 67.129%; height: 121px;\" width=\"559\">\n<tbody>\n<tr style=\"height: 24px;\">\n<td style=\"width: 47.6084%; height: 24px;\" width=\"256\"><strong>Informaci\u00f3n nutricional por 100g:<\/strong><\/td>\n<td style=\"width: 19.4641%; height: 24px;\" width=\"237\"><span style=\"font-size: 10pt;\">Valor energ\u00e9tico<\/span><\/td>\n<td style=\"width: 46.399%; height: 24px;\" width=\"66\"><span style=\"font-size: 10pt;\">263 kcal<\/span><\/td>\n<\/tr>\n<tr style=\"height: 25px;\">\n<td style=\"width: 47.6084%; height: 25px;\"><strong>\u00a0<\/strong><\/td>\n<td style=\"width: 19.4641%; height: 25px;\"><span style=\"font-size: 10pt;\">Carbohidratos<\/span><\/td>\n<td style=\"width: 46.399%; height: 25px;\"><span style=\"font-size: 10pt;\">72,12 g<\/span><\/td>\n<\/tr>\n<tr style=\"height: 24px;\">\n<td style=\"width: 47.6084%; height: 24px;\"><\/td>\n<td style=\"width: 19.4641%; height: 24px;\"><span style=\"font-size: 10pt;\">Grasas<\/span><\/td>\n<td style=\"width: 46.399%; height: 24px;\"><span style=\"font-size: 10pt;\">0 g<\/span><\/td>\n<\/tr>\n<tr style=\"height: 24px;\">\n<td style=\"width: 47.6084%; height: 24px;\"><\/td>\n<td style=\"width: 19.4641%; height: 24px;\"><span style=\"font-size: 10pt;\">Fibra alimentaria<\/span><\/td>\n<td style=\"width: 46.399%; height: 24px;\"><span style=\"font-size: 10pt;\">21,6 g<\/span><\/td>\n<\/tr>\n<tr style=\"height: 24px;\">\n<td style=\"width: 47.6084%; height: 24px;\"><\/td>\n<td style=\"width: 19.4641%; height: 24px;\"><span style=\"font-size: 10pt;\">Prote\u00ednas<\/span><\/td>\n<td style=\"width: 46.399%; height: 24px;\"><span style=\"font-size: 10pt;\">6,09 g<\/span><\/td>\n<\/tr>\n<\/tbody>\n<\/table>\n","protected":false},"excerpt":{"rendered":"<p>Sus granos presentan un aroma intenso y sutil, mezclando notas de cardamomo, canela, clavo y pimienta negra. Condimento perfecto para sus platos, caldos, y m\u00e1s delicias.<\/p>\n<p>Peso neto: 50 g<\/p>\n<p>Peso env\u00edo: 60 g<\/p>\n","protected":false},"featured_media":1193,"comment_status":"open","ping_status":"closed","template":"","meta":[],"product_cat":[16,75,68],"product_tag":[90,89,101,92,88],"yoast_head":"<!-- This site is optimized with the Yoast SEO plugin v22.7 - https:\/\/yoast.com\/wordpress\/plugins\/seo\/ -->\n<title>Pimienta Gorda Jamaica de Bosques Comestibles | Madre Sierra Products<\/title>\n<meta name=\"description\" content=\"Sus granos presentan un aroma intenso y sutil, mezclando notas de cardamomo, canela, clavo y pimienta negra.\" \/>\n<meta name=\"robots\" content=\"index, follow, max-snippet:-1, max-image-preview:large, max-video-preview:-1\" \/>\n<link rel=\"canonical\" href=\"https:\/\/madresierraproducts.com\/es\/producto\/pimienta-gorda-jamaica\/\" \/>\n<meta property=\"og:locale\" content=\"es_ES\" \/>\n<meta property=\"og:type\" content=\"article\" \/>\n<meta property=\"og:title\" content=\"Pimienta Gorda Jamaica de Bosques Comestibles | Madre Sierra Products\" \/>\n<meta property=\"og:description\" content=\"Sus granos presentan un aroma intenso y sutil, mezclando notas de cardamomo, canela, clavo y pimienta negra.\" \/>\n<meta property=\"og:url\" content=\"https:\/\/madresierraproducts.com\/es\/producto\/pimienta-gorda-jamaica\/\" \/>\n<meta property=\"og:site_name\" content=\"Madre Sierra Products\" \/>\n<meta property=\"article:publisher\" content=\"https:\/\/www.facebook.com\/madresierraproducts\/\" \/>\n<meta property=\"article:modified_time\" content=\"2024-01-24T22:43:45+00:00\" \/>\n<meta property=\"og:image\" content=\"https:\/\/madresierraproducts.com\/wp-content\/uploads\/2015\/05\/madre-sierra-products-pimienta-jamaica.jpg\" \/>\n\t<meta property=\"og:image:width\" content=\"800\" \/>\n\t<meta property=\"og:image:height\" content=\"800\" \/>\n\t<meta property=\"og:image:type\" content=\"image\/jpeg\" \/>\n<meta name=\"twitter:card\" content=\"summary_large_image\" \/>\n<script type=\"application\/ld+json\" class=\"yoast-schema-graph\">{\"@context\":\"https:\/\/schema.org\",\"@graph\":[{\"@type\":\"WebPage\",\"@id\":\"https:\/\/madresierraproducts.com\/producto\/pimienta-gorda-jamaica\/\",\"url\":\"https:\/\/madresierraproducts.com\/producto\/pimienta-gorda-jamaica\/\",\"name\":\"Pimienta Gorda Jamaica de Bosques Comestibles | Madre Sierra Products\",\"isPartOf\":{\"@id\":\"https:\/\/madresierraproducts.com\/es\/#website\"},\"primaryImageOfPage\":{\"@id\":\"https:\/\/madresierraproducts.com\/producto\/pimienta-gorda-jamaica\/#primaryimage\"},\"image\":{\"@id\":\"https:\/\/madresierraproducts.com\/producto\/pimienta-gorda-jamaica\/#primaryimage\"},\"thumbnailUrl\":\"https:\/\/madresierraproducts.com\/wp-content\/uploads\/2015\/05\/madre-sierra-products-pimienta-jamaica.jpg\",\"datePublished\":\"2015-05-27T11:14:28+00:00\",\"dateModified\":\"2024-01-24T22:43:45+00:00\",\"description\":\"Sus granos presentan un aroma intenso y sutil, mezclando notas de cardamomo, canela, clavo y pimienta negra.\",\"breadcrumb\":{\"@id\":\"https:\/\/madresierraproducts.com\/producto\/pimienta-gorda-jamaica\/#breadcrumb\"},\"inLanguage\":\"es\",\"potentialAction\":[{\"@type\":\"ReadAction\",\"target\":[\"https:\/\/madresierraproducts.com\/producto\/pimienta-gorda-jamaica\/\"]}]},{\"@type\":\"ImageObject\",\"inLanguage\":\"es\",\"@id\":\"https:\/\/madresierraproducts.com\/producto\/pimienta-gorda-jamaica\/#primaryimage\",\"url\":\"https:\/\/madresierraproducts.com\/wp-content\/uploads\/2015\/05\/madre-sierra-products-pimienta-jamaica.jpg\",\"contentUrl\":\"https:\/\/madresierraproducts.com\/wp-content\/uploads\/2015\/05\/madre-sierra-products-pimienta-jamaica.jpg\",\"width\":800,\"height\":800,\"caption\":\"Pimienta gorda jamaica\"},{\"@type\":\"BreadcrumbList\",\"@id\":\"https:\/\/madresierraproducts.com\/producto\/pimienta-gorda-jamaica\/#breadcrumb\",\"itemListElement\":[{\"@type\":\"ListItem\",\"position\":1,\"name\":\"Home\",\"item\":\"https:\/\/madresierraproducts.com\/\"},{\"@type\":\"ListItem\",\"position\":2,\"name\":\"Tienda\",\"item\":\"https:\/\/madresierraproducts.com\/tienda\/\"},{\"@type\":\"ListItem\",\"position\":3,\"name\":\"Pimienta Gorda, Pimienta Jama\u00efca de Bosque Comestible\"}]},{\"@type\":\"WebSite\",\"@id\":\"https:\/\/madresierraproducts.com\/es\/#website\",\"url\":\"https:\/\/madresierraproducts.com\/es\/\",\"name\":\"Madre Sierra Products\",\"description\":\"Valorando saberes tradicionales y recursos naturales de Bosques y Sierras del Mundo\",\"publisher\":{\"@id\":\"https:\/\/madresierraproducts.com\/es\/#organization\"},\"potentialAction\":[{\"@type\":\"SearchAction\",\"target\":{\"@type\":\"EntryPoint\",\"urlTemplate\":\"https:\/\/madresierraproducts.com\/es\/?s={search_term_string}\"},\"query-input\":\"required name=search_term_string\"}],\"inLanguage\":\"es\"},{\"@type\":\"Organization\",\"@id\":\"https:\/\/madresierraproducts.com\/es\/#organization\",\"name\":\"Madre Sierra Products\",\"url\":\"https:\/\/madresierraproducts.com\/es\/\",\"logo\":{\"@type\":\"ImageObject\",\"inLanguage\":\"es\",\"@id\":\"https:\/\/madresierraproducts.com\/es\/#\/schema\/logo\/image\/\",\"url\":\"https:\/\/madresierraproducts.com\/wp-content\/uploads\/2020\/05\/Logo_MadreSierra_Web.png\",\"contentUrl\":\"https:\/\/madresierraproducts.com\/wp-content\/uploads\/2020\/05\/Logo_MadreSierra_Web.png\",\"width\":667,\"height\":509,\"caption\":\"Madre Sierra Products\"},\"image\":{\"@id\":\"https:\/\/madresierraproducts.com\/es\/#\/schema\/logo\/image\/\"},\"sameAs\":[\"https:\/\/www.facebook.com\/madresierraproducts\/\",\"https:\/\/www.instagram.com\/madre_sierra_products\/\"]}]}<\/script>\n<!-- \/ Yoast SEO plugin. -->","yoast_head_json":{"title":"Pimienta Gorda Jamaica de Bosques Comestibles | Madre Sierra Products","description":"Sus granos presentan un aroma intenso y sutil, mezclando notas de cardamomo, canela, clavo y pimienta negra.","robots":{"index":"index","follow":"follow","max-snippet":"max-snippet:-1","max-image-preview":"max-image-preview:large","max-video-preview":"max-video-preview:-1"},"canonical":"https:\/\/madresierraproducts.com\/es\/producto\/pimienta-gorda-jamaica\/","og_locale":"es_ES","og_type":"article","og_title":"Pimienta Gorda Jamaica de Bosques Comestibles | Madre Sierra Products","og_description":"Sus granos presentan un aroma intenso y sutil, mezclando notas de cardamomo, canela, clavo y pimienta negra.","og_url":"https:\/\/madresierraproducts.com\/es\/producto\/pimienta-gorda-jamaica\/","og_site_name":"Madre Sierra Products","article_publisher":"https:\/\/www.facebook.com\/madresierraproducts\/","article_modified_time":"2024-01-24T22:43:45+00:00","og_image":[{"width":800,"height":800,"url":"https:\/\/madresierraproducts.com\/wp-content\/uploads\/2015\/05\/madre-sierra-products-pimienta-jamaica.jpg","type":"image\/jpeg"}],"twitter_card":"summary_large_image","schema":{"@context":"https:\/\/schema.org","@graph":[{"@type":"WebPage","@id":"https:\/\/madresierraproducts.com\/producto\/pimienta-gorda-jamaica\/","url":"https:\/\/madresierraproducts.com\/producto\/pimienta-gorda-jamaica\/","name":"Pimienta Gorda Jamaica de Bosques Comestibles | Madre Sierra Products","isPartOf":{"@id":"https:\/\/madresierraproducts.com\/es\/#website"},"primaryImageOfPage":{"@id":"https:\/\/madresierraproducts.com\/producto\/pimienta-gorda-jamaica\/#primaryimage"},"image":{"@id":"https:\/\/madresierraproducts.com\/producto\/pimienta-gorda-jamaica\/#primaryimage"},"thumbnailUrl":"https:\/\/madresierraproducts.com\/wp-content\/uploads\/2015\/05\/madre-sierra-products-pimienta-jamaica.jpg","datePublished":"2015-05-27T11:14:28+00:00","dateModified":"2024-01-24T22:43:45+00:00","description":"Sus granos presentan un aroma intenso y sutil, mezclando notas de cardamomo, canela, clavo y pimienta negra.","breadcrumb":{"@id":"https:\/\/madresierraproducts.com\/producto\/pimienta-gorda-jamaica\/#breadcrumb"},"inLanguage":"es","potentialAction":[{"@type":"ReadAction","target":["https:\/\/madresierraproducts.com\/producto\/pimienta-gorda-jamaica\/"]}]},{"@type":"ImageObject","inLanguage":"es","@id":"https:\/\/madresierraproducts.com\/producto\/pimienta-gorda-jamaica\/#primaryimage","url":"https:\/\/madresierraproducts.com\/wp-content\/uploads\/2015\/05\/madre-sierra-products-pimienta-jamaica.jpg","contentUrl":"https:\/\/madresierraproducts.com\/wp-content\/uploads\/2015\/05\/madre-sierra-products-pimienta-jamaica.jpg","width":800,"height":800,"caption":"Pimienta gorda jamaica"},{"@type":"BreadcrumbList","@id":"https:\/\/madresierraproducts.com\/producto\/pimienta-gorda-jamaica\/#breadcrumb","itemListElement":[{"@type":"ListItem","position":1,"name":"Home","item":"https:\/\/madresierraproducts.com\/"},{"@type":"ListItem","position":2,"name":"Tienda","item":"https:\/\/madresierraproducts.com\/tienda\/"},{"@type":"ListItem","position":3,"name":"Pimienta Gorda, Pimienta Jama\u00efca de Bosque Comestible"}]},{"@type":"WebSite","@id":"https:\/\/madresierraproducts.com\/es\/#website","url":"https:\/\/madresierraproducts.com\/es\/","name":"Madre Sierra Products","description":"Valorando saberes tradicionales y recursos naturales de Bosques y Sierras del Mundo","publisher":{"@id":"https:\/\/madresierraproducts.com\/es\/#organization"},"potentialAction":[{"@type":"SearchAction","target":{"@type":"EntryPoint","urlTemplate":"https:\/\/madresierraproducts.com\/es\/?s={search_term_string}"},"query-input":"required name=search_term_string"}],"inLanguage":"es"},{"@type":"Organization","@id":"https:\/\/madresierraproducts.com\/es\/#organization","name":"Madre Sierra Products","url":"https:\/\/madresierraproducts.com\/es\/","logo":{"@type":"ImageObject","inLanguage":"es","@id":"https:\/\/madresierraproducts.com\/es\/#\/schema\/logo\/image\/","url":"https:\/\/madresierraproducts.com\/wp-content\/uploads\/2020\/05\/Logo_MadreSierra_Web.png","contentUrl":"https:\/\/madresierraproducts.com\/wp-content\/uploads\/2020\/05\/Logo_MadreSierra_Web.png","width":667,"height":509,"caption":"Madre Sierra Products"},"image":{"@id":"https:\/\/madresierraproducts.com\/es\/#\/schema\/logo\/image\/"},"sameAs":["https:\/\/www.facebook.com\/madresierraproducts\/","https:\/\/www.instagram.com\/madre_sierra_products\/"]}]}},"_links":{"self":[{"href":"https:\/\/madresierraproducts.com\/es\/wp-json\/wp\/v2\/product\/312"}],"collection":[{"href":"https:\/\/madresierraproducts.com\/es\/wp-json\/wp\/v2\/product"}],"about":[{"href":"https:\/\/madresierraproducts.com\/es\/wp-json\/wp\/v2\/types\/product"}],"replies":[{"embeddable":true,"href":"https:\/\/madresierraproducts.com\/es\/wp-json\/wp\/v2\/comments?post=312"}],"wp:featuredmedia":[{"embeddable":true,"href":"https:\/\/madresierraproducts.com\/es\/wp-json\/wp\/v2\/media\/1193"}],"wp:attachment":[{"href":"https:\/\/madresierraproducts.com\/es\/wp-json\/wp\/v2\/media?parent=312"}],"wp:term":[{"taxonomy":"product_cat","embeddable":true,"href":"https:\/\/madresierraproducts.com\/es\/wp-json\/wp\/v2\/product_cat?post=312"},{"taxonomy":"product_tag","embeddable":true,"href":"https:\/\/madresierraproducts.com\/es\/wp-json\/wp\/v2\/product_tag?post=312"}],"curies":[{"name":"wp","href":"https:\/\/api.w.org\/{rel}","templated":true}]}}