{"id":311,"date":"2015-05-27T13:10:37","date_gmt":"2015-05-27T11:10:37","guid":{"rendered":"http:\/\/demo-content.kaliumtheme.com\/shop\/product\/hanging-vessel\/"},"modified":"2024-09-16T12:05:49","modified_gmt":"2024-09-16T10:05:49","slug":"moringa-hojas-madre-sierra-products025x","status":"publish","type":"product","link":"https:\/\/madresierraproducts.com\/es\/producto\/moringa-hojas-madre-sierra-products025x\/","title":{"rendered":"Moringa en Hojas Secas"},"content":{"rendered":"<p class=\"p1\">Madre Sierra Products ofrece este moringa<span class=\"Apple-converted-space\">\u00a0 <\/span>producido en bosques comestibles en mexicanos. Gracias a su alta concentraci\u00f3n en vitaminas y minerales, el moringa protege el coraz\u00f3n, evitando la absorci\u00f3n de colesterol en el intestino. Sus proveedores, Chasseurs de Saveurs, S.A de C.V trabajan de mano con sus productores socios para un trato comercial justo y un apoyo t\u00e9cnico de punta para la conservaci\u00f3n de los bosques y saberes tradicionales.<\/p>\n<p>&nbsp;<\/p>\n<p><strong>Ingredientes:\u00a0 \u00a0<\/strong><span style=\"font-size: 10pt;\">Moringa en Hojas Secas.<\/span><\/p>\n<p>&nbsp;<\/p>\n<table style=\"width: 62.1161%; height: 91px;\" width=\"559\">\n<tbody>\n<tr style=\"height: 24px;\">\n<td style=\"width: 55.8912%; height: 19px;\" width=\"256\"><strong>Informaci\u00f3n nutricional por 100g:<\/strong><\/td>\n<td style=\"width: 27.4351%; height: 19px;\" width=\"237\"><\/td>\n<td style=\"width: 24.4174%; height: 19px;\" width=\"66\"><\/td>\n<\/tr>\n<tr style=\"height: 24px;\">\n<td style=\"width: 55.8912%; height: 24px;\"><\/td>\n<td style=\"width: 27.4351%; height: 24px;\"><span style=\"font-size: 10pt;\">Grasas<\/span><\/td>\n<td style=\"width: 24.4174%; height: 24px;\"><span style=\"font-size: 10pt;\">1,7 g<\/span><\/td>\n<\/tr>\n<tr style=\"height: 24px;\">\n<td style=\"width: 55.8912%; height: 24px;\"><\/td>\n<td style=\"width: 27.4351%; height: 24px;\"><span style=\"font-size: 10pt;\">Fibra alimentaria<\/span><\/td>\n<td style=\"width: 24.4174%; height: 24px;\"><span style=\"font-size: 10pt;\">0,9 g<\/span><\/td>\n<\/tr>\n<tr style=\"height: 24px;\">\n<td style=\"width: 55.8912%; height: 24px;\"><\/td>\n<td style=\"width: 27.4351%; height: 24px;\"><span style=\"font-size: 10pt;\">Prote\u00ednas<\/span><\/td>\n<td style=\"width: 24.4174%; height: 24px;\"><span style=\"font-size: 10pt;\">6,7 g<\/span><\/td>\n<\/tr>\n<\/tbody>\n<\/table>\n","protected":false},"excerpt":{"rendered":"<p>Producido en bosques comestibles en mexicanos. Gracias a su alta concentraci\u00f3n en vitaminas y minerales, el moringa protege el coraz\u00f3n.<\/p>\n<p>Peso neto: 30 g<\/p>\n<p>Peso env\u00edo: 40 g<\/p>\n","protected":false},"featured_media":1196,"comment_status":"open","ping_status":"closed","template":"","meta":[],"product_cat":[16,75,68],"product_tag":[90,89,99,97,92,88,98],"yoast_head":"<!-- This site is optimized with the Yoast SEO plugin v22.7 - https:\/\/yoast.com\/wordpress\/plugins\/seo\/ -->\n<title>Moringa en Hojas Secas de Bosques Comestibles | Madre Sierra Products<\/title>\n<meta name=\"description\" content=\"Producido en bosques comestibles mexicanos. Gracias a su alta concentraci\u00f3n en vitaminas y minerales, el moringa protege el coraz\u00f3n.\" \/>\n<meta name=\"robots\" content=\"index, follow, max-snippet:-1, max-image-preview:large, max-video-preview:-1\" \/>\n<link rel=\"canonical\" href=\"https:\/\/madresierraproducts.com\/es\/producto\/moringa-hojas-madre-sierra-products025x\/\" \/>\n<meta property=\"og:locale\" content=\"es_ES\" \/>\n<meta property=\"og:type\" content=\"article\" \/>\n<meta property=\"og:title\" content=\"Moringa en Hojas Secas de Bosques Comestibles | Madre Sierra Products\" \/>\n<meta property=\"og:description\" content=\"Producido en bosques comestibles mexicanos. Gracias a su alta concentraci\u00f3n en vitaminas y minerales, el moringa protege el coraz\u00f3n.\" \/>\n<meta property=\"og:url\" content=\"https:\/\/madresierraproducts.com\/es\/producto\/moringa-hojas-madre-sierra-products025x\/\" \/>\n<meta property=\"og:site_name\" content=\"Madre Sierra Products\" \/>\n<meta property=\"article:publisher\" content=\"https:\/\/www.facebook.com\/madresierraproducts\/\" \/>\n<meta property=\"article:modified_time\" content=\"2024-09-16T10:05:49+00:00\" \/>\n<meta property=\"og:image\" content=\"https:\/\/madresierraproducts.com\/wp-content\/uploads\/2015\/05\/madre-sierra-products-moringa-hojas.jpg\" \/>\n\t<meta property=\"og:image:width\" content=\"800\" \/>\n\t<meta property=\"og:image:height\" content=\"800\" \/>\n\t<meta property=\"og:image:type\" content=\"image\/jpeg\" \/>\n<meta name=\"twitter:card\" content=\"summary_large_image\" \/>\n<meta name=\"twitter:label1\" content=\"Tiempo de lectura\" \/>\n\t<meta name=\"twitter:data1\" content=\"1 minuto\" \/>\n<script type=\"application\/ld+json\" class=\"yoast-schema-graph\">{\"@context\":\"https:\/\/schema.org\",\"@graph\":[{\"@type\":\"WebPage\",\"@id\":\"https:\/\/madresierraproducts.com\/producto\/moringa-hojas-madre-sierra-products025x\/\",\"url\":\"https:\/\/madresierraproducts.com\/producto\/moringa-hojas-madre-sierra-products025x\/\",\"name\":\"Moringa en Hojas Secas de Bosques Comestibles | Madre Sierra Products\",\"isPartOf\":{\"@id\":\"https:\/\/madresierraproducts.com\/es\/#website\"},\"primaryImageOfPage\":{\"@id\":\"https:\/\/madresierraproducts.com\/producto\/moringa-hojas-madre-sierra-products025x\/#primaryimage\"},\"image\":{\"@id\":\"https:\/\/madresierraproducts.com\/producto\/moringa-hojas-madre-sierra-products025x\/#primaryimage\"},\"thumbnailUrl\":\"https:\/\/madresierraproducts.com\/wp-content\/uploads\/2015\/05\/madre-sierra-products-moringa-hojas.jpg\",\"datePublished\":\"2015-05-27T11:10:37+00:00\",\"dateModified\":\"2024-09-16T10:05:49+00:00\",\"description\":\"Producido en bosques comestibles mexicanos. Gracias a su alta concentraci\u00f3n en vitaminas y minerales, el moringa protege el coraz\u00f3n.\",\"breadcrumb\":{\"@id\":\"https:\/\/madresierraproducts.com\/producto\/moringa-hojas-madre-sierra-products025x\/#breadcrumb\"},\"inLanguage\":\"es\",\"potentialAction\":[{\"@type\":\"ReadAction\",\"target\":[\"https:\/\/madresierraproducts.com\/producto\/moringa-hojas-madre-sierra-products025x\/\"]}]},{\"@type\":\"ImageObject\",\"inLanguage\":\"es\",\"@id\":\"https:\/\/madresierraproducts.com\/producto\/moringa-hojas-madre-sierra-products025x\/#primaryimage\",\"url\":\"https:\/\/madresierraproducts.com\/wp-content\/uploads\/2015\/05\/madre-sierra-products-moringa-hojas.jpg\",\"contentUrl\":\"https:\/\/madresierraproducts.com\/wp-content\/uploads\/2015\/05\/madre-sierra-products-moringa-hojas.jpg\",\"width\":800,\"height\":800,\"caption\":\"Moringa Hojas\"},{\"@type\":\"BreadcrumbList\",\"@id\":\"https:\/\/madresierraproducts.com\/producto\/moringa-hojas-madre-sierra-products025x\/#breadcrumb\",\"itemListElement\":[{\"@type\":\"ListItem\",\"position\":1,\"name\":\"Home\",\"item\":\"https:\/\/madresierraproducts.com\/\"},{\"@type\":\"ListItem\",\"position\":2,\"name\":\"Tienda\",\"item\":\"https:\/\/madresierraproducts.com\/tienda\/\"},{\"@type\":\"ListItem\",\"position\":3,\"name\":\"Moringa en Hojas Secas\"}]},{\"@type\":\"WebSite\",\"@id\":\"https:\/\/madresierraproducts.com\/es\/#website\",\"url\":\"https:\/\/madresierraproducts.com\/es\/\",\"name\":\"Madre Sierra Products\",\"description\":\"Valorando saberes tradicionales y recursos naturales de Bosques y Sierras del Mundo\",\"publisher\":{\"@id\":\"https:\/\/madresierraproducts.com\/es\/#organization\"},\"potentialAction\":[{\"@type\":\"SearchAction\",\"target\":{\"@type\":\"EntryPoint\",\"urlTemplate\":\"https:\/\/madresierraproducts.com\/es\/?s={search_term_string}\"},\"query-input\":\"required name=search_term_string\"}],\"inLanguage\":\"es\"},{\"@type\":\"Organization\",\"@id\":\"https:\/\/madresierraproducts.com\/es\/#organization\",\"name\":\"Madre Sierra Products\",\"url\":\"https:\/\/madresierraproducts.com\/es\/\",\"logo\":{\"@type\":\"ImageObject\",\"inLanguage\":\"es\",\"@id\":\"https:\/\/madresierraproducts.com\/es\/#\/schema\/logo\/image\/\",\"url\":\"https:\/\/madresierraproducts.com\/wp-content\/uploads\/2020\/05\/Logo_MadreSierra_Web.png\",\"contentUrl\":\"https:\/\/madresierraproducts.com\/wp-content\/uploads\/2020\/05\/Logo_MadreSierra_Web.png\",\"width\":667,\"height\":509,\"caption\":\"Madre Sierra Products\"},\"image\":{\"@id\":\"https:\/\/madresierraproducts.com\/es\/#\/schema\/logo\/image\/\"},\"sameAs\":[\"https:\/\/www.facebook.com\/madresierraproducts\/\",\"https:\/\/www.instagram.com\/madre_sierra_products\/\"]}]}<\/script>\n<!-- \/ Yoast SEO plugin. -->","yoast_head_json":{"title":"Moringa en Hojas Secas de Bosques Comestibles | Madre Sierra Products","description":"Producido en bosques comestibles mexicanos. Gracias a su alta concentraci\u00f3n en vitaminas y minerales, el moringa protege el coraz\u00f3n.","robots":{"index":"index","follow":"follow","max-snippet":"max-snippet:-1","max-image-preview":"max-image-preview:large","max-video-preview":"max-video-preview:-1"},"canonical":"https:\/\/madresierraproducts.com\/es\/producto\/moringa-hojas-madre-sierra-products025x\/","og_locale":"es_ES","og_type":"article","og_title":"Moringa en Hojas Secas de Bosques Comestibles | Madre Sierra Products","og_description":"Producido en bosques comestibles mexicanos. Gracias a su alta concentraci\u00f3n en vitaminas y minerales, el moringa protege el coraz\u00f3n.","og_url":"https:\/\/madresierraproducts.com\/es\/producto\/moringa-hojas-madre-sierra-products025x\/","og_site_name":"Madre Sierra Products","article_publisher":"https:\/\/www.facebook.com\/madresierraproducts\/","article_modified_time":"2024-09-16T10:05:49+00:00","og_image":[{"width":800,"height":800,"url":"https:\/\/madresierraproducts.com\/wp-content\/uploads\/2015\/05\/madre-sierra-products-moringa-hojas.jpg","type":"image\/jpeg"}],"twitter_card":"summary_large_image","twitter_misc":{"Tiempo de lectura":"1 minuto"},"schema":{"@context":"https:\/\/schema.org","@graph":[{"@type":"WebPage","@id":"https:\/\/madresierraproducts.com\/producto\/moringa-hojas-madre-sierra-products025x\/","url":"https:\/\/madresierraproducts.com\/producto\/moringa-hojas-madre-sierra-products025x\/","name":"Moringa en Hojas Secas de Bosques Comestibles | Madre Sierra Products","isPartOf":{"@id":"https:\/\/madresierraproducts.com\/es\/#website"},"primaryImageOfPage":{"@id":"https:\/\/madresierraproducts.com\/producto\/moringa-hojas-madre-sierra-products025x\/#primaryimage"},"image":{"@id":"https:\/\/madresierraproducts.com\/producto\/moringa-hojas-madre-sierra-products025x\/#primaryimage"},"thumbnailUrl":"https:\/\/madresierraproducts.com\/wp-content\/uploads\/2015\/05\/madre-sierra-products-moringa-hojas.jpg","datePublished":"2015-05-27T11:10:37+00:00","dateModified":"2024-09-16T10:05:49+00:00","description":"Producido en bosques comestibles mexicanos. Gracias a su alta concentraci\u00f3n en vitaminas y minerales, el moringa protege el coraz\u00f3n.","breadcrumb":{"@id":"https:\/\/madresierraproducts.com\/producto\/moringa-hojas-madre-sierra-products025x\/#breadcrumb"},"inLanguage":"es","potentialAction":[{"@type":"ReadAction","target":["https:\/\/madresierraproducts.com\/producto\/moringa-hojas-madre-sierra-products025x\/"]}]},{"@type":"ImageObject","inLanguage":"es","@id":"https:\/\/madresierraproducts.com\/producto\/moringa-hojas-madre-sierra-products025x\/#primaryimage","url":"https:\/\/madresierraproducts.com\/wp-content\/uploads\/2015\/05\/madre-sierra-products-moringa-hojas.jpg","contentUrl":"https:\/\/madresierraproducts.com\/wp-content\/uploads\/2015\/05\/madre-sierra-products-moringa-hojas.jpg","width":800,"height":800,"caption":"Moringa Hojas"},{"@type":"BreadcrumbList","@id":"https:\/\/madresierraproducts.com\/producto\/moringa-hojas-madre-sierra-products025x\/#breadcrumb","itemListElement":[{"@type":"ListItem","position":1,"name":"Home","item":"https:\/\/madresierraproducts.com\/"},{"@type":"ListItem","position":2,"name":"Tienda","item":"https:\/\/madresierraproducts.com\/tienda\/"},{"@type":"ListItem","position":3,"name":"Moringa en Hojas Secas"}]},{"@type":"WebSite","@id":"https:\/\/madresierraproducts.com\/es\/#website","url":"https:\/\/madresierraproducts.com\/es\/","name":"Madre Sierra Products","description":"Valorando saberes tradicionales y recursos naturales de Bosques y Sierras del Mundo","publisher":{"@id":"https:\/\/madresierraproducts.com\/es\/#organization"},"potentialAction":[{"@type":"SearchAction","target":{"@type":"EntryPoint","urlTemplate":"https:\/\/madresierraproducts.com\/es\/?s={search_term_string}"},"query-input":"required name=search_term_string"}],"inLanguage":"es"},{"@type":"Organization","@id":"https:\/\/madresierraproducts.com\/es\/#organization","name":"Madre Sierra Products","url":"https:\/\/madresierraproducts.com\/es\/","logo":{"@type":"ImageObject","inLanguage":"es","@id":"https:\/\/madresierraproducts.com\/es\/#\/schema\/logo\/image\/","url":"https:\/\/madresierraproducts.com\/wp-content\/uploads\/2020\/05\/Logo_MadreSierra_Web.png","contentUrl":"https:\/\/madresierraproducts.com\/wp-content\/uploads\/2020\/05\/Logo_MadreSierra_Web.png","width":667,"height":509,"caption":"Madre Sierra Products"},"image":{"@id":"https:\/\/madresierraproducts.com\/es\/#\/schema\/logo\/image\/"},"sameAs":["https:\/\/www.facebook.com\/madresierraproducts\/","https:\/\/www.instagram.com\/madre_sierra_products\/"]}]}},"_links":{"self":[{"href":"https:\/\/madresierraproducts.com\/es\/wp-json\/wp\/v2\/product\/311"}],"collection":[{"href":"https:\/\/madresierraproducts.com\/es\/wp-json\/wp\/v2\/product"}],"about":[{"href":"https:\/\/madresierraproducts.com\/es\/wp-json\/wp\/v2\/types\/product"}],"replies":[{"embeddable":true,"href":"https:\/\/madresierraproducts.com\/es\/wp-json\/wp\/v2\/comments?post=311"}],"wp:featuredmedia":[{"embeddable":true,"href":"https:\/\/madresierraproducts.com\/es\/wp-json\/wp\/v2\/media\/1196"}],"wp:attachment":[{"href":"https:\/\/madresierraproducts.com\/es\/wp-json\/wp\/v2\/media?parent=311"}],"wp:term":[{"taxonomy":"product_cat","embeddable":true,"href":"https:\/\/madresierraproducts.com\/es\/wp-json\/wp\/v2\/product_cat?post=311"},{"taxonomy":"product_tag","embeddable":true,"href":"https:\/\/madresierraproducts.com\/es\/wp-json\/wp\/v2\/product_tag?post=311"}],"curies":[{"name":"wp","href":"https:\/\/api.w.org\/{rel}","templated":true}]}}