{"id":1691,"date":"2024-05-17T14:06:03","date_gmt":"2024-05-17T12:06:03","guid":{"rendered":"https:\/\/madresierraproducts.com\/?post_type=product&#038;p=1691"},"modified":"2024-12-16T16:56:34","modified_gmt":"2024-12-16T15:56:34","slug":"cafe-de-bosque-el-triunfo-verde-chiapas-mexico","status":"publish","type":"product","link":"https:\/\/madresierraproducts.com\/es\/producto\/cafe-de-bosque-el-triunfo-verde-chiapas-mexico\/","title":{"rendered":"Caf\u00e9 de Bosque \u00abEl Triunfo Verde\u00bb, Chiapas, MEXICO"},"content":{"rendered":"<p>La vida es una aventura y este a\u00f1o nos enfrentamos a cambios y novedades! Al quedarnos en la incapacidad de comprar el caf\u00e9 de nuestra comadre Ver\u00f3nica Savalza en La Cuesta, M\u00e9xico (por motivos de lluvias imprevistas en plena cosecha!), descubrimos un nuevo proyecto de mujeres y caf\u00e9!<\/p>\n<p>Pero, con este nuevo lote de <strong>Caf\u00e9 de Bosque<\/strong>, certificado org\u00e1nico, volvemos al menos a conectar con nuestra tan estimada Sierra Madre !<\/p>\n<p>Esta vez nuestros nuevos proveedores de Caf\u00e9s de Bosque y de comercio justo,ubicados en Francia, Saldac (<a href=\"https:\/\/saldac.com\/\">SALDAC propose des produits originaux et tous issus du commerce \u00e9quitable<\/a>) nos enamoraron del proyecto de la cooperativa Triunfo Verde, de Chiapas, M\u00e9xico.<\/p>\n<p>La reserva de la biosfera del Triunfo, en la Sierra Madre Sur, es una \u00e1rea federal protegida establecida desde 1990 con el fin de proteger la biodiversidad end\u00e9mica y el bosque de niebla caracter\u00edstico de esta regi\u00f3n.<\/p>\n<p>La cooperativa Triunfo Verde, ubicada en la regi\u00f3n de Soconusco re\u00fane 420 productoras y productores de caf\u00e9, cultivado bajo la sombra de este bosque protegido. El objetivo, valorar sus caf\u00e9s de cultivo org\u00e1nico y <strong>sostenible<\/strong> ofreciendo la mejor calidad de selecci\u00f3n y proceso para ser evaluado como <strong>caf\u00e9 de especialidad<\/strong> (85puntos SCA). Con los beneficios de la comercializaci\u00f3n de su caf\u00e9, la cooperativa financia programas de educaci\u00f3n ambiental, as\u00ed que diferentes programas sociales, ambientales , o de equidad y genero. Visita su p\u00e1gina aqu\u00ed :<a href=\"http:\/\/www.triunfoverde.org\/\">Triunfo Verde.<\/a><\/p>\n<p>Un caf\u00e9 lavado, mezcla de diferentes variedades ar\u00e1bica, de altura, con una acidez intensa, un aroma floral y un sabor achocolatado y especiado.<\/p>\n","protected":false},"excerpt":{"rendered":"<p>Caf\u00e9 de <strong>Bosque Sostenible<\/strong> y de <strong>Especialidad<\/strong>.<\/p>\n<p>Soconusco, Chiapas, M\u00e9xico. Cooperativa Triunfo Verde.<\/p>\n<p>1750m altitud<\/p>\n<p>Proceso Lavado<\/p>\n<p>Notas florales y sabor achocolatado, acidez brillante<\/p>\n","protected":false},"featured_media":1741,"comment_status":"open","ping_status":"closed","template":"","meta":[],"product_cat":[16],"product_tag":[],"yoast_head":"<!-- This site is optimized with the Yoast SEO plugin v22.7 - https:\/\/yoast.com\/wordpress\/plugins\/seo\/ -->\n<title>Caf\u00e9 de Bosque &quot;El Triunfo Verde&quot;, Chiapas, MEXICO | Madre Sierra Products<\/title>\n<meta name=\"description\" content=\"Descubre el Caf\u00e9 de Bosque &amp; Delicias Gourmet de la Serra de Tramuntana, Mallorca. Productos locales, sostenibles y conscientes.\" \/>\n<meta name=\"robots\" content=\"index, follow, max-snippet:-1, max-image-preview:large, max-video-preview:-1\" \/>\n<link rel=\"canonical\" href=\"https:\/\/madresierraproducts.com\/es\/producto\/cafe-de-bosque-el-triunfo-verde-chiapas-mexico\/\" \/>\n<meta property=\"og:locale\" content=\"es_ES\" \/>\n<meta property=\"og:type\" content=\"article\" \/>\n<meta property=\"og:title\" content=\"Caf\u00e9 de Bosque &quot;El Triunfo Verde&quot;, Chiapas, MEXICO | Madre Sierra Products\" \/>\n<meta property=\"og:description\" content=\"Descubre el Caf\u00e9 de Bosque &amp; Delicias Gourmet de la Serra de Tramuntana, Mallorca. Productos locales, sostenibles y conscientes.\" \/>\n<meta property=\"og:url\" content=\"https:\/\/madresierraproducts.com\/es\/producto\/cafe-de-bosque-el-triunfo-verde-chiapas-mexico\/\" \/>\n<meta property=\"og:site_name\" content=\"Madre Sierra Products\" \/>\n<meta property=\"article:publisher\" content=\"https:\/\/www.facebook.com\/madresierraproducts\/\" \/>\n<meta property=\"article:modified_time\" content=\"2024-12-16T15:56:34+00:00\" \/>\n<meta property=\"og:image\" content=\"https:\/\/madresierraproducts.com\/wp-content\/uploads\/2024\/05\/El.Triunfo_Rojo_070416_9317-scaled.jpg\" \/>\n\t<meta property=\"og:image:width\" content=\"2560\" \/>\n\t<meta property=\"og:image:height\" content=\"1701\" \/>\n\t<meta property=\"og:image:type\" content=\"image\/jpeg\" \/>\n<meta name=\"twitter:card\" content=\"summary_large_image\" \/>\n<meta name=\"twitter:label1\" content=\"Tiempo de lectura\" \/>\n\t<meta name=\"twitter:data1\" content=\"2 minutos\" \/>\n<script type=\"application\/ld+json\" class=\"yoast-schema-graph\">{\"@context\":\"https:\/\/schema.org\",\"@graph\":[{\"@type\":\"WebPage\",\"@id\":\"https:\/\/madresierraproducts.com\/producto\/cafe-de-bosque-el-triunfo-verde-chiapas-mexico\/\",\"url\":\"https:\/\/madresierraproducts.com\/producto\/cafe-de-bosque-el-triunfo-verde-chiapas-mexico\/\",\"name\":\"Caf\u00e9 de Bosque \\\"El Triunfo Verde\\\", Chiapas, MEXICO | Madre Sierra Products\",\"isPartOf\":{\"@id\":\"https:\/\/madresierraproducts.com\/es\/#website\"},\"primaryImageOfPage\":{\"@id\":\"https:\/\/madresierraproducts.com\/producto\/cafe-de-bosque-el-triunfo-verde-chiapas-mexico\/#primaryimage\"},\"image\":{\"@id\":\"https:\/\/madresierraproducts.com\/producto\/cafe-de-bosque-el-triunfo-verde-chiapas-mexico\/#primaryimage\"},\"thumbnailUrl\":\"https:\/\/madresierraproducts.com\/wp-content\/uploads\/2024\/05\/El.Triunfo_Rojo_070416_9317-scaled.jpg\",\"datePublished\":\"2024-05-17T12:06:03+00:00\",\"dateModified\":\"2024-12-16T15:56:34+00:00\",\"description\":\"Descubre el Caf\u00e9 de Bosque & Delicias Gourmet de la Serra de Tramuntana, Mallorca. Productos locales, sostenibles y conscientes.\",\"breadcrumb\":{\"@id\":\"https:\/\/madresierraproducts.com\/producto\/cafe-de-bosque-el-triunfo-verde-chiapas-mexico\/#breadcrumb\"},\"inLanguage\":\"es\",\"potentialAction\":[{\"@type\":\"ReadAction\",\"target\":[\"https:\/\/madresierraproducts.com\/producto\/cafe-de-bosque-el-triunfo-verde-chiapas-mexico\/\"]}]},{\"@type\":\"ImageObject\",\"inLanguage\":\"es\",\"@id\":\"https:\/\/madresierraproducts.com\/producto\/cafe-de-bosque-el-triunfo-verde-chiapas-mexico\/#primaryimage\",\"url\":\"https:\/\/madresierraproducts.com\/wp-content\/uploads\/2024\/05\/El.Triunfo_Rojo_070416_9317-scaled.jpg\",\"contentUrl\":\"https:\/\/madresierraproducts.com\/wp-content\/uploads\/2024\/05\/El.Triunfo_Rojo_070416_9317-scaled.jpg\",\"width\":2560,\"height\":1701,\"caption\":\"Aerial view of the cloud forests of El Triunfo Biosphere Reserve. Chiapas, Mexico.\"},{\"@type\":\"BreadcrumbList\",\"@id\":\"https:\/\/madresierraproducts.com\/producto\/cafe-de-bosque-el-triunfo-verde-chiapas-mexico\/#breadcrumb\",\"itemListElement\":[{\"@type\":\"ListItem\",\"position\":1,\"name\":\"Home\",\"item\":\"https:\/\/madresierraproducts.com\/\"},{\"@type\":\"ListItem\",\"position\":2,\"name\":\"Tienda\",\"item\":\"https:\/\/madresierraproducts.com\/tienda\/\"},{\"@type\":\"ListItem\",\"position\":3,\"name\":\"Caf\u00e9 de Bosque \u00abEl Triunfo Verde\u00bb, Chiapas, MEXICO\"}]},{\"@type\":\"WebSite\",\"@id\":\"https:\/\/madresierraproducts.com\/es\/#website\",\"url\":\"https:\/\/madresierraproducts.com\/es\/\",\"name\":\"Madre Sierra Products\",\"description\":\"Valorando saberes tradicionales y recursos naturales de Bosques y Sierras del Mundo\",\"publisher\":{\"@id\":\"https:\/\/madresierraproducts.com\/es\/#organization\"},\"potentialAction\":[{\"@type\":\"SearchAction\",\"target\":{\"@type\":\"EntryPoint\",\"urlTemplate\":\"https:\/\/madresierraproducts.com\/es\/?s={search_term_string}\"},\"query-input\":\"required name=search_term_string\"}],\"inLanguage\":\"es\"},{\"@type\":\"Organization\",\"@id\":\"https:\/\/madresierraproducts.com\/es\/#organization\",\"name\":\"Madre Sierra Products\",\"url\":\"https:\/\/madresierraproducts.com\/es\/\",\"logo\":{\"@type\":\"ImageObject\",\"inLanguage\":\"es\",\"@id\":\"https:\/\/madresierraproducts.com\/es\/#\/schema\/logo\/image\/\",\"url\":\"https:\/\/madresierraproducts.com\/wp-content\/uploads\/2020\/05\/Logo_MadreSierra_Web.png\",\"contentUrl\":\"https:\/\/madresierraproducts.com\/wp-content\/uploads\/2020\/05\/Logo_MadreSierra_Web.png\",\"width\":667,\"height\":509,\"caption\":\"Madre Sierra Products\"},\"image\":{\"@id\":\"https:\/\/madresierraproducts.com\/es\/#\/schema\/logo\/image\/\"},\"sameAs\":[\"https:\/\/www.facebook.com\/madresierraproducts\/\",\"https:\/\/www.instagram.com\/madre_sierra_products\/\"]}]}<\/script>\n<!-- \/ Yoast SEO plugin. -->","yoast_head_json":{"title":"Caf\u00e9 de Bosque \"El Triunfo Verde\", Chiapas, MEXICO | Madre Sierra Products","description":"Descubre el Caf\u00e9 de Bosque & Delicias Gourmet de la Serra de Tramuntana, Mallorca. Productos locales, sostenibles y conscientes.","robots":{"index":"index","follow":"follow","max-snippet":"max-snippet:-1","max-image-preview":"max-image-preview:large","max-video-preview":"max-video-preview:-1"},"canonical":"https:\/\/madresierraproducts.com\/es\/producto\/cafe-de-bosque-el-triunfo-verde-chiapas-mexico\/","og_locale":"es_ES","og_type":"article","og_title":"Caf\u00e9 de Bosque \"El Triunfo Verde\", Chiapas, MEXICO | Madre Sierra Products","og_description":"Descubre el Caf\u00e9 de Bosque & Delicias Gourmet de la Serra de Tramuntana, Mallorca. Productos locales, sostenibles y conscientes.","og_url":"https:\/\/madresierraproducts.com\/es\/producto\/cafe-de-bosque-el-triunfo-verde-chiapas-mexico\/","og_site_name":"Madre Sierra Products","article_publisher":"https:\/\/www.facebook.com\/madresierraproducts\/","article_modified_time":"2024-12-16T15:56:34+00:00","og_image":[{"width":2560,"height":1701,"url":"https:\/\/madresierraproducts.com\/wp-content\/uploads\/2024\/05\/El.Triunfo_Rojo_070416_9317-scaled.jpg","type":"image\/jpeg"}],"twitter_card":"summary_large_image","twitter_misc":{"Tiempo de lectura":"2 minutos"},"schema":{"@context":"https:\/\/schema.org","@graph":[{"@type":"WebPage","@id":"https:\/\/madresierraproducts.com\/producto\/cafe-de-bosque-el-triunfo-verde-chiapas-mexico\/","url":"https:\/\/madresierraproducts.com\/producto\/cafe-de-bosque-el-triunfo-verde-chiapas-mexico\/","name":"Caf\u00e9 de Bosque \"El Triunfo Verde\", Chiapas, MEXICO | Madre Sierra Products","isPartOf":{"@id":"https:\/\/madresierraproducts.com\/es\/#website"},"primaryImageOfPage":{"@id":"https:\/\/madresierraproducts.com\/producto\/cafe-de-bosque-el-triunfo-verde-chiapas-mexico\/#primaryimage"},"image":{"@id":"https:\/\/madresierraproducts.com\/producto\/cafe-de-bosque-el-triunfo-verde-chiapas-mexico\/#primaryimage"},"thumbnailUrl":"https:\/\/madresierraproducts.com\/wp-content\/uploads\/2024\/05\/El.Triunfo_Rojo_070416_9317-scaled.jpg","datePublished":"2024-05-17T12:06:03+00:00","dateModified":"2024-12-16T15:56:34+00:00","description":"Descubre el Caf\u00e9 de Bosque & Delicias Gourmet de la Serra de Tramuntana, Mallorca. Productos locales, sostenibles y conscientes.","breadcrumb":{"@id":"https:\/\/madresierraproducts.com\/producto\/cafe-de-bosque-el-triunfo-verde-chiapas-mexico\/#breadcrumb"},"inLanguage":"es","potentialAction":[{"@type":"ReadAction","target":["https:\/\/madresierraproducts.com\/producto\/cafe-de-bosque-el-triunfo-verde-chiapas-mexico\/"]}]},{"@type":"ImageObject","inLanguage":"es","@id":"https:\/\/madresierraproducts.com\/producto\/cafe-de-bosque-el-triunfo-verde-chiapas-mexico\/#primaryimage","url":"https:\/\/madresierraproducts.com\/wp-content\/uploads\/2024\/05\/El.Triunfo_Rojo_070416_9317-scaled.jpg","contentUrl":"https:\/\/madresierraproducts.com\/wp-content\/uploads\/2024\/05\/El.Triunfo_Rojo_070416_9317-scaled.jpg","width":2560,"height":1701,"caption":"Aerial view of the cloud forests of El Triunfo Biosphere Reserve. Chiapas, Mexico."},{"@type":"BreadcrumbList","@id":"https:\/\/madresierraproducts.com\/producto\/cafe-de-bosque-el-triunfo-verde-chiapas-mexico\/#breadcrumb","itemListElement":[{"@type":"ListItem","position":1,"name":"Home","item":"https:\/\/madresierraproducts.com\/"},{"@type":"ListItem","position":2,"name":"Tienda","item":"https:\/\/madresierraproducts.com\/tienda\/"},{"@type":"ListItem","position":3,"name":"Caf\u00e9 de Bosque \u00abEl Triunfo Verde\u00bb, Chiapas, MEXICO"}]},{"@type":"WebSite","@id":"https:\/\/madresierraproducts.com\/es\/#website","url":"https:\/\/madresierraproducts.com\/es\/","name":"Madre Sierra Products","description":"Valorando saberes tradicionales y recursos naturales de Bosques y Sierras del Mundo","publisher":{"@id":"https:\/\/madresierraproducts.com\/es\/#organization"},"potentialAction":[{"@type":"SearchAction","target":{"@type":"EntryPoint","urlTemplate":"https:\/\/madresierraproducts.com\/es\/?s={search_term_string}"},"query-input":"required name=search_term_string"}],"inLanguage":"es"},{"@type":"Organization","@id":"https:\/\/madresierraproducts.com\/es\/#organization","name":"Madre Sierra Products","url":"https:\/\/madresierraproducts.com\/es\/","logo":{"@type":"ImageObject","inLanguage":"es","@id":"https:\/\/madresierraproducts.com\/es\/#\/schema\/logo\/image\/","url":"https:\/\/madresierraproducts.com\/wp-content\/uploads\/2020\/05\/Logo_MadreSierra_Web.png","contentUrl":"https:\/\/madresierraproducts.com\/wp-content\/uploads\/2020\/05\/Logo_MadreSierra_Web.png","width":667,"height":509,"caption":"Madre Sierra Products"},"image":{"@id":"https:\/\/madresierraproducts.com\/es\/#\/schema\/logo\/image\/"},"sameAs":["https:\/\/www.facebook.com\/madresierraproducts\/","https:\/\/www.instagram.com\/madre_sierra_products\/"]}]}},"_links":{"self":[{"href":"https:\/\/madresierraproducts.com\/es\/wp-json\/wp\/v2\/product\/1691"}],"collection":[{"href":"https:\/\/madresierraproducts.com\/es\/wp-json\/wp\/v2\/product"}],"about":[{"href":"https:\/\/madresierraproducts.com\/es\/wp-json\/wp\/v2\/types\/product"}],"replies":[{"embeddable":true,"href":"https:\/\/madresierraproducts.com\/es\/wp-json\/wp\/v2\/comments?post=1691"}],"wp:featuredmedia":[{"embeddable":true,"href":"https:\/\/madresierraproducts.com\/es\/wp-json\/wp\/v2\/media\/1741"}],"wp:attachment":[{"href":"https:\/\/madresierraproducts.com\/es\/wp-json\/wp\/v2\/media?parent=1691"}],"wp:term":[{"taxonomy":"product_cat","embeddable":true,"href":"https:\/\/madresierraproducts.com\/es\/wp-json\/wp\/v2\/product_cat?post=1691"},{"taxonomy":"product_tag","embeddable":true,"href":"https:\/\/madresierraproducts.com\/es\/wp-json\/wp\/v2\/product_tag?post=1691"}],"curies":[{"name":"wp","href":"https:\/\/api.w.org\/{rel}","templated":true}]}}