{"id":1423,"date":"2022-09-19T12:49:30","date_gmt":"2022-09-19T10:49:30","guid":{"rendered":"https:\/\/madresierraproducts.com\/?post_type=product&#038;p=1423"},"modified":"2026-02-22T20:55:38","modified_gmt":"2026-02-22T19:55:38","slug":"cafe-golden-huila-una-joya-de-colombia-achocolatada-con-notas-sutiles-de-limon","status":"publish","type":"product","link":"https:\/\/madresierraproducts.com\/es\/producto\/cafe-golden-huila-una-joya-de-colombia-achocolatada-con-notas-sutiles-de-limon\/","title":{"rendered":"Caf\u00e9 GOLDEN HUILA, una joya de COLOMBIA  achocolatada con notas s\u00fatiles de lim\u00f3n (250g)"},"content":{"rendered":"<p>Adem\u00e1s de nuestro <strong>Caf\u00e9 de Bosque<\/strong> y de <strong>Especialidad<\/strong> de la familia en Jalisco, M\u00e9xico, seleccionamos personalmente con otros proyectos de importaci\u00f3n de caf\u00e9s verde <strong>conscientes<\/strong> micro lotes de caf\u00e9s de excepci\u00f3n.<\/p>\n<p>Descubre nuestra propuesta de tueste delicado y sutil con este caf\u00e9 de Huila, Colombia&#8230; Una verdadera joya gustativa que descubrimos hace un a\u00f1o y de la cual no podemos separarnos. Un caf\u00e9 de especialidad, producido en cafetales arb\u00f3reos tradicionales y seleccionado con mucho cuidado en una de las regiones m\u00e1s conocidas por su caf\u00e9 de Colombia,<\/p>\n<p>Origen: Huila, Colombia<\/p>\n<p>Variedad: Castillo, Colombia, Caturra<\/p>\n<p>Altitud: 1200-1800m<\/p>\n<p>Proceso: Lavado tradicional<\/p>\n<p>Tueste:\u00a0 perfil muy achocolatado y untuoso, con una bebida en taza limpia y sutil como todos los caf\u00e9s lavados, y unas notas de lim\u00f3n y c\u00edtricos que nos hacen viajar en los cafetales forestales diversificados!<\/p>\n","protected":false},"excerpt":{"rendered":"<p><strong>Caf\u00e9 de especialidad<\/strong> GOLDEN HUILA, Colombia<\/p>\n<p>Bebida achocolatada con notas sutiles de lim\u00f3n<\/p>\n<p>Variedades: Caturra, Castillo, Colombia<\/p>\n<p>Altitud 1200-1800m<\/p>\n<p>Proceso: Lavado tradicional<\/p>\n<p>Tueste: perfil desarrollado para destacar la claridad de un caf\u00e9 lavado de altura, la onctuosidad de las notas achocolatadas y la sutilidad de los c\u00edtricos . Tostado en la <strong>Serra de Tramuntana<\/strong>, <strong>MALLORCA<\/strong><\/p>\n","protected":false},"featured_media":1677,"comment_status":"open","ping_status":"closed","template":"","meta":[],"product_cat":[16,66,68],"product_tag":[],"yoast_head":"<!-- This site is optimized with the Yoast SEO plugin v22.7 - https:\/\/yoast.com\/wordpress\/plugins\/seo\/ -->\n<title>Caf\u00e9 GOLDEN HUILA, una joya de COLOMBIA achocolatada con notas s\u00fatiles de lim\u00f3n (250g) | Madre Sierra Products<\/title>\n<meta name=\"description\" content=\"Descubre el Caf\u00e9 de Bosque &amp; Delicias Gourmet de la Serra de Tramuntana, Mallorca. Productos locales, sostenibles y conscientes.\" \/>\n<meta name=\"robots\" content=\"index, follow, max-snippet:-1, max-image-preview:large, max-video-preview:-1\" \/>\n<link rel=\"canonical\" href=\"https:\/\/madresierraproducts.com\/es\/producto\/cafe-golden-huila-una-joya-de-colombia-achocolatada-con-notas-sutiles-de-limon\/\" \/>\n<meta property=\"og:locale\" content=\"es_ES\" \/>\n<meta property=\"og:type\" content=\"article\" \/>\n<meta property=\"og:title\" content=\"Caf\u00e9 GOLDEN HUILA, una joya de COLOMBIA achocolatada con notas s\u00fatiles de lim\u00f3n (250g) | Madre Sierra Products\" \/>\n<meta property=\"og:description\" content=\"Descubre el Caf\u00e9 de Bosque &amp; Delicias Gourmet de la Serra de Tramuntana, Mallorca. Productos locales, sostenibles y conscientes.\" \/>\n<meta property=\"og:url\" content=\"https:\/\/madresierraproducts.com\/es\/producto\/cafe-golden-huila-una-joya-de-colombia-achocolatada-con-notas-sutiles-de-limon\/\" \/>\n<meta property=\"og:site_name\" content=\"Madre Sierra Products\" \/>\n<meta property=\"article:publisher\" content=\"https:\/\/www.facebook.com\/madresierraproducts\/\" \/>\n<meta property=\"article:modified_time\" content=\"2026-02-22T19:55:38+00:00\" \/>\n<meta property=\"og:image\" content=\"https:\/\/madresierraproducts.com\/wp-content\/uploads\/2022\/09\/Cafe-Biologico-Madre-Sierra.jpeg\" \/>\n\t<meta property=\"og:image:width\" content=\"267\" \/>\n\t<meta property=\"og:image:height\" content=\"267\" \/>\n\t<meta property=\"og:image:type\" content=\"image\/jpeg\" \/>\n<meta name=\"twitter:card\" content=\"summary_large_image\" \/>\n<meta name=\"twitter:label1\" content=\"Tiempo de lectura\" \/>\n\t<meta name=\"twitter:data1\" content=\"1 minuto\" \/>\n<script type=\"application\/ld+json\" class=\"yoast-schema-graph\">{\"@context\":\"https:\/\/schema.org\",\"@graph\":[{\"@type\":\"WebPage\",\"@id\":\"https:\/\/madresierraproducts.com\/producto\/cafe-golden-huila-una-joya-de-colombia-achocolatada-con-notas-sutiles-de-limon\/\",\"url\":\"https:\/\/madresierraproducts.com\/producto\/cafe-golden-huila-una-joya-de-colombia-achocolatada-con-notas-sutiles-de-limon\/\",\"name\":\"Caf\u00e9 GOLDEN HUILA, una joya de COLOMBIA achocolatada con notas s\u00fatiles de lim\u00f3n (250g) | Madre Sierra Products\",\"isPartOf\":{\"@id\":\"https:\/\/madresierraproducts.com\/es\/#website\"},\"primaryImageOfPage\":{\"@id\":\"https:\/\/madresierraproducts.com\/producto\/cafe-golden-huila-una-joya-de-colombia-achocolatada-con-notas-sutiles-de-limon\/#primaryimage\"},\"image\":{\"@id\":\"https:\/\/madresierraproducts.com\/producto\/cafe-golden-huila-una-joya-de-colombia-achocolatada-con-notas-sutiles-de-limon\/#primaryimage\"},\"thumbnailUrl\":\"https:\/\/madresierraproducts.com\/wp-content\/uploads\/2022\/09\/Cafe-Biologico-Madre-Sierra.jpeg\",\"datePublished\":\"2022-09-19T10:49:30+00:00\",\"dateModified\":\"2026-02-22T19:55:38+00:00\",\"description\":\"Descubre el Caf\u00e9 de Bosque & Delicias Gourmet de la Serra de Tramuntana, Mallorca. Productos locales, sostenibles y conscientes.\",\"breadcrumb\":{\"@id\":\"https:\/\/madresierraproducts.com\/producto\/cafe-golden-huila-una-joya-de-colombia-achocolatada-con-notas-sutiles-de-limon\/#breadcrumb\"},\"inLanguage\":\"es\",\"potentialAction\":[{\"@type\":\"ReadAction\",\"target\":[\"https:\/\/madresierraproducts.com\/producto\/cafe-golden-huila-una-joya-de-colombia-achocolatada-con-notas-sutiles-de-limon\/\"]}]},{\"@type\":\"ImageObject\",\"inLanguage\":\"es\",\"@id\":\"https:\/\/madresierraproducts.com\/producto\/cafe-golden-huila-una-joya-de-colombia-achocolatada-con-notas-sutiles-de-limon\/#primaryimage\",\"url\":\"https:\/\/madresierraproducts.com\/wp-content\/uploads\/2022\/09\/Cafe-Biologico-Madre-Sierra.jpeg\",\"contentUrl\":\"https:\/\/madresierraproducts.com\/wp-content\/uploads\/2022\/09\/Cafe-Biologico-Madre-Sierra.jpeg\",\"width\":267,\"height\":267,\"caption\":\"Fresh coffee in a basket\"},{\"@type\":\"BreadcrumbList\",\"@id\":\"https:\/\/madresierraproducts.com\/producto\/cafe-golden-huila-una-joya-de-colombia-achocolatada-con-notas-sutiles-de-limon\/#breadcrumb\",\"itemListElement\":[{\"@type\":\"ListItem\",\"position\":1,\"name\":\"Home\",\"item\":\"https:\/\/madresierraproducts.com\/\"},{\"@type\":\"ListItem\",\"position\":2,\"name\":\"Tienda\",\"item\":\"https:\/\/madresierraproducts.com\/tienda\/\"},{\"@type\":\"ListItem\",\"position\":3,\"name\":\"Caf\u00e9 GOLDEN HUILA, una joya de COLOMBIA achocolatada con notas s\u00fatiles de lim\u00f3n (250g)\"}]},{\"@type\":\"WebSite\",\"@id\":\"https:\/\/madresierraproducts.com\/es\/#website\",\"url\":\"https:\/\/madresierraproducts.com\/es\/\",\"name\":\"Madre Sierra Products\",\"description\":\"Valorando saberes tradicionales y recursos naturales de Bosques y Sierras del Mundo\",\"publisher\":{\"@id\":\"https:\/\/madresierraproducts.com\/es\/#organization\"},\"potentialAction\":[{\"@type\":\"SearchAction\",\"target\":{\"@type\":\"EntryPoint\",\"urlTemplate\":\"https:\/\/madresierraproducts.com\/es\/?s={search_term_string}\"},\"query-input\":\"required name=search_term_string\"}],\"inLanguage\":\"es\"},{\"@type\":\"Organization\",\"@id\":\"https:\/\/madresierraproducts.com\/es\/#organization\",\"name\":\"Madre Sierra Products\",\"url\":\"https:\/\/madresierraproducts.com\/es\/\",\"logo\":{\"@type\":\"ImageObject\",\"inLanguage\":\"es\",\"@id\":\"https:\/\/madresierraproducts.com\/es\/#\/schema\/logo\/image\/\",\"url\":\"https:\/\/madresierraproducts.com\/wp-content\/uploads\/2020\/05\/Logo_MadreSierra_Web.png\",\"contentUrl\":\"https:\/\/madresierraproducts.com\/wp-content\/uploads\/2020\/05\/Logo_MadreSierra_Web.png\",\"width\":667,\"height\":509,\"caption\":\"Madre Sierra Products\"},\"image\":{\"@id\":\"https:\/\/madresierraproducts.com\/es\/#\/schema\/logo\/image\/\"},\"sameAs\":[\"https:\/\/www.facebook.com\/madresierraproducts\/\",\"https:\/\/www.instagram.com\/madre_sierra_products\/\"]}]}<\/script>\n<!-- \/ Yoast SEO plugin. -->","yoast_head_json":{"title":"Caf\u00e9 GOLDEN HUILA, una joya de COLOMBIA achocolatada con notas s\u00fatiles de lim\u00f3n (250g) | Madre Sierra Products","description":"Descubre el Caf\u00e9 de Bosque & Delicias Gourmet de la Serra de Tramuntana, Mallorca. Productos locales, sostenibles y conscientes.","robots":{"index":"index","follow":"follow","max-snippet":"max-snippet:-1","max-image-preview":"max-image-preview:large","max-video-preview":"max-video-preview:-1"},"canonical":"https:\/\/madresierraproducts.com\/es\/producto\/cafe-golden-huila-una-joya-de-colombia-achocolatada-con-notas-sutiles-de-limon\/","og_locale":"es_ES","og_type":"article","og_title":"Caf\u00e9 GOLDEN HUILA, una joya de COLOMBIA achocolatada con notas s\u00fatiles de lim\u00f3n (250g) | Madre Sierra Products","og_description":"Descubre el Caf\u00e9 de Bosque & Delicias Gourmet de la Serra de Tramuntana, Mallorca. Productos locales, sostenibles y conscientes.","og_url":"https:\/\/madresierraproducts.com\/es\/producto\/cafe-golden-huila-una-joya-de-colombia-achocolatada-con-notas-sutiles-de-limon\/","og_site_name":"Madre Sierra Products","article_publisher":"https:\/\/www.facebook.com\/madresierraproducts\/","article_modified_time":"2026-02-22T19:55:38+00:00","og_image":[{"width":267,"height":267,"url":"https:\/\/madresierraproducts.com\/wp-content\/uploads\/2022\/09\/Cafe-Biologico-Madre-Sierra.jpeg","type":"image\/jpeg"}],"twitter_card":"summary_large_image","twitter_misc":{"Tiempo de lectura":"1 minuto"},"schema":{"@context":"https:\/\/schema.org","@graph":[{"@type":"WebPage","@id":"https:\/\/madresierraproducts.com\/producto\/cafe-golden-huila-una-joya-de-colombia-achocolatada-con-notas-sutiles-de-limon\/","url":"https:\/\/madresierraproducts.com\/producto\/cafe-golden-huila-una-joya-de-colombia-achocolatada-con-notas-sutiles-de-limon\/","name":"Caf\u00e9 GOLDEN HUILA, una joya de COLOMBIA achocolatada con notas s\u00fatiles de lim\u00f3n (250g) | Madre Sierra Products","isPartOf":{"@id":"https:\/\/madresierraproducts.com\/es\/#website"},"primaryImageOfPage":{"@id":"https:\/\/madresierraproducts.com\/producto\/cafe-golden-huila-una-joya-de-colombia-achocolatada-con-notas-sutiles-de-limon\/#primaryimage"},"image":{"@id":"https:\/\/madresierraproducts.com\/producto\/cafe-golden-huila-una-joya-de-colombia-achocolatada-con-notas-sutiles-de-limon\/#primaryimage"},"thumbnailUrl":"https:\/\/madresierraproducts.com\/wp-content\/uploads\/2022\/09\/Cafe-Biologico-Madre-Sierra.jpeg","datePublished":"2022-09-19T10:49:30+00:00","dateModified":"2026-02-22T19:55:38+00:00","description":"Descubre el Caf\u00e9 de Bosque & Delicias Gourmet de la Serra de Tramuntana, Mallorca. Productos locales, sostenibles y conscientes.","breadcrumb":{"@id":"https:\/\/madresierraproducts.com\/producto\/cafe-golden-huila-una-joya-de-colombia-achocolatada-con-notas-sutiles-de-limon\/#breadcrumb"},"inLanguage":"es","potentialAction":[{"@type":"ReadAction","target":["https:\/\/madresierraproducts.com\/producto\/cafe-golden-huila-una-joya-de-colombia-achocolatada-con-notas-sutiles-de-limon\/"]}]},{"@type":"ImageObject","inLanguage":"es","@id":"https:\/\/madresierraproducts.com\/producto\/cafe-golden-huila-una-joya-de-colombia-achocolatada-con-notas-sutiles-de-limon\/#primaryimage","url":"https:\/\/madresierraproducts.com\/wp-content\/uploads\/2022\/09\/Cafe-Biologico-Madre-Sierra.jpeg","contentUrl":"https:\/\/madresierraproducts.com\/wp-content\/uploads\/2022\/09\/Cafe-Biologico-Madre-Sierra.jpeg","width":267,"height":267,"caption":"Fresh coffee in a basket"},{"@type":"BreadcrumbList","@id":"https:\/\/madresierraproducts.com\/producto\/cafe-golden-huila-una-joya-de-colombia-achocolatada-con-notas-sutiles-de-limon\/#breadcrumb","itemListElement":[{"@type":"ListItem","position":1,"name":"Home","item":"https:\/\/madresierraproducts.com\/"},{"@type":"ListItem","position":2,"name":"Tienda","item":"https:\/\/madresierraproducts.com\/tienda\/"},{"@type":"ListItem","position":3,"name":"Caf\u00e9 GOLDEN HUILA, una joya de COLOMBIA achocolatada con notas s\u00fatiles de lim\u00f3n (250g)"}]},{"@type":"WebSite","@id":"https:\/\/madresierraproducts.com\/es\/#website","url":"https:\/\/madresierraproducts.com\/es\/","name":"Madre Sierra Products","description":"Valorando saberes tradicionales y recursos naturales de Bosques y Sierras del Mundo","publisher":{"@id":"https:\/\/madresierraproducts.com\/es\/#organization"},"potentialAction":[{"@type":"SearchAction","target":{"@type":"EntryPoint","urlTemplate":"https:\/\/madresierraproducts.com\/es\/?s={search_term_string}"},"query-input":"required name=search_term_string"}],"inLanguage":"es"},{"@type":"Organization","@id":"https:\/\/madresierraproducts.com\/es\/#organization","name":"Madre Sierra Products","url":"https:\/\/madresierraproducts.com\/es\/","logo":{"@type":"ImageObject","inLanguage":"es","@id":"https:\/\/madresierraproducts.com\/es\/#\/schema\/logo\/image\/","url":"https:\/\/madresierraproducts.com\/wp-content\/uploads\/2020\/05\/Logo_MadreSierra_Web.png","contentUrl":"https:\/\/madresierraproducts.com\/wp-content\/uploads\/2020\/05\/Logo_MadreSierra_Web.png","width":667,"height":509,"caption":"Madre Sierra Products"},"image":{"@id":"https:\/\/madresierraproducts.com\/es\/#\/schema\/logo\/image\/"},"sameAs":["https:\/\/www.facebook.com\/madresierraproducts\/","https:\/\/www.instagram.com\/madre_sierra_products\/"]}]}},"_links":{"self":[{"href":"https:\/\/madresierraproducts.com\/es\/wp-json\/wp\/v2\/product\/1423"}],"collection":[{"href":"https:\/\/madresierraproducts.com\/es\/wp-json\/wp\/v2\/product"}],"about":[{"href":"https:\/\/madresierraproducts.com\/es\/wp-json\/wp\/v2\/types\/product"}],"replies":[{"embeddable":true,"href":"https:\/\/madresierraproducts.com\/es\/wp-json\/wp\/v2\/comments?post=1423"}],"wp:featuredmedia":[{"embeddable":true,"href":"https:\/\/madresierraproducts.com\/es\/wp-json\/wp\/v2\/media\/1677"}],"wp:attachment":[{"href":"https:\/\/madresierraproducts.com\/es\/wp-json\/wp\/v2\/media?parent=1423"}],"wp:term":[{"taxonomy":"product_cat","embeddable":true,"href":"https:\/\/madresierraproducts.com\/es\/wp-json\/wp\/v2\/product_cat?post=1423"},{"taxonomy":"product_tag","embeddable":true,"href":"https:\/\/madresierraproducts.com\/es\/wp-json\/wp\/v2\/product_tag?post=1423"}],"curies":[{"name":"wp","href":"https:\/\/api.w.org\/{rel}","templated":true}]}}