{"id":1020,"date":"2020-10-07T09:14:24","date_gmt":"2020-10-07T07:14:24","guid":{"rendered":"https:\/\/madresierraproducts.com\/?post_type=product&#038;p=1020"},"modified":"2025-05-26T11:19:19","modified_gmt":"2025-05-26T09:19:19","slug":"warana-satere-mawe-capsulas-bio","status":"publish","type":"product","link":"https:\/\/madresierraproducts.com\/es\/producto\/warana-satere-mawe-capsulas-bio\/","title":{"rendered":"Waran\u00e0 Sater\u00e9 Maw\u00e9 C\u00e1psulas Bio"},"content":{"rendered":"<p class=\"p1\">Originaria de la Amazonia brasile\u00f1a, la Waran\u00e0 es la denominaci\u00f3n de origen de la Guaran\u00e1 en la lengua Sater\u00e9 Maw\u00e9. Los indios Sater\u00e9 Maw\u00e9 han estado consumiendo y cultivando esta planta m\u00edtica de forma ritual durante siglos. Esta Waran\u00e0, que proviene de un ecosistema totalmente biodiverso, se prepara seg\u00fan los m\u00e9todos tradicionales: se cocina sobre fuegos muy bajos en hornos de arcilla durante seis d\u00edas y seis noches. \u00bfDisminuci\u00f3n de la tonicidad? \u00bfPoca concentraci\u00f3n? Madre Sierra Products y Guayapi le proponen un energizante natural, org\u00e1nico y de calidad!<\/p>\n<p>&nbsp;<\/p>\n<p><strong>Ingredientes:<\/strong><\/p>\n<table style=\"width: 79.7692%;\" width=\"559\">\n<tbody>\n<tr>\n<td style=\"width: 15.1405%;\" rowspan=\"2\" width=\"256\"><\/td>\n<td style=\"width: 52.4371%;\" width=\"237\"><span style=\"font-size: 10pt;\">Polvo de waran\u00e0 biol\u00f3gico puro (Paullinia cupana var. sorbilis)<\/span><\/td>\n<td style=\"width: 62.2971%;\" width=\"66\"><span style=\"font-size: 10pt;\">70%<\/span><\/td>\n<\/tr>\n<tr>\n<td style=\"width: 52.4371%;\" width=\"237\"><span style=\"font-size: 10pt;\">C\u00e1psulas de origen vegetal (Hydroxypropylmethylcellulose)<\/span><\/td>\n<td style=\"width: 62.2971%;\"><span style=\"font-size: 10pt;\">30,00%<\/span><\/td>\n<\/tr>\n<\/tbody>\n<\/table>\n<p>&nbsp;<\/p>\n<table style=\"width: 68.3113%; height: 178px;\" width=\"559\">\n<tbody>\n<tr style=\"height: 24px;\">\n<td style=\"height: 24px; width: 47.1324%;\" width=\"256\"><strong>Informaci\u00f3n nutricional por 100g:<\/strong><\/td>\n<td style=\"height: 24px; width: 25.0191%;\" width=\"237\"><span style=\"font-size: 10pt;\">Valor energ\u00e9tico<\/span><\/td>\n<td style=\"height: 24px; width: 37.8664%;\" width=\"66\"><span style=\"font-size: 10pt;\">397 kcal<\/span><\/td>\n<\/tr>\n<tr style=\"height: 24px;\">\n<td style=\"height: 24px; width: 47.1324%;\"><\/td>\n<td style=\"height: 24px; width: 25.0191%;\"><span style=\"font-size: 10pt;\">Grasas<\/span><\/td>\n<td style=\"height: 24px; width: 37.8664%;\"><span style=\"font-size: 10pt;\">2,4 g<\/span><\/td>\n<\/tr>\n<tr style=\"height: 24px;\">\n<td style=\"height: 24px; width: 47.1324%;\"><\/td>\n<td style=\"height: 24px; width: 25.0191%;\"><span style=\"font-size: 10pt;\">de las cuales saturadas<\/span><\/td>\n<td style=\"height: 24px; width: 37.8664%;\"><span style=\"font-size: 10pt;\">0 g<\/span><\/td>\n<\/tr>\n<tr style=\"height: 24px;\">\n<td style=\"height: 24px; width: 47.1324%;\"><\/td>\n<td style=\"height: 24px; width: 25.0191%;\"><span style=\"font-size: 10pt;\">Hidratos de carbono<\/span><\/td>\n<td style=\"height: 24px; width: 37.8664%;\"><span style=\"font-size: 10pt;\">73,3 g<\/span><\/td>\n<\/tr>\n<tr style=\"height: 24px;\">\n<td style=\"height: 24px; width: 47.1324%;\"><\/td>\n<td style=\"height: 24px; width: 25.0191%;\"><span style=\"font-size: 10pt;\">de los cuales az\u00facares<\/span><\/td>\n<td style=\"height: 24px; width: 37.8664%;\"><span style=\"font-size: 10pt;\">0,21 g<\/span><\/td>\n<\/tr>\n<tr style=\"height: 24px;\">\n<td style=\"height: 24px; width: 47.1324%;\"><\/td>\n<td style=\"height: 24px; width: 25.0191%;\"><span style=\"font-size: 10pt;\">Fibra alimentaria<\/span><\/td>\n<td style=\"height: 24px; width: 37.8664%;\"><span style=\"font-size: 10pt;\">0 g<\/span><\/td>\n<\/tr>\n<tr style=\"height: 24px;\">\n<td style=\"height: 24px; width: 47.1324%;\"><\/td>\n<td style=\"height: 24px; width: 25.0191%;\"><span style=\"font-size: 10pt;\">Prote\u00ednas<\/span><\/td>\n<td style=\"height: 24px; width: 37.8664%;\"><span style=\"font-size: 10pt;\">13,9 g<\/span><\/td>\n<\/tr>\n<tr style=\"height: 56px;\">\n<td style=\"height: 10px; width: 47.1324%;\"><\/td>\n<td style=\"height: 10px; width: 25.0191%;\"><span style=\"font-size: 10pt;\">Sal<\/span><\/td>\n<td style=\"height: 10px; width: 37.8664%;\"><span style=\"font-size: 10pt;\">1,5 g<\/span><\/td>\n<\/tr>\n<\/tbody>\n<\/table>\n","protected":false},"excerpt":{"rendered":"<p class=\"p1\">Madre Sierra Products y Guayapi le proponen un energizante natural, org\u00e1nico y de calidad!<\/p>\n<p>&nbsp;<\/p>\n<p>100 c\u00e1psulas de 420 mg<\/p>\n<p>Peso env\u00edo: 85 g<\/p>\n","protected":false},"featured_media":1263,"comment_status":"open","ping_status":"closed","template":"","meta":[],"product_cat":[16,75],"product_tag":[115,90,89,92,88,114],"yoast_head":"<!-- This site is optimized with the Yoast SEO plugin v22.7 - https:\/\/yoast.com\/wordpress\/plugins\/seo\/ -->\n<title>Waran\u00e0 Sater\u00e9 Maw\u00e9 C\u00e1psulas Bio | Madre Sierra Products<\/title>\n<meta name=\"description\" content=\"Esta Waran\u00e0, que proviene de un ecosistema totalmente biodiverso, se prepara seg\u00fan los m\u00e9todos tradicionales.\" \/>\n<meta name=\"robots\" content=\"index, follow, max-snippet:-1, max-image-preview:large, max-video-preview:-1\" \/>\n<link rel=\"canonical\" href=\"https:\/\/madresierraproducts.com\/es\/producto\/warana-satere-mawe-capsulas-bio\/\" \/>\n<meta property=\"og:locale\" content=\"es_ES\" \/>\n<meta property=\"og:type\" content=\"article\" \/>\n<meta property=\"og:title\" content=\"Waran\u00e0 Sater\u00e9 Maw\u00e9 C\u00e1psulas Bio | Madre Sierra Products\" \/>\n<meta property=\"og:description\" content=\"Esta Waran\u00e0, que proviene de un ecosistema totalmente biodiverso, se prepara seg\u00fan los m\u00e9todos tradicionales.\" \/>\n<meta property=\"og:url\" content=\"https:\/\/madresierraproducts.com\/es\/producto\/warana-satere-mawe-capsulas-bio\/\" \/>\n<meta property=\"og:site_name\" content=\"Madre Sierra Products\" \/>\n<meta property=\"article:publisher\" content=\"https:\/\/www.facebook.com\/madresierraproducts\/\" \/>\n<meta property=\"article:modified_time\" content=\"2025-05-26T09:19:19+00:00\" \/>\n<meta property=\"og:image\" content=\"https:\/\/madresierraproducts.com\/wp-content\/uploads\/2020\/10\/madre-sierra-products-guayapi-guarana.jpg\" \/>\n\t<meta property=\"og:image:width\" content=\"800\" \/>\n\t<meta property=\"og:image:height\" content=\"800\" \/>\n\t<meta property=\"og:image:type\" content=\"image\/jpeg\" \/>\n<meta name=\"twitter:card\" content=\"summary_large_image\" \/>\n<meta name=\"twitter:label1\" content=\"Tiempo de lectura\" \/>\n\t<meta name=\"twitter:data1\" content=\"1 minuto\" \/>\n<script type=\"application\/ld+json\" class=\"yoast-schema-graph\">{\"@context\":\"https:\/\/schema.org\",\"@graph\":[{\"@type\":\"WebPage\",\"@id\":\"https:\/\/madresierraproducts.com\/producto\/warana-satere-mawe-capsulas-bio\/\",\"url\":\"https:\/\/madresierraproducts.com\/producto\/warana-satere-mawe-capsulas-bio\/\",\"name\":\"Waran\u00e0 Sater\u00e9 Maw\u00e9 C\u00e1psulas Bio | Madre Sierra Products\",\"isPartOf\":{\"@id\":\"https:\/\/madresierraproducts.com\/es\/#website\"},\"primaryImageOfPage\":{\"@id\":\"https:\/\/madresierraproducts.com\/producto\/warana-satere-mawe-capsulas-bio\/#primaryimage\"},\"image\":{\"@id\":\"https:\/\/madresierraproducts.com\/producto\/warana-satere-mawe-capsulas-bio\/#primaryimage\"},\"thumbnailUrl\":\"https:\/\/madresierraproducts.com\/wp-content\/uploads\/2020\/10\/madre-sierra-products-guayapi-guarana.jpg\",\"datePublished\":\"2020-10-07T07:14:24+00:00\",\"dateModified\":\"2025-05-26T09:19:19+00:00\",\"description\":\"Esta Waran\u00e0, que proviene de un ecosistema totalmente biodiverso, se prepara seg\u00fan los m\u00e9todos tradicionales.\",\"breadcrumb\":{\"@id\":\"https:\/\/madresierraproducts.com\/producto\/warana-satere-mawe-capsulas-bio\/#breadcrumb\"},\"inLanguage\":\"es\",\"potentialAction\":[{\"@type\":\"ReadAction\",\"target\":[\"https:\/\/madresierraproducts.com\/producto\/warana-satere-mawe-capsulas-bio\/\"]}]},{\"@type\":\"ImageObject\",\"inLanguage\":\"es\",\"@id\":\"https:\/\/madresierraproducts.com\/producto\/warana-satere-mawe-capsulas-bio\/#primaryimage\",\"url\":\"https:\/\/madresierraproducts.com\/wp-content\/uploads\/2020\/10\/madre-sierra-products-guayapi-guarana.jpg\",\"contentUrl\":\"https:\/\/madresierraproducts.com\/wp-content\/uploads\/2020\/10\/madre-sierra-products-guayapi-guarana.jpg\",\"width\":800,\"height\":800,\"caption\":\"Guayapi guaran\u00e1\"},{\"@type\":\"BreadcrumbList\",\"@id\":\"https:\/\/madresierraproducts.com\/producto\/warana-satere-mawe-capsulas-bio\/#breadcrumb\",\"itemListElement\":[{\"@type\":\"ListItem\",\"position\":1,\"name\":\"Home\",\"item\":\"https:\/\/madresierraproducts.com\/\"},{\"@type\":\"ListItem\",\"position\":2,\"name\":\"Tienda\",\"item\":\"https:\/\/madresierraproducts.com\/tienda\/\"},{\"@type\":\"ListItem\",\"position\":3,\"name\":\"Waran\u00e0 Sater\u00e9 Maw\u00e9 C\u00e1psulas Bio\"}]},{\"@type\":\"WebSite\",\"@id\":\"https:\/\/madresierraproducts.com\/es\/#website\",\"url\":\"https:\/\/madresierraproducts.com\/es\/\",\"name\":\"Madre Sierra Products\",\"description\":\"Valorando saberes tradicionales y recursos naturales de Bosques y Sierras del Mundo\",\"publisher\":{\"@id\":\"https:\/\/madresierraproducts.com\/es\/#organization\"},\"potentialAction\":[{\"@type\":\"SearchAction\",\"target\":{\"@type\":\"EntryPoint\",\"urlTemplate\":\"https:\/\/madresierraproducts.com\/es\/?s={search_term_string}\"},\"query-input\":\"required name=search_term_string\"}],\"inLanguage\":\"es\"},{\"@type\":\"Organization\",\"@id\":\"https:\/\/madresierraproducts.com\/es\/#organization\",\"name\":\"Madre Sierra Products\",\"url\":\"https:\/\/madresierraproducts.com\/es\/\",\"logo\":{\"@type\":\"ImageObject\",\"inLanguage\":\"es\",\"@id\":\"https:\/\/madresierraproducts.com\/es\/#\/schema\/logo\/image\/\",\"url\":\"https:\/\/madresierraproducts.com\/wp-content\/uploads\/2020\/05\/Logo_MadreSierra_Web.png\",\"contentUrl\":\"https:\/\/madresierraproducts.com\/wp-content\/uploads\/2020\/05\/Logo_MadreSierra_Web.png\",\"width\":667,\"height\":509,\"caption\":\"Madre Sierra Products\"},\"image\":{\"@id\":\"https:\/\/madresierraproducts.com\/es\/#\/schema\/logo\/image\/\"},\"sameAs\":[\"https:\/\/www.facebook.com\/madresierraproducts\/\",\"https:\/\/www.instagram.com\/madre_sierra_products\/\"]}]}<\/script>\n<!-- \/ Yoast SEO plugin. -->","yoast_head_json":{"title":"Waran\u00e0 Sater\u00e9 Maw\u00e9 C\u00e1psulas Bio | Madre Sierra Products","description":"Esta Waran\u00e0, que proviene de un ecosistema totalmente biodiverso, se prepara seg\u00fan los m\u00e9todos tradicionales.","robots":{"index":"index","follow":"follow","max-snippet":"max-snippet:-1","max-image-preview":"max-image-preview:large","max-video-preview":"max-video-preview:-1"},"canonical":"https:\/\/madresierraproducts.com\/es\/producto\/warana-satere-mawe-capsulas-bio\/","og_locale":"es_ES","og_type":"article","og_title":"Waran\u00e0 Sater\u00e9 Maw\u00e9 C\u00e1psulas Bio | Madre Sierra Products","og_description":"Esta Waran\u00e0, que proviene de un ecosistema totalmente biodiverso, se prepara seg\u00fan los m\u00e9todos tradicionales.","og_url":"https:\/\/madresierraproducts.com\/es\/producto\/warana-satere-mawe-capsulas-bio\/","og_site_name":"Madre Sierra Products","article_publisher":"https:\/\/www.facebook.com\/madresierraproducts\/","article_modified_time":"2025-05-26T09:19:19+00:00","og_image":[{"width":800,"height":800,"url":"https:\/\/madresierraproducts.com\/wp-content\/uploads\/2020\/10\/madre-sierra-products-guayapi-guarana.jpg","type":"image\/jpeg"}],"twitter_card":"summary_large_image","twitter_misc":{"Tiempo de lectura":"1 minuto"},"schema":{"@context":"https:\/\/schema.org","@graph":[{"@type":"WebPage","@id":"https:\/\/madresierraproducts.com\/producto\/warana-satere-mawe-capsulas-bio\/","url":"https:\/\/madresierraproducts.com\/producto\/warana-satere-mawe-capsulas-bio\/","name":"Waran\u00e0 Sater\u00e9 Maw\u00e9 C\u00e1psulas Bio | Madre Sierra Products","isPartOf":{"@id":"https:\/\/madresierraproducts.com\/es\/#website"},"primaryImageOfPage":{"@id":"https:\/\/madresierraproducts.com\/producto\/warana-satere-mawe-capsulas-bio\/#primaryimage"},"image":{"@id":"https:\/\/madresierraproducts.com\/producto\/warana-satere-mawe-capsulas-bio\/#primaryimage"},"thumbnailUrl":"https:\/\/madresierraproducts.com\/wp-content\/uploads\/2020\/10\/madre-sierra-products-guayapi-guarana.jpg","datePublished":"2020-10-07T07:14:24+00:00","dateModified":"2025-05-26T09:19:19+00:00","description":"Esta Waran\u00e0, que proviene de un ecosistema totalmente biodiverso, se prepara seg\u00fan los m\u00e9todos tradicionales.","breadcrumb":{"@id":"https:\/\/madresierraproducts.com\/producto\/warana-satere-mawe-capsulas-bio\/#breadcrumb"},"inLanguage":"es","potentialAction":[{"@type":"ReadAction","target":["https:\/\/madresierraproducts.com\/producto\/warana-satere-mawe-capsulas-bio\/"]}]},{"@type":"ImageObject","inLanguage":"es","@id":"https:\/\/madresierraproducts.com\/producto\/warana-satere-mawe-capsulas-bio\/#primaryimage","url":"https:\/\/madresierraproducts.com\/wp-content\/uploads\/2020\/10\/madre-sierra-products-guayapi-guarana.jpg","contentUrl":"https:\/\/madresierraproducts.com\/wp-content\/uploads\/2020\/10\/madre-sierra-products-guayapi-guarana.jpg","width":800,"height":800,"caption":"Guayapi guaran\u00e1"},{"@type":"BreadcrumbList","@id":"https:\/\/madresierraproducts.com\/producto\/warana-satere-mawe-capsulas-bio\/#breadcrumb","itemListElement":[{"@type":"ListItem","position":1,"name":"Home","item":"https:\/\/madresierraproducts.com\/"},{"@type":"ListItem","position":2,"name":"Tienda","item":"https:\/\/madresierraproducts.com\/tienda\/"},{"@type":"ListItem","position":3,"name":"Waran\u00e0 Sater\u00e9 Maw\u00e9 C\u00e1psulas Bio"}]},{"@type":"WebSite","@id":"https:\/\/madresierraproducts.com\/es\/#website","url":"https:\/\/madresierraproducts.com\/es\/","name":"Madre Sierra Products","description":"Valorando saberes tradicionales y recursos naturales de Bosques y Sierras del Mundo","publisher":{"@id":"https:\/\/madresierraproducts.com\/es\/#organization"},"potentialAction":[{"@type":"SearchAction","target":{"@type":"EntryPoint","urlTemplate":"https:\/\/madresierraproducts.com\/es\/?s={search_term_string}"},"query-input":"required name=search_term_string"}],"inLanguage":"es"},{"@type":"Organization","@id":"https:\/\/madresierraproducts.com\/es\/#organization","name":"Madre Sierra Products","url":"https:\/\/madresierraproducts.com\/es\/","logo":{"@type":"ImageObject","inLanguage":"es","@id":"https:\/\/madresierraproducts.com\/es\/#\/schema\/logo\/image\/","url":"https:\/\/madresierraproducts.com\/wp-content\/uploads\/2020\/05\/Logo_MadreSierra_Web.png","contentUrl":"https:\/\/madresierraproducts.com\/wp-content\/uploads\/2020\/05\/Logo_MadreSierra_Web.png","width":667,"height":509,"caption":"Madre Sierra Products"},"image":{"@id":"https:\/\/madresierraproducts.com\/es\/#\/schema\/logo\/image\/"},"sameAs":["https:\/\/www.facebook.com\/madresierraproducts\/","https:\/\/www.instagram.com\/madre_sierra_products\/"]}]}},"_links":{"self":[{"href":"https:\/\/madresierraproducts.com\/es\/wp-json\/wp\/v2\/product\/1020"}],"collection":[{"href":"https:\/\/madresierraproducts.com\/es\/wp-json\/wp\/v2\/product"}],"about":[{"href":"https:\/\/madresierraproducts.com\/es\/wp-json\/wp\/v2\/types\/product"}],"replies":[{"embeddable":true,"href":"https:\/\/madresierraproducts.com\/es\/wp-json\/wp\/v2\/comments?post=1020"}],"wp:featuredmedia":[{"embeddable":true,"href":"https:\/\/madresierraproducts.com\/es\/wp-json\/wp\/v2\/media\/1263"}],"wp:attachment":[{"href":"https:\/\/madresierraproducts.com\/es\/wp-json\/wp\/v2\/media?parent=1020"}],"wp:term":[{"taxonomy":"product_cat","embeddable":true,"href":"https:\/\/madresierraproducts.com\/es\/wp-json\/wp\/v2\/product_cat?post=1020"},{"taxonomy":"product_tag","embeddable":true,"href":"https:\/\/madresierraproducts.com\/es\/wp-json\/wp\/v2\/product_tag?post=1020"}],"curies":[{"name":"wp","href":"https:\/\/api.w.org\/{rel}","templated":true}]}}