{"id":1015,"date":"2020-10-07T08:35:11","date_gmt":"2020-10-07T06:35:11","guid":{"rendered":"https:\/\/madresierraproducts.com\/?post_type=product&#038;p=1015"},"modified":"2025-05-19T00:28:14","modified_gmt":"2025-05-18T22:28:14","slug":"urucum-bio","status":"publish","type":"product","link":"https:\/\/madresierraproducts.com\/es\/producto\/urucum-bio\/","title":{"rendered":"Urucum C\u00e1psulas Bio"},"content":{"rendered":"<p class=\"p1\">El urucum contiene una enorme cantidad de beta caroteno en forma de bixina natural. Originalmente, los indios amaz\u00f3nicos usaban el urucum para protegerse del sol y de los mosquitos aplic\u00e1ndolo directamente sobre la piel, de ah\u00ed el nombre de \u00abpiel roja\u00bb. \u00bfTienes una piel fr\u00e1gil al sol? \u00bfDeseas un bronceado perfecto? \u00bfQuieres perfumar y colorear tus platos? Madre Sierra Products y Guayapi ofrece tabletas naturales y org\u00e1nicas de forma directa desde el Amazonas o los bosques de Sri Lanka!<\/p>\n<p>&nbsp;<\/p>\n<p><strong>Ingredientes:<\/strong><\/p>\n<table style=\"width: 64.9102%; height: 59px;\" width=\"493\">\n<tbody>\n<tr style=\"height: 11px;\">\n<td style=\"width: 18.8982%; height: 59px;\" rowspan=\"2\" width=\"256\"><\/td>\n<td style=\"width: 99.2039%; height: 11px;\" width=\"237\"><span style=\"font-size: 10pt;\">Urucum org\u00e1nico puro (Bixa Orellana)<\/span><\/td>\n<\/tr>\n<tr style=\"height: 24px;\">\n<td style=\"width: 99.2039%; height: 24px;\" width=\"237\"><span style=\"font-size: 10pt;\">Extracto seco de bamb\u00fa biol\u00f3gico (Bambusa Arundinacea)<\/span><\/td>\n<\/tr>\n<\/tbody>\n<\/table>\n<p>&nbsp;<\/p>\n<table style=\"width: 65.1467%; height: 192px;\" width=\"559\">\n<tbody>\n<tr style=\"height: 24px;\">\n<td style=\"width: 48.9245%; height: 24px;\" width=\"256\"><strong>Informaci\u00f3n nutricional por 100g:<\/strong><\/td>\n<td style=\"width: 25.54%; height: 24px;\" width=\"237\"><span style=\"font-size: 10pt;\">Valor energ\u00e9tico<\/span><\/td>\n<td style=\"width: 37.8042%; height: 24px;\" width=\"66\"><span style=\"font-size: 10pt;\">37 kcal<\/span><\/td>\n<\/tr>\n<tr style=\"height: 24px;\">\n<td style=\"width: 48.9245%; height: 24px;\"><\/td>\n<td style=\"width: 25.54%; height: 24px;\"><span style=\"font-size: 10pt;\">Grasas<\/span><\/td>\n<td style=\"width: 37.8042%; height: 24px;\"><span style=\"font-size: 10pt;\">0 g<\/span><\/td>\n<\/tr>\n<tr style=\"height: 24px;\">\n<td style=\"width: 48.9245%; height: 24px;\"><\/td>\n<td style=\"width: 25.54%; height: 24px;\"><span style=\"font-size: 10pt;\">de las cuales saturadas<\/span><\/td>\n<td style=\"width: 37.8042%; height: 24px;\"><span style=\"font-size: 10pt;\">0 g<\/span><\/td>\n<\/tr>\n<tr style=\"height: 24px;\">\n<td style=\"width: 48.9245%; height: 24px;\"><\/td>\n<td style=\"width: 25.54%; height: 24px;\"><span style=\"font-size: 10pt;\">Hidratos de carbono<\/span><\/td>\n<td style=\"width: 37.8042%; height: 24px;\"><span style=\"font-size: 10pt;\">7,4 g<\/span><\/td>\n<\/tr>\n<tr style=\"height: 24px;\">\n<td style=\"width: 48.9245%; height: 24px;\"><\/td>\n<td style=\"width: 25.54%; height: 24px;\"><span style=\"font-size: 10pt;\">de los cuales az\u00facares<\/span><\/td>\n<td style=\"width: 37.8042%; height: 24px;\"><span style=\"font-size: 10pt;\">0 g<\/span><\/td>\n<\/tr>\n<tr style=\"height: 24px;\">\n<td style=\"width: 48.9245%; height: 24px;\"><\/td>\n<td style=\"width: 25.54%; height: 24px;\"><span style=\"font-size: 10pt;\">Fibra alimentaria<\/span><\/td>\n<td style=\"width: 37.8042%; height: 24px;\"><span style=\"font-size: 10pt;\">0 g<\/span><\/td>\n<\/tr>\n<tr style=\"height: 24px;\">\n<td style=\"width: 48.9245%; height: 24px;\"><\/td>\n<td style=\"width: 25.54%; height: 24px;\"><span style=\"font-size: 10pt;\">Prote\u00ednas<\/span><\/td>\n<td style=\"width: 37.8042%; height: 24px;\"><span style=\"font-size: 10pt;\">0 g<\/span><\/td>\n<\/tr>\n<tr style=\"height: 24px;\">\n<td style=\"width: 48.9245%; height: 24px;\"><\/td>\n<td style=\"width: 25.54%; height: 24px;\"><span style=\"font-size: 10pt;\">Sal<\/span><\/td>\n<td style=\"width: 37.8042%; height: 24px;\"><span style=\"font-size: 10pt;\">3,7 g<\/span><\/td>\n<\/tr>\n<\/tbody>\n<\/table>\n","protected":false},"excerpt":{"rendered":"<p>Madre Sierra Products y Guayapi ofrece tabletas naturales y org\u00e1nicas de forma directa desde el Amazonas o los bosques de Sri Lanka!<\/p>\n<p>80 c\u00e1psulas de 630 mg<\/p>\n<p>Peso env\u00edo: 80 g<\/p>\n","protected":false},"featured_media":1271,"comment_status":"open","ping_status":"closed","template":"","meta":[],"product_cat":[16,75],"product_tag":[115,90,89,92,88,113],"yoast_head":"<!-- This site is optimized with the Yoast SEO plugin v22.7 - https:\/\/yoast.com\/wordpress\/plugins\/seo\/ -->\n<title>Urucum C\u00e1psulas Bio Guayapi | Madre Sierra Products<\/title>\n<meta name=\"description\" content=\"Madre Sierra Products y Guayapi ofrece tabletas naturales y org\u00e1nicas de forma directa desde el Amazonas o los bosques de Sri Lanka.\" \/>\n<meta name=\"robots\" content=\"index, follow, max-snippet:-1, max-image-preview:large, max-video-preview:-1\" \/>\n<link rel=\"canonical\" href=\"https:\/\/madresierraproducts.com\/es\/producto\/urucum-bio\/\" \/>\n<meta property=\"og:locale\" content=\"es_ES\" \/>\n<meta property=\"og:type\" content=\"article\" \/>\n<meta property=\"og:title\" content=\"Urucum C\u00e1psulas Bio Guayapi | Madre Sierra Products\" \/>\n<meta property=\"og:description\" content=\"Madre Sierra Products y Guayapi ofrece tabletas naturales y org\u00e1nicas de forma directa desde el Amazonas o los bosques de Sri Lanka.\" \/>\n<meta property=\"og:url\" content=\"https:\/\/madresierraproducts.com\/es\/producto\/urucum-bio\/\" \/>\n<meta property=\"og:site_name\" content=\"Madre Sierra Products\" \/>\n<meta property=\"article:publisher\" content=\"https:\/\/www.facebook.com\/madresierraproducts\/\" \/>\n<meta property=\"article:modified_time\" content=\"2025-05-18T22:28:14+00:00\" \/>\n<meta property=\"og:image\" content=\"https:\/\/madresierraproducts.com\/wp-content\/uploads\/2020\/10\/madre-sierra-products-guayapi-urucum.jpg\" \/>\n\t<meta property=\"og:image:width\" content=\"800\" \/>\n\t<meta property=\"og:image:height\" content=\"800\" \/>\n\t<meta property=\"og:image:type\" content=\"image\/jpeg\" \/>\n<meta name=\"twitter:card\" content=\"summary_large_image\" \/>\n<meta name=\"twitter:label1\" content=\"Tiempo de lectura\" \/>\n\t<meta name=\"twitter:data1\" content=\"1 minuto\" \/>\n<script type=\"application\/ld+json\" class=\"yoast-schema-graph\">{\"@context\":\"https:\/\/schema.org\",\"@graph\":[{\"@type\":\"WebPage\",\"@id\":\"https:\/\/madresierraproducts.com\/producto\/urucum-bio\/\",\"url\":\"https:\/\/madresierraproducts.com\/producto\/urucum-bio\/\",\"name\":\"Urucum C\u00e1psulas Bio Guayapi | Madre Sierra Products\",\"isPartOf\":{\"@id\":\"https:\/\/madresierraproducts.com\/es\/#website\"},\"primaryImageOfPage\":{\"@id\":\"https:\/\/madresierraproducts.com\/producto\/urucum-bio\/#primaryimage\"},\"image\":{\"@id\":\"https:\/\/madresierraproducts.com\/producto\/urucum-bio\/#primaryimage\"},\"thumbnailUrl\":\"https:\/\/madresierraproducts.com\/wp-content\/uploads\/2020\/10\/madre-sierra-products-guayapi-urucum.jpg\",\"datePublished\":\"2020-10-07T06:35:11+00:00\",\"dateModified\":\"2025-05-18T22:28:14+00:00\",\"description\":\"Madre Sierra Products y Guayapi ofrece tabletas naturales y org\u00e1nicas de forma directa desde el Amazonas o los bosques de Sri Lanka.\",\"breadcrumb\":{\"@id\":\"https:\/\/madresierraproducts.com\/producto\/urucum-bio\/#breadcrumb\"},\"inLanguage\":\"es\",\"potentialAction\":[{\"@type\":\"ReadAction\",\"target\":[\"https:\/\/madresierraproducts.com\/producto\/urucum-bio\/\"]}]},{\"@type\":\"ImageObject\",\"inLanguage\":\"es\",\"@id\":\"https:\/\/madresierraproducts.com\/producto\/urucum-bio\/#primaryimage\",\"url\":\"https:\/\/madresierraproducts.com\/wp-content\/uploads\/2020\/10\/madre-sierra-products-guayapi-urucum.jpg\",\"contentUrl\":\"https:\/\/madresierraproducts.com\/wp-content\/uploads\/2020\/10\/madre-sierra-products-guayapi-urucum.jpg\",\"width\":800,\"height\":800,\"caption\":\"Guayapi urucum\"},{\"@type\":\"BreadcrumbList\",\"@id\":\"https:\/\/madresierraproducts.com\/producto\/urucum-bio\/#breadcrumb\",\"itemListElement\":[{\"@type\":\"ListItem\",\"position\":1,\"name\":\"Home\",\"item\":\"https:\/\/madresierraproducts.com\/\"},{\"@type\":\"ListItem\",\"position\":2,\"name\":\"Tienda\",\"item\":\"https:\/\/madresierraproducts.com\/tienda\/\"},{\"@type\":\"ListItem\",\"position\":3,\"name\":\"Urucum C\u00e1psulas Bio\"}]},{\"@type\":\"WebSite\",\"@id\":\"https:\/\/madresierraproducts.com\/es\/#website\",\"url\":\"https:\/\/madresierraproducts.com\/es\/\",\"name\":\"Madre Sierra Products\",\"description\":\"Valorando saberes tradicionales y recursos naturales de Bosques y Sierras del Mundo\",\"publisher\":{\"@id\":\"https:\/\/madresierraproducts.com\/es\/#organization\"},\"potentialAction\":[{\"@type\":\"SearchAction\",\"target\":{\"@type\":\"EntryPoint\",\"urlTemplate\":\"https:\/\/madresierraproducts.com\/es\/?s={search_term_string}\"},\"query-input\":\"required name=search_term_string\"}],\"inLanguage\":\"es\"},{\"@type\":\"Organization\",\"@id\":\"https:\/\/madresierraproducts.com\/es\/#organization\",\"name\":\"Madre Sierra Products\",\"url\":\"https:\/\/madresierraproducts.com\/es\/\",\"logo\":{\"@type\":\"ImageObject\",\"inLanguage\":\"es\",\"@id\":\"https:\/\/madresierraproducts.com\/es\/#\/schema\/logo\/image\/\",\"url\":\"https:\/\/madresierraproducts.com\/wp-content\/uploads\/2020\/05\/Logo_MadreSierra_Web.png\",\"contentUrl\":\"https:\/\/madresierraproducts.com\/wp-content\/uploads\/2020\/05\/Logo_MadreSierra_Web.png\",\"width\":667,\"height\":509,\"caption\":\"Madre Sierra Products\"},\"image\":{\"@id\":\"https:\/\/madresierraproducts.com\/es\/#\/schema\/logo\/image\/\"},\"sameAs\":[\"https:\/\/www.facebook.com\/madresierraproducts\/\",\"https:\/\/www.instagram.com\/madre_sierra_products\/\"]}]}<\/script>\n<!-- \/ Yoast SEO plugin. -->","yoast_head_json":{"title":"Urucum C\u00e1psulas Bio Guayapi | Madre Sierra Products","description":"Madre Sierra Products y Guayapi ofrece tabletas naturales y org\u00e1nicas de forma directa desde el Amazonas o los bosques de Sri Lanka.","robots":{"index":"index","follow":"follow","max-snippet":"max-snippet:-1","max-image-preview":"max-image-preview:large","max-video-preview":"max-video-preview:-1"},"canonical":"https:\/\/madresierraproducts.com\/es\/producto\/urucum-bio\/","og_locale":"es_ES","og_type":"article","og_title":"Urucum C\u00e1psulas Bio Guayapi | Madre Sierra Products","og_description":"Madre Sierra Products y Guayapi ofrece tabletas naturales y org\u00e1nicas de forma directa desde el Amazonas o los bosques de Sri Lanka.","og_url":"https:\/\/madresierraproducts.com\/es\/producto\/urucum-bio\/","og_site_name":"Madre Sierra Products","article_publisher":"https:\/\/www.facebook.com\/madresierraproducts\/","article_modified_time":"2025-05-18T22:28:14+00:00","og_image":[{"width":800,"height":800,"url":"https:\/\/madresierraproducts.com\/wp-content\/uploads\/2020\/10\/madre-sierra-products-guayapi-urucum.jpg","type":"image\/jpeg"}],"twitter_card":"summary_large_image","twitter_misc":{"Tiempo de lectura":"1 minuto"},"schema":{"@context":"https:\/\/schema.org","@graph":[{"@type":"WebPage","@id":"https:\/\/madresierraproducts.com\/producto\/urucum-bio\/","url":"https:\/\/madresierraproducts.com\/producto\/urucum-bio\/","name":"Urucum C\u00e1psulas Bio Guayapi | Madre Sierra Products","isPartOf":{"@id":"https:\/\/madresierraproducts.com\/es\/#website"},"primaryImageOfPage":{"@id":"https:\/\/madresierraproducts.com\/producto\/urucum-bio\/#primaryimage"},"image":{"@id":"https:\/\/madresierraproducts.com\/producto\/urucum-bio\/#primaryimage"},"thumbnailUrl":"https:\/\/madresierraproducts.com\/wp-content\/uploads\/2020\/10\/madre-sierra-products-guayapi-urucum.jpg","datePublished":"2020-10-07T06:35:11+00:00","dateModified":"2025-05-18T22:28:14+00:00","description":"Madre Sierra Products y Guayapi ofrece tabletas naturales y org\u00e1nicas de forma directa desde el Amazonas o los bosques de Sri Lanka.","breadcrumb":{"@id":"https:\/\/madresierraproducts.com\/producto\/urucum-bio\/#breadcrumb"},"inLanguage":"es","potentialAction":[{"@type":"ReadAction","target":["https:\/\/madresierraproducts.com\/producto\/urucum-bio\/"]}]},{"@type":"ImageObject","inLanguage":"es","@id":"https:\/\/madresierraproducts.com\/producto\/urucum-bio\/#primaryimage","url":"https:\/\/madresierraproducts.com\/wp-content\/uploads\/2020\/10\/madre-sierra-products-guayapi-urucum.jpg","contentUrl":"https:\/\/madresierraproducts.com\/wp-content\/uploads\/2020\/10\/madre-sierra-products-guayapi-urucum.jpg","width":800,"height":800,"caption":"Guayapi urucum"},{"@type":"BreadcrumbList","@id":"https:\/\/madresierraproducts.com\/producto\/urucum-bio\/#breadcrumb","itemListElement":[{"@type":"ListItem","position":1,"name":"Home","item":"https:\/\/madresierraproducts.com\/"},{"@type":"ListItem","position":2,"name":"Tienda","item":"https:\/\/madresierraproducts.com\/tienda\/"},{"@type":"ListItem","position":3,"name":"Urucum C\u00e1psulas Bio"}]},{"@type":"WebSite","@id":"https:\/\/madresierraproducts.com\/es\/#website","url":"https:\/\/madresierraproducts.com\/es\/","name":"Madre Sierra Products","description":"Valorando saberes tradicionales y recursos naturales de Bosques y Sierras del Mundo","publisher":{"@id":"https:\/\/madresierraproducts.com\/es\/#organization"},"potentialAction":[{"@type":"SearchAction","target":{"@type":"EntryPoint","urlTemplate":"https:\/\/madresierraproducts.com\/es\/?s={search_term_string}"},"query-input":"required name=search_term_string"}],"inLanguage":"es"},{"@type":"Organization","@id":"https:\/\/madresierraproducts.com\/es\/#organization","name":"Madre Sierra Products","url":"https:\/\/madresierraproducts.com\/es\/","logo":{"@type":"ImageObject","inLanguage":"es","@id":"https:\/\/madresierraproducts.com\/es\/#\/schema\/logo\/image\/","url":"https:\/\/madresierraproducts.com\/wp-content\/uploads\/2020\/05\/Logo_MadreSierra_Web.png","contentUrl":"https:\/\/madresierraproducts.com\/wp-content\/uploads\/2020\/05\/Logo_MadreSierra_Web.png","width":667,"height":509,"caption":"Madre Sierra Products"},"image":{"@id":"https:\/\/madresierraproducts.com\/es\/#\/schema\/logo\/image\/"},"sameAs":["https:\/\/www.facebook.com\/madresierraproducts\/","https:\/\/www.instagram.com\/madre_sierra_products\/"]}]}},"_links":{"self":[{"href":"https:\/\/madresierraproducts.com\/es\/wp-json\/wp\/v2\/product\/1015"}],"collection":[{"href":"https:\/\/madresierraproducts.com\/es\/wp-json\/wp\/v2\/product"}],"about":[{"href":"https:\/\/madresierraproducts.com\/es\/wp-json\/wp\/v2\/types\/product"}],"replies":[{"embeddable":true,"href":"https:\/\/madresierraproducts.com\/es\/wp-json\/wp\/v2\/comments?post=1015"}],"wp:featuredmedia":[{"embeddable":true,"href":"https:\/\/madresierraproducts.com\/es\/wp-json\/wp\/v2\/media\/1271"}],"wp:attachment":[{"href":"https:\/\/madresierraproducts.com\/es\/wp-json\/wp\/v2\/media?parent=1015"}],"wp:term":[{"taxonomy":"product_cat","embeddable":true,"href":"https:\/\/madresierraproducts.com\/es\/wp-json\/wp\/v2\/product_cat?post=1015"},{"taxonomy":"product_tag","embeddable":true,"href":"https:\/\/madresierraproducts.com\/es\/wp-json\/wp\/v2\/product_tag?post=1015"}],"curies":[{"name":"wp","href":"https:\/\/api.w.org\/{rel}","templated":true}]}}