{"id":915,"date":"2020-08-26T10:28:29","date_gmt":"2020-08-26T08:28:29","guid":{"rendered":"http:\/\/madresierraproducts.com\/?page_id=915"},"modified":"2024-05-10T12:11:20","modified_gmt":"2024-05-10T10:11:20","slug":"politica-de-cookies","status":"publish","type":"page","link":"https:\/\/madresierraproducts.com\/es\/politica-de-cookies\/","title":{"rendered":"Pol\u00edtica de Cookies"},"content":{"rendered":"<div class=\"vc-row-container container\"><div class=\"vc_row wpb_row vc_row-fluid\"><div class=\"wpb_column vc_column_container vc_col-sm-12\"><div class=\"vc_column-inner\"><div class=\"wpb_wrapper\">\n\t<div class=\"wpb_text_column wpb_content_element  post-formatting \" >\n\t\t<div class=\"wpb_wrapper\">\n\t\t\t<h1>Pol\u00edtica de Cookies<\/h1>\n<p>Una cookie es un fichero que se descarga en el ordenador\/smartphone\/tablet del usuario al acceder a determinadas p\u00e1ginas web para almacenar y recuperar informaci\u00f3n sobre la navegaci\u00f3n que se efect\u00faa desde dicho equipo. El Real Decreto-ley 13\/2012, de 30 de marzo, publicado en el \u00abBolet\u00edn Oficial del Estado\u00bb el pasado s\u00e1bado 31 de marzo de 2012, transpone la Directiva 2009\/136\/CE, del Parlamento Europeo y del Consejo, de 25 de noviembre de 2009, que se integra en la LSSI (Ley 34\/2002, de 11 de julio, de servicios de la sociedad de la informaci\u00f3n y de comercio electr\u00f3nico) modificando el punto segundo de su art\u00edculo 22, que queda redactado de la forma siguiente:<\/p>\n<p>\u201cArt\u00edculo 22.2 de la Ley 34\/2002. Los prestadores de servicios podr\u00e1n utilizar dispositivos de almacenamiento y recuperaci\u00f3n de datos en equipos terminales de los destinatarios, a condici\u00f3n de que los mismos hayan dado su consentimiento despu\u00e9s de que se les haya facilitado informaci\u00f3n clara y completa sobre su utilizaci\u00f3n, en particular, sobre los fines del tratamiento de los datos, con arreglo a lo dispuesto en la Ley Org\u00e1nica 15\/1999, de 13 de diciembre, de Protecci\u00f3n de Datos de Car\u00e1cter Personal. Cuando sea t\u00e9cnicamente posible y eficaz, el consentimiento del destinatario para aceptar el tratamiento de los datos podr\u00e1 facilitarse mediante el uso de los par\u00e1metros adecuados del navegador o de otras aplicaciones, siempre que aqu\u00e9l deba proceder a su configuraci\u00f3n durante su instalaci\u00f3n o actualizaci\u00f3n mediante una acci\u00f3n expresa a tal efecto. Lo anterior no impedir\u00e1 el posible almacenamiento o acceso de \u00edndole t\u00e9cnica al solo fin de efectuar la transmisi\u00f3n de una comunicaci\u00f3n por una red de comunicaciones electr\u00f3nicas o, en la medida que resulte estrictamente necesario, para la prestaci\u00f3n de un servicio de la sociedad de la informaci\u00f3n expresamente solicitado por el destinatario.\u201d<\/p>\n<p>Por este motivo, le informamos que la Cookies que esta p\u00e1gina web utiliza son:<\/p>\n<p><strong>Cookies t\u00e9cnicas<\/strong><\/p>\n<p>Permiten al usuario la navegaci\u00f3n a trav\u00e9s de una p\u00e1gina web, plataforma o aplicaci\u00f3n y la utilizaci\u00f3n de las diferentes opciones o servicios que en ella existan como, por ejemplo, controlar el tr\u00e1fico y la comunicaci\u00f3n de datos, identificar la sesi\u00f3n, acceder a partes de acceso restringido, recordar los elementos que integran un pedido, realizar el proceso de compra de un pedido, realizar la solicitud de inscripci\u00f3n o participaci\u00f3n en un evento, utilizar elementos de seguridad durante la navegaci\u00f3n, almacenar contenidos para la difusi\u00f3n de videos o sonido o compartir contenidos a trav\u00e9s de redes sociales.<\/p>\n<p><strong>Cookies de personalizaci\u00f3n<\/strong><\/p>\n<p>Permiten al usuario acceder al servicio con algunas caracter\u00edsticas de car\u00e1cter general predefinidas en funci\u00f3n de una serie de criterios en el terminal del usuario como por configuraci\u00f3n regional desde donde accede al servicio, etc.<\/p>\n<p><strong>Cookies de an\u00e1lisis de terceros (Google Analytics)<\/strong><\/p>\n<p>Permiten al responsable de las mismas, el seguimiento y an\u00e1lisis del comportamiento de los usuarios de los sitios web a los que est\u00e1n vinculadas. La informaci\u00f3n recogida mediante este tipo de cookies se utiliza en la medici\u00f3n de la actividad de los sitios web, aplicaci\u00f3n o plataforma y para la elaboraci\u00f3n de perfiles de navegaci\u00f3n de los usuarios de dichos sitios, aplicaciones y plataformas, con el fin de introducir mejoras en funci\u00f3n del an\u00e1lisis de los datos de uso que hacen los usuarios del servicio.<\/p>\n<p>Google Analytics emplea principalmente cookies de origen para realizar informes sobre las interacciones de los usuarios en su sitio web. Estas cookies se utilizan para almacenar informaci\u00f3n de identificaci\u00f3n no personal. Los navegadores no comparten cookies de origen a trav\u00e9s de distintos dominios.<\/p>\n<p>En el caso de los clientes que utilizan la funci\u00f3n de Google Analytics para anunciantes de la Red de Display, la cookie de terceros de DoubleClick se utiliza para habilitar funciones, como, por ejemplo, el remarketing de productos como AdWords en la Red de Display de Google. Para obtener m\u00e1s informaci\u00f3n acerca de esta cookie, consulte las Preguntas frecuentes sobre la privacidad publicitaria de Google. En la p\u00e1gina Preferencias de anuncios se puede configurar esta cookie e inhabilitar esta funci\u00f3n.<\/p>\n<p>Los clientes que han habilitado el m\u00e9todo de la colecci\u00f3n analytics.js a trav\u00e9s de Universal Analytics pueden controlar si quieren establecer una cookie. Si el cliente decide establecer una cookie, la informaci\u00f3n almacenada en la cookie local de origen se reduce a un identificador aleatorio (por ejemplo, 12345.67890).<\/p>\n<p>Puede desactivar las Cookies seg\u00fan la configuraci\u00f3n del navegador que utilice, por ejemplo:<\/p>\n<p><\/p>\n<ul>\n<li>Chrome, desde <a href=\"http:\/\/support.google.com\/chrome\/bin\/answer.py?hl=es&amp;answer=95647\">http:\/\/support.google.com\/chrome\/bin\/answer.py?hl=es&amp;answer=95647<\/a><\/li>\n<li>Explorer, desde <a href=\"http:\/\/windows.microsoft.com\/es-es\/windows7\/how-to-manage-cookies-in-internet-explorer-9\">http:\/\/windows.microsoft.com\/es-es\/windows7\/how-to-manage-cookies-in-internet-explorer-9<\/a><\/li>\n<li>Firefox, desde <a href=\"http:\/\/support.mozilla.org\/es\/kb\/habilitar-y-deshabilitar-cookies-que-los-sitios-we\">http:\/\/support.mozilla.org\/es\/kb\/habilitar-y-deshabilitar-cookies-que-los-sitios-we<\/a><\/li>\n<li>Safari, desde <a href=\"http:\/\/support.apple.com\/kb\/ph5042\">http:\/\/support.apple.com\/kb\/ph5042<\/a><\/li>\n<\/ul>\n<p><strong>Cookies utilizadas<\/strong><\/p>\n<table style=\"height: 530px; width: 100%; border-collapse: collapse; border-style: solid; border-color: #5d6831;\" border=\"2px\">\n<tbody>\n<tr style=\"height: 30px; background-color: #5d6831;\">\n<th style=\"width: 18.5299%; height: 30px; background-color: #5d6831;\"><span style=\"color: #ffffff;\"><strong>\u00a0Cookie Key<\/strong><\/span><\/th>\n<th style=\"width: 21.1297%; height: 30px; background-color: #5d6831;\"><span style=\"color: #ffffff;\"><strong>\u00a0Dominio<\/strong><\/span><\/th>\n<th style=\"width: 4.92824%; height: 30px; background-color: #5d6831;\"><span style=\"color: #ffffff;\"><strong>\u00a0Ruta<\/strong><\/span><\/th>\n<th style=\"width: 13.745%; height: 30px; background-color: #5d6831;\"><span style=\"color: #ffffff;\"><strong>\u00a0Tipo de Cookie<\/strong><\/span><\/th>\n<th style=\"width: 9.95802%; height: 30px; background-color: #5d6831;\"><span style=\"color: #ffffff;\"><strong>\u00a0Expiraci\u00f3n<\/strong><\/span><\/th>\n<th style=\"width: 33.276%; height: 30px; background-color: #5d6831;\"><span style=\"color: #ffffff;\"><strong>\u00a0Descripci\u00f3n<\/strong><\/span><\/th>\n<\/tr>\n<tr style=\"height: 107px;\">\n<td style=\"width: 18.5299%; height: 107px; text-align: center;\">_ga_RPVG4XD3F5<\/td>\n<td style=\"width: 21.1297%; height: 107px; text-align: center;\">.madresierraproducts.com<\/td>\n<td style=\"width: 4.92824%; height: 107px; text-align: center;\">\/<\/td>\n<td style=\"width: 13.745%; height: 107px; text-align: center;\">Primera Parte<\/td>\n<td style=\"width: 9.95802%; height: 107px; text-align: center;\">1 a\u00f1o 1 mes<\/td>\n<td style=\"width: 33.276%; height: 107px; padding-left: 40px;\">Esta cookie es utilizada por Google Analytics para persistir el estado de la sesi\u00f3n.<\/td>\n<\/tr>\n<tr style=\"height: 253px;\">\n<td style=\"width: 18.5299%; height: 253px; text-align: center;\">_ga<\/td>\n<td style=\"width: 21.1297%; height: 253px; text-align: center;\">.madresierraproducts.com<\/td>\n<td style=\"width: 4.92824%; height: 253px; text-align: center;\">\/<\/td>\n<td style=\"width: 13.745%; height: 253px; text-align: center;\">Primera Parte<\/td>\n<td style=\"width: 9.95802%; height: 253px; text-align: center;\">1 a\u00f1o 1 mes<\/td>\n<td style=\"width: 33.276%; height: 253px; padding-left: 40px;\">Esta cookie est\u00e1 asociada con Google Universal Analytics y se utiliza para distinguir usuarios \u00fanicos mediante la asignaci\u00f3n de un n\u00famero generado aleatoriamente como identificador de cliente. Se incluye en cada solicitud de p\u00e1gina en un sitio y se utiliza para calcular datos de visitantes, sesiones y campa\u00f1as para los informes de an\u00e1lisis del sitio.<\/td>\n<\/tr>\n<tr style=\"height: 68px;\">\n<td style=\"width: 18.5299%; height: 68px; text-align: center;\">mailchimp_landing_site<\/td>\n<td style=\"width: 21.1297%; height: 68px; text-align: center;\">.madresierraproducts.com<\/td>\n<td style=\"width: 4.92824%; height: 68px; text-align: center;\">\/<\/td>\n<td style=\"width: 13.745%; height: 68px; text-align: center;\">Primera Parte<\/td>\n<td style=\"width: 9.95802%; height: 68px; text-align: center;\">28 d\u00edas<\/td>\n<td style=\"width: 33.276%; height: 68px; padding-left: 40px;\">Esta cookie se utiliza para rastrear c\u00f3mo lleg\u00f3 el usuario a nuestro sitio web.<\/td>\n<\/tr>\n<tr style=\"height: 24px;\">\n<td style=\"width: 18.5299%; text-align: center; height: 24px;\">cookieyes-consent<\/td>\n<td style=\"width: 21.1297%; height: 24px; text-align: center;\">.madresierraproducts.com<\/td>\n<td style=\"width: 4.92824%; height: 24px; text-align: center;\">\/<\/td>\n<td style=\"width: 13.745%; height: 24px; text-align: center;\">Primera Parte<\/td>\n<td style=\"width: 9.95802%; text-align: center; height: 24px;\">1 a\u00f1o<\/td>\n<td style=\"width: 33.276%; padding-left: 40px; height: 24px;\">CookieYes establece esta cookie para recordar las preferencias de consentimiento de los usuarios para que sus preferencias sean respetadas en visitas posteriores a este sitio. No recopila ni almacena ninguna informaci\u00f3n personal sobre los visitantes del sitio.<\/td>\n<\/tr>\n<tr style=\"height: 24px;\">\n<td style=\"width: 18.5299%; text-align: center; height: 24px;\">woocommerce_items_in_cart<\/td>\n<td style=\"width: 21.1297%; height: 24px; text-align: center;\">.madresierraproducts.com<\/td>\n<td style=\"width: 4.92824%; height: 24px; text-align: center;\">\/<\/td>\n<td style=\"width: 13.745%; height: 24px; text-align: center;\">Primera Parte<\/td>\n<td style=\"width: 9.95802%; text-align: center; height: 24px;\">sesi\u00f3n<\/td>\n<td style=\"width: 33.276%; padding-left: 40px; height: 24px;\">WooCommerce establece esta cookie para registrar si hay alg\u00fan art\u00edculo en el carrito de compras de WooCommerce.<\/td>\n<\/tr>\n<tr style=\"height: 24px;\">\n<td style=\"width: 18.5299%; text-align: center; height: 24px;\">wp_woocommerce_session_*<\/td>\n<td style=\"width: 21.1297%; height: 24px; text-align: center;\">.madresierraproducts.com<\/td>\n<td style=\"width: 4.92824%; height: 24px; text-align: center;\">\/<\/td>\n<td style=\"width: 13.745%; height: 24px; text-align: center;\">Primera Parte<\/td>\n<td style=\"width: 9.95802%; text-align: center; height: 24px;\">2 d\u00edas<\/td>\n<td style=\"width: 33.276%; padding-left: 40px; height: 24px;\">WooCommerce establece esta cookie para crear un c\u00f3digo \u00fanico para cada cliente, de modo que sepa d\u00f3nde encontrar los datos del carrito en la base de datos para cada uno.<\/td>\n<\/tr>\n<tr>\n<td style=\"width: 18.5299%; text-align: center;\">woocommerce_cart_hash<\/td>\n<td style=\"width: 21.1297%; height: 24px; text-align: center;\">.madresierraproducts.com<\/td>\n<td style=\"width: 4.92824%; height: 24px; text-align: center;\">\/<\/td>\n<td style=\"width: 13.745%; height: 24px; text-align: center;\">Primera Parte<\/td>\n<td style=\"width: 9.95802%; text-align: center; height: 24px;\">sesi\u00f3n<\/td>\n<td style=\"width: 33.276%; padding-left: 40px;\">WooCommerce establece esta cookie para determinar cu\u00e1ndo cambian los contenidos\/datos del carrito.<\/td>\n<\/tr>\n<\/tbody>\n<\/table>\n\n\t\t<\/div>\n\t<\/div>\n<\/div><\/div><\/div><\/div><\/div>\n","protected":false},"excerpt":{"rendered":"Pol\u00edtica de Cookies Una cookie es un fichero que se descarga en el ordenador\/smartphone\/tablet del usuario al acceder a determinadas p\u00e1ginas web para almacenar y recuperar informaci\u00f3n sobre la navegaci\u00f3n que se efect\u00faa desde dicho equipo. El Real Decreto-ley 13\/2012, de 30 de marzo, publicado en el \u00abBolet\u00edn Oficial del Estado\u00bb el pasado s\u00e1bado 31&hellip;","protected":false},"author":1,"featured_media":0,"parent":0,"menu_order":0,"comment_status":"closed","ping_status":"closed","template":"","meta":{"footnotes":""},"yoast_head":"<!-- This site is optimized with the Yoast SEO plugin v22.7 - https:\/\/yoast.com\/wordpress\/plugins\/seo\/ -->\n<title>Pol\u00edtica de Cookies | Madre Sierra Products<\/title>\n<meta name=\"description\" content=\"Una cookie es un fichero que se descarga en el ordenador\/smartphone\/tablet del usuario al acceder a determinadas p\u00e1ginas web para almacenar y recuperar informaci\u00f3n sobre la navegaci\u00f3n que se efect\u00faa desde dicho equipo.\" \/>\n<meta name=\"robots\" content=\"index, follow, max-snippet:-1, max-image-preview:large, max-video-preview:-1\" \/>\n<link rel=\"canonical\" href=\"https:\/\/madresierraproducts.com\/es\/politica-de-cookies\/\" \/>\n<meta property=\"og:locale\" content=\"es_ES\" \/>\n<meta property=\"og:type\" content=\"article\" \/>\n<meta property=\"og:title\" content=\"Pol\u00edtica de Cookies | Madre Sierra Products\" \/>\n<meta property=\"og:description\" content=\"Una cookie es un fichero que se descarga en el ordenador\/smartphone\/tablet del usuario al acceder a determinadas p\u00e1ginas web para almacenar y recuperar informaci\u00f3n sobre la navegaci\u00f3n que se efect\u00faa desde dicho equipo.\" \/>\n<meta property=\"og:url\" content=\"https:\/\/madresierraproducts.com\/es\/politica-de-cookies\/\" \/>\n<meta property=\"og:site_name\" content=\"Madre Sierra Products\" \/>\n<meta property=\"article:publisher\" content=\"https:\/\/www.facebook.com\/madresierraproducts\/\" \/>\n<meta property=\"article:modified_time\" content=\"2024-05-10T10:11:20+00:00\" \/>\n<meta property=\"og:image\" content=\"https:\/\/madresierraproducts.com\/wp-content\/uploads\/2020\/05\/Logo_MadreSierra_Web.png\" \/>\n\t<meta property=\"og:image:width\" content=\"667\" \/>\n\t<meta property=\"og:image:height\" content=\"509\" \/>\n\t<meta property=\"og:image:type\" content=\"image\/png\" \/>\n<meta name=\"twitter:card\" content=\"summary_large_image\" \/>\n<meta name=\"twitter:label1\" content=\"Tiempo de lectura\" \/>\n\t<meta name=\"twitter:data1\" content=\"6 minutos\" \/>\n<script type=\"application\/ld+json\" class=\"yoast-schema-graph\">{\"@context\":\"https:\/\/schema.org\",\"@graph\":[{\"@type\":\"WebPage\",\"@id\":\"https:\/\/madresierraproducts.com\/politica-de-cookies\/\",\"url\":\"https:\/\/madresierraproducts.com\/politica-de-cookies\/\",\"name\":\"Pol\u00edtica de Cookies | Madre Sierra Products\",\"isPartOf\":{\"@id\":\"https:\/\/madresierraproducts.com\/es\/#website\"},\"datePublished\":\"2020-08-26T08:28:29+00:00\",\"dateModified\":\"2024-05-10T10:11:20+00:00\",\"description\":\"Una cookie es un fichero que se descarga en el ordenador\/smartphone\/tablet del usuario al acceder a determinadas p\u00e1ginas web para almacenar y recuperar informaci\u00f3n sobre la navegaci\u00f3n que se efect\u00faa desde dicho equipo.\",\"breadcrumb\":{\"@id\":\"https:\/\/madresierraproducts.com\/politica-de-cookies\/#breadcrumb\"},\"inLanguage\":\"es\",\"potentialAction\":[{\"@type\":\"ReadAction\",\"target\":[\"https:\/\/madresierraproducts.com\/politica-de-cookies\/\"]}]},{\"@type\":\"BreadcrumbList\",\"@id\":\"https:\/\/madresierraproducts.com\/politica-de-cookies\/#breadcrumb\",\"itemListElement\":[{\"@type\":\"ListItem\",\"position\":1,\"name\":\"Home\",\"item\":\"https:\/\/madresierraproducts.com\/\"},{\"@type\":\"ListItem\",\"position\":2,\"name\":\"Pol\u00edtica de Cookies\"}]},{\"@type\":\"WebSite\",\"@id\":\"https:\/\/madresierraproducts.com\/es\/#website\",\"url\":\"https:\/\/madresierraproducts.com\/es\/\",\"name\":\"Madre Sierra Products\",\"description\":\"Valorando saberes tradicionales y recursos naturales de Bosques y Sierras del Mundo\",\"publisher\":{\"@id\":\"https:\/\/madresierraproducts.com\/es\/#organization\"},\"potentialAction\":[{\"@type\":\"SearchAction\",\"target\":{\"@type\":\"EntryPoint\",\"urlTemplate\":\"https:\/\/madresierraproducts.com\/es\/?s={search_term_string}\"},\"query-input\":\"required name=search_term_string\"}],\"inLanguage\":\"es\"},{\"@type\":\"Organization\",\"@id\":\"https:\/\/madresierraproducts.com\/es\/#organization\",\"name\":\"Madre Sierra Products\",\"url\":\"https:\/\/madresierraproducts.com\/es\/\",\"logo\":{\"@type\":\"ImageObject\",\"inLanguage\":\"es\",\"@id\":\"https:\/\/madresierraproducts.com\/es\/#\/schema\/logo\/image\/\",\"url\":\"https:\/\/madresierraproducts.com\/wp-content\/uploads\/2020\/05\/Logo_MadreSierra_Web.png\",\"contentUrl\":\"https:\/\/madresierraproducts.com\/wp-content\/uploads\/2020\/05\/Logo_MadreSierra_Web.png\",\"width\":667,\"height\":509,\"caption\":\"Madre Sierra Products\"},\"image\":{\"@id\":\"https:\/\/madresierraproducts.com\/es\/#\/schema\/logo\/image\/\"},\"sameAs\":[\"https:\/\/www.facebook.com\/madresierraproducts\/\",\"https:\/\/www.instagram.com\/madre_sierra_products\/\"]}]}<\/script>\n<!-- \/ Yoast SEO plugin. -->","yoast_head_json":{"title":"Pol\u00edtica de Cookies | Madre Sierra Products","description":"Una cookie es un fichero que se descarga en el ordenador\/smartphone\/tablet del usuario al acceder a determinadas p\u00e1ginas web para almacenar y recuperar informaci\u00f3n sobre la navegaci\u00f3n que se efect\u00faa desde dicho equipo.","robots":{"index":"index","follow":"follow","max-snippet":"max-snippet:-1","max-image-preview":"max-image-preview:large","max-video-preview":"max-video-preview:-1"},"canonical":"https:\/\/madresierraproducts.com\/es\/politica-de-cookies\/","og_locale":"es_ES","og_type":"article","og_title":"Pol\u00edtica de Cookies | Madre Sierra Products","og_description":"Una cookie es un fichero que se descarga en el ordenador\/smartphone\/tablet del usuario al acceder a determinadas p\u00e1ginas web para almacenar y recuperar informaci\u00f3n sobre la navegaci\u00f3n que se efect\u00faa desde dicho equipo.","og_url":"https:\/\/madresierraproducts.com\/es\/politica-de-cookies\/","og_site_name":"Madre Sierra Products","article_publisher":"https:\/\/www.facebook.com\/madresierraproducts\/","article_modified_time":"2024-05-10T10:11:20+00:00","og_image":[{"width":667,"height":509,"url":"https:\/\/madresierraproducts.com\/wp-content\/uploads\/2020\/05\/Logo_MadreSierra_Web.png","type":"image\/png"}],"twitter_card":"summary_large_image","twitter_misc":{"Tiempo de lectura":"6 minutos"},"schema":{"@context":"https:\/\/schema.org","@graph":[{"@type":"WebPage","@id":"https:\/\/madresierraproducts.com\/politica-de-cookies\/","url":"https:\/\/madresierraproducts.com\/politica-de-cookies\/","name":"Pol\u00edtica de Cookies | Madre Sierra Products","isPartOf":{"@id":"https:\/\/madresierraproducts.com\/es\/#website"},"datePublished":"2020-08-26T08:28:29+00:00","dateModified":"2024-05-10T10:11:20+00:00","description":"Una cookie es un fichero que se descarga en el ordenador\/smartphone\/tablet del usuario al acceder a determinadas p\u00e1ginas web para almacenar y recuperar informaci\u00f3n sobre la navegaci\u00f3n que se efect\u00faa desde dicho equipo.","breadcrumb":{"@id":"https:\/\/madresierraproducts.com\/politica-de-cookies\/#breadcrumb"},"inLanguage":"es","potentialAction":[{"@type":"ReadAction","target":["https:\/\/madresierraproducts.com\/politica-de-cookies\/"]}]},{"@type":"BreadcrumbList","@id":"https:\/\/madresierraproducts.com\/politica-de-cookies\/#breadcrumb","itemListElement":[{"@type":"ListItem","position":1,"name":"Home","item":"https:\/\/madresierraproducts.com\/"},{"@type":"ListItem","position":2,"name":"Pol\u00edtica de Cookies"}]},{"@type":"WebSite","@id":"https:\/\/madresierraproducts.com\/es\/#website","url":"https:\/\/madresierraproducts.com\/es\/","name":"Madre Sierra Products","description":"Valorando saberes tradicionales y recursos naturales de Bosques y Sierras del Mundo","publisher":{"@id":"https:\/\/madresierraproducts.com\/es\/#organization"},"potentialAction":[{"@type":"SearchAction","target":{"@type":"EntryPoint","urlTemplate":"https:\/\/madresierraproducts.com\/es\/?s={search_term_string}"},"query-input":"required name=search_term_string"}],"inLanguage":"es"},{"@type":"Organization","@id":"https:\/\/madresierraproducts.com\/es\/#organization","name":"Madre Sierra Products","url":"https:\/\/madresierraproducts.com\/es\/","logo":{"@type":"ImageObject","inLanguage":"es","@id":"https:\/\/madresierraproducts.com\/es\/#\/schema\/logo\/image\/","url":"https:\/\/madresierraproducts.com\/wp-content\/uploads\/2020\/05\/Logo_MadreSierra_Web.png","contentUrl":"https:\/\/madresierraproducts.com\/wp-content\/uploads\/2020\/05\/Logo_MadreSierra_Web.png","width":667,"height":509,"caption":"Madre Sierra Products"},"image":{"@id":"https:\/\/madresierraproducts.com\/es\/#\/schema\/logo\/image\/"},"sameAs":["https:\/\/www.facebook.com\/madresierraproducts\/","https:\/\/www.instagram.com\/madre_sierra_products\/"]}]}},"_links":{"self":[{"href":"https:\/\/madresierraproducts.com\/es\/wp-json\/wp\/v2\/pages\/915"}],"collection":[{"href":"https:\/\/madresierraproducts.com\/es\/wp-json\/wp\/v2\/pages"}],"about":[{"href":"https:\/\/madresierraproducts.com\/es\/wp-json\/wp\/v2\/types\/page"}],"author":[{"embeddable":true,"href":"https:\/\/madresierraproducts.com\/es\/wp-json\/wp\/v2\/users\/1"}],"replies":[{"embeddable":true,"href":"https:\/\/madresierraproducts.com\/es\/wp-json\/wp\/v2\/comments?post=915"}],"version-history":[{"count":4,"href":"https:\/\/madresierraproducts.com\/es\/wp-json\/wp\/v2\/pages\/915\/revisions"}],"predecessor-version":[{"id":1689,"href":"https:\/\/madresierraproducts.com\/es\/wp-json\/wp\/v2\/pages\/915\/revisions\/1689"}],"wp:attachment":[{"href":"https:\/\/madresierraproducts.com\/es\/wp-json\/wp\/v2\/media?parent=915"}],"curies":[{"name":"wp","href":"https:\/\/api.w.org\/{rel}","templated":true}]}}