{"id":913,"date":"2020-08-26T10:20:01","date_gmt":"2020-08-26T08:20:01","guid":{"rendered":"http:\/\/madresierraproducts.com\/?page_id=913"},"modified":"2020-08-26T12:32:26","modified_gmt":"2020-08-26T10:32:26","slug":"formas-de-pago","status":"publish","type":"page","link":"https:\/\/madresierraproducts.com\/es\/formas-de-pago\/","title":{"rendered":"Formas de pago"},"content":{"rendered":"<h1>Formas de pago<\/h1>\n\n\n<p><strong>PAGO CON TARJETA DE CR\u00c9DITO (VISA, VISA ELECTR\u00d3N, MASTERCARD)<\/strong><\/p>\n\n\n\n<p>El pago se realiza directamente en la p\u00e1gina web de la pasarela de pago a trav\u00e9s de un servidor seguro (SSL) para garantizar la m\u00e1xima seguridad en la transmisi\u00f3n de tus datos. Con el fin de incrementar la seguridad en las compras realizadas a trav\u00e9s de nuestra tienda, solo se aceptan pagos con tarjetas seguras en los que se efect\u00faa autentificaci\u00f3n de tu identidad como titular de la tarjeta seg\u00fan el m\u00e9todo establecido por tu banco (PIN, SMS, c\u00f3digo personal,..).<\/p>\n\n\n\n<p><strong>PAGO CON PAYPAL<\/strong><\/p>\n\n\n\n<p>Aceptamos pagos por Paypal. Para ello seleccione Paypal como forma de pago cuando realice el pedido. Para utilizar esta forma de pago es necesaria una cuenta de Paypal, en caso necesario puede crear una en <a href=\"http:\/\/www.paypal.es\/\">www.paypal.es<\/a><\/p>\n","protected":false},"excerpt":{"rendered":"<p>Formas de pago PAGO CON TARJETA DE CR\u00c9DITO (VISA, VISA ELECTR\u00d3N, MASTERCARD) El pago se realiza directamente en la p\u00e1gina web de la pasarela de pago a trav\u00e9s de un servidor seguro (SSL) para garantizar la m\u00e1xima seguridad en la transmisi\u00f3n de tus datos. Con el fin de incrementar la seguridad en las compras realizadas&hellip;<\/p>\n","protected":false},"author":1,"featured_media":0,"parent":0,"menu_order":0,"comment_status":"closed","ping_status":"closed","template":"","meta":{"footnotes":""},"yoast_head":"<!-- This site is optimized with the Yoast SEO plugin v22.7 - https:\/\/yoast.com\/wordpress\/plugins\/seo\/ -->\n<title>Formas de pago | Madre Sierra Products<\/title>\n<meta name=\"description\" content=\"El pago se realiza directamente en la p\u00e1gina web de la pasarela de pago a trav\u00e9s de un servidor seguro (SSL) para garantizar la m\u00e1xima seguridad en la transmisi\u00f3n de tus datos.\" \/>\n<meta name=\"robots\" content=\"index, follow, max-snippet:-1, max-image-preview:large, max-video-preview:-1\" \/>\n<link rel=\"canonical\" href=\"https:\/\/madresierraproducts.com\/es\/formas-de-pago\/\" \/>\n<meta property=\"og:locale\" content=\"es_ES\" \/>\n<meta property=\"og:type\" content=\"article\" \/>\n<meta property=\"og:title\" content=\"Formas de pago | Madre Sierra Products\" \/>\n<meta property=\"og:description\" content=\"El pago se realiza directamente en la p\u00e1gina web de la pasarela de pago a trav\u00e9s de un servidor seguro (SSL) para garantizar la m\u00e1xima seguridad en la transmisi\u00f3n de tus datos.\" \/>\n<meta property=\"og:url\" content=\"https:\/\/madresierraproducts.com\/es\/formas-de-pago\/\" \/>\n<meta property=\"og:site_name\" content=\"Madre Sierra Products\" \/>\n<meta property=\"article:publisher\" content=\"https:\/\/www.facebook.com\/madresierraproducts\/\" \/>\n<meta property=\"article:modified_time\" content=\"2020-08-26T10:32:26+00:00\" \/>\n<meta property=\"og:image\" content=\"https:\/\/madresierraproducts.com\/wp-content\/uploads\/2020\/05\/Logo_MadreSierra_Web.png\" \/>\n\t<meta property=\"og:image:width\" content=\"667\" \/>\n\t<meta property=\"og:image:height\" content=\"509\" \/>\n\t<meta property=\"og:image:type\" content=\"image\/png\" \/>\n<meta name=\"twitter:card\" content=\"summary_large_image\" \/>\n<meta name=\"twitter:label1\" content=\"Tiempo de lectura\" \/>\n\t<meta name=\"twitter:data1\" content=\"1 minuto\" \/>\n<script type=\"application\/ld+json\" class=\"yoast-schema-graph\">{\"@context\":\"https:\/\/schema.org\",\"@graph\":[{\"@type\":\"WebPage\",\"@id\":\"https:\/\/madresierraproducts.com\/formas-de-pago\/\",\"url\":\"https:\/\/madresierraproducts.com\/formas-de-pago\/\",\"name\":\"Formas de pago | Madre Sierra Products\",\"isPartOf\":{\"@id\":\"https:\/\/madresierraproducts.com\/es\/#website\"},\"datePublished\":\"2020-08-26T08:20:01+00:00\",\"dateModified\":\"2020-08-26T10:32:26+00:00\",\"description\":\"El pago se realiza directamente en la p\u00e1gina web de la pasarela de pago a trav\u00e9s de un servidor seguro (SSL) para garantizar la m\u00e1xima seguridad en la transmisi\u00f3n de tus datos.\",\"breadcrumb\":{\"@id\":\"https:\/\/madresierraproducts.com\/formas-de-pago\/#breadcrumb\"},\"inLanguage\":\"es\",\"potentialAction\":[{\"@type\":\"ReadAction\",\"target\":[\"https:\/\/madresierraproducts.com\/formas-de-pago\/\"]}]},{\"@type\":\"BreadcrumbList\",\"@id\":\"https:\/\/madresierraproducts.com\/formas-de-pago\/#breadcrumb\",\"itemListElement\":[{\"@type\":\"ListItem\",\"position\":1,\"name\":\"Home\",\"item\":\"https:\/\/madresierraproducts.com\/\"},{\"@type\":\"ListItem\",\"position\":2,\"name\":\"Formas de pago\"}]},{\"@type\":\"WebSite\",\"@id\":\"https:\/\/madresierraproducts.com\/es\/#website\",\"url\":\"https:\/\/madresierraproducts.com\/es\/\",\"name\":\"Madre Sierra Products\",\"description\":\"Valorando saberes tradicionales y recursos naturales de Bosques y Sierras del Mundo\",\"publisher\":{\"@id\":\"https:\/\/madresierraproducts.com\/es\/#organization\"},\"potentialAction\":[{\"@type\":\"SearchAction\",\"target\":{\"@type\":\"EntryPoint\",\"urlTemplate\":\"https:\/\/madresierraproducts.com\/es\/?s={search_term_string}\"},\"query-input\":\"required name=search_term_string\"}],\"inLanguage\":\"es\"},{\"@type\":\"Organization\",\"@id\":\"https:\/\/madresierraproducts.com\/es\/#organization\",\"name\":\"Madre Sierra Products\",\"url\":\"https:\/\/madresierraproducts.com\/es\/\",\"logo\":{\"@type\":\"ImageObject\",\"inLanguage\":\"es\",\"@id\":\"https:\/\/madresierraproducts.com\/es\/#\/schema\/logo\/image\/\",\"url\":\"https:\/\/madresierraproducts.com\/wp-content\/uploads\/2020\/05\/Logo_MadreSierra_Web.png\",\"contentUrl\":\"https:\/\/madresierraproducts.com\/wp-content\/uploads\/2020\/05\/Logo_MadreSierra_Web.png\",\"width\":667,\"height\":509,\"caption\":\"Madre Sierra Products\"},\"image\":{\"@id\":\"https:\/\/madresierraproducts.com\/es\/#\/schema\/logo\/image\/\"},\"sameAs\":[\"https:\/\/www.facebook.com\/madresierraproducts\/\",\"https:\/\/www.instagram.com\/madre_sierra_products\/\"]}]}<\/script>\n<!-- \/ Yoast SEO plugin. -->","yoast_head_json":{"title":"Formas de pago | Madre Sierra Products","description":"El pago se realiza directamente en la p\u00e1gina web de la pasarela de pago a trav\u00e9s de un servidor seguro (SSL) para garantizar la m\u00e1xima seguridad en la transmisi\u00f3n de tus datos.","robots":{"index":"index","follow":"follow","max-snippet":"max-snippet:-1","max-image-preview":"max-image-preview:large","max-video-preview":"max-video-preview:-1"},"canonical":"https:\/\/madresierraproducts.com\/es\/formas-de-pago\/","og_locale":"es_ES","og_type":"article","og_title":"Formas de pago | Madre Sierra Products","og_description":"El pago se realiza directamente en la p\u00e1gina web de la pasarela de pago a trav\u00e9s de un servidor seguro (SSL) para garantizar la m\u00e1xima seguridad en la transmisi\u00f3n de tus datos.","og_url":"https:\/\/madresierraproducts.com\/es\/formas-de-pago\/","og_site_name":"Madre Sierra Products","article_publisher":"https:\/\/www.facebook.com\/madresierraproducts\/","article_modified_time":"2020-08-26T10:32:26+00:00","og_image":[{"width":667,"height":509,"url":"https:\/\/madresierraproducts.com\/wp-content\/uploads\/2020\/05\/Logo_MadreSierra_Web.png","type":"image\/png"}],"twitter_card":"summary_large_image","twitter_misc":{"Tiempo de lectura":"1 minuto"},"schema":{"@context":"https:\/\/schema.org","@graph":[{"@type":"WebPage","@id":"https:\/\/madresierraproducts.com\/formas-de-pago\/","url":"https:\/\/madresierraproducts.com\/formas-de-pago\/","name":"Formas de pago | Madre Sierra Products","isPartOf":{"@id":"https:\/\/madresierraproducts.com\/es\/#website"},"datePublished":"2020-08-26T08:20:01+00:00","dateModified":"2020-08-26T10:32:26+00:00","description":"El pago se realiza directamente en la p\u00e1gina web de la pasarela de pago a trav\u00e9s de un servidor seguro (SSL) para garantizar la m\u00e1xima seguridad en la transmisi\u00f3n de tus datos.","breadcrumb":{"@id":"https:\/\/madresierraproducts.com\/formas-de-pago\/#breadcrumb"},"inLanguage":"es","potentialAction":[{"@type":"ReadAction","target":["https:\/\/madresierraproducts.com\/formas-de-pago\/"]}]},{"@type":"BreadcrumbList","@id":"https:\/\/madresierraproducts.com\/formas-de-pago\/#breadcrumb","itemListElement":[{"@type":"ListItem","position":1,"name":"Home","item":"https:\/\/madresierraproducts.com\/"},{"@type":"ListItem","position":2,"name":"Formas de pago"}]},{"@type":"WebSite","@id":"https:\/\/madresierraproducts.com\/es\/#website","url":"https:\/\/madresierraproducts.com\/es\/","name":"Madre Sierra Products","description":"Valorando saberes tradicionales y recursos naturales de Bosques y Sierras del Mundo","publisher":{"@id":"https:\/\/madresierraproducts.com\/es\/#organization"},"potentialAction":[{"@type":"SearchAction","target":{"@type":"EntryPoint","urlTemplate":"https:\/\/madresierraproducts.com\/es\/?s={search_term_string}"},"query-input":"required name=search_term_string"}],"inLanguage":"es"},{"@type":"Organization","@id":"https:\/\/madresierraproducts.com\/es\/#organization","name":"Madre Sierra Products","url":"https:\/\/madresierraproducts.com\/es\/","logo":{"@type":"ImageObject","inLanguage":"es","@id":"https:\/\/madresierraproducts.com\/es\/#\/schema\/logo\/image\/","url":"https:\/\/madresierraproducts.com\/wp-content\/uploads\/2020\/05\/Logo_MadreSierra_Web.png","contentUrl":"https:\/\/madresierraproducts.com\/wp-content\/uploads\/2020\/05\/Logo_MadreSierra_Web.png","width":667,"height":509,"caption":"Madre Sierra Products"},"image":{"@id":"https:\/\/madresierraproducts.com\/es\/#\/schema\/logo\/image\/"},"sameAs":["https:\/\/www.facebook.com\/madresierraproducts\/","https:\/\/www.instagram.com\/madre_sierra_products\/"]}]}},"_links":{"self":[{"href":"https:\/\/madresierraproducts.com\/es\/wp-json\/wp\/v2\/pages\/913"}],"collection":[{"href":"https:\/\/madresierraproducts.com\/es\/wp-json\/wp\/v2\/pages"}],"about":[{"href":"https:\/\/madresierraproducts.com\/es\/wp-json\/wp\/v2\/types\/page"}],"author":[{"embeddable":true,"href":"https:\/\/madresierraproducts.com\/es\/wp-json\/wp\/v2\/users\/1"}],"replies":[{"embeddable":true,"href":"https:\/\/madresierraproducts.com\/es\/wp-json\/wp\/v2\/comments?post=913"}],"version-history":[{"count":4,"href":"https:\/\/madresierraproducts.com\/es\/wp-json\/wp\/v2\/pages\/913\/revisions"}],"predecessor-version":[{"id":1403,"href":"https:\/\/madresierraproducts.com\/es\/wp-json\/wp\/v2\/pages\/913\/revisions\/1403"}],"wp:attachment":[{"href":"https:\/\/madresierraproducts.com\/es\/wp-json\/wp\/v2\/media?parent=913"}],"curies":[{"name":"wp","href":"https:\/\/api.w.org\/{rel}","templated":true}]}}