{"id":1742,"date":"2024-07-23T09:43:45","date_gmt":"2024-07-23T07:43:45","guid":{"rendered":"https:\/\/madresierraproducts.com\/?page_id=1742"},"modified":"2024-07-23T13:22:55","modified_gmt":"2024-07-23T11:22:55","slug":"contacto","status":"publish","type":"page","link":"https:\/\/madresierraproducts.com\/es\/contacto\/","title":{"rendered":"Contacto"},"content":{"rendered":"<div class=\"vc-row-container container\"><section class=\"vc_section\"><div class=\"vc-row-container container\"><div class=\"vc_row wpb_row vc_row-fluid vc_row-o-content-middle vc_row-flex\"><div class=\"wpb_column vc_column_container vc_col-sm-6\"><div class=\"vc_column-inner\"><div class=\"wpb_wrapper\"><h1 style=\"color: #5c6834;text-align: left\" class=\"vc_custom_heading wpb_animate_when_almost_visible wpb_fadeIn fadeIn vc_custom_1721733769864\" >Contacto<\/h1>\n\t<div class=\"wpb_text_column wpb_content_element  post-formatting \" >\n\t\t<div class=\"wpb_wrapper\">\n\t\t\t<p>\u00a1Nos encantar\u00eda saber de ti! Si tienes alguna pregunta, comentario o necesitas m\u00e1s informaci\u00f3n, no dudes en ponerte en contacto con nosotros.<\/p>\n\n\t\t<\/div>\n\t<\/div>\n\n\t<div class=\"wpb_text_column wpb_content_element  post-formatting \" >\n\t\t<div class=\"wpb_wrapper\">\n\t\t\t<p><strong>Direcci\u00f3n:<\/strong> Carrer Borguny, 5, 07191 Banyalbufar, Illes Balears<\/p>\n<p><span style=\"font-size: 12pt; color: #005c0c;\"><strong>El obrador est\u00e1 cerrado al p\u00fablico.<\/strong><\/span><\/p>\n<p><span style=\"font-size: 12pt; color: #005c0c;\"><strong>Para reservar una visita, por favor cont\u00e1ctanos.<\/strong><\/span><\/p>\n\n\t\t<\/div>\n\t<\/div>\n\t\t<div class=\"lab-vc-social-networks  display-type-rounded-icons\">\n\t\t<ul class=\"social-networks rounded colored-bg\"><li><a href=\"https:\/\/www.facebook.com\/madresierraproducts\/\" target=\"_blank\" class=\"facebook\" title=\"Facebook\" aria-label=\"Facebook\" rel=\"noopener\"><i class=\"fa fa-facebook\"><\/i><span class=\"name\">Facebook<\/span><\/a><\/li><li><a href=\"https:\/\/www.instagram.com\/madre_sierra_products\/\" target=\"_blank\" class=\"instagram\" title=\"Instagram\" aria-label=\"Instagram\" rel=\"noopener\"><i class=\"fa fa-instagram\"><\/i><span class=\"name\">Instagram<\/span><\/a><\/li><li><a href=\"https:\/\/api.whatsapp.com\/send?phone=+34722308092&text=%C2%A1Hola!\" target=\"_blank\" class=\"whatsapp\" title=\"WhatsApp\" aria-label=\"WhatsApp\" rel=\"noopener\"><i class=\"fa fa-whatsapp\"><\/i><span class=\"name\">WhatsApp<\/span><\/a><\/li><li><a href=\"mailto:info@madresierraproducts.com\" target=\"_blank\" class=\"email\" title=\"Email\" aria-label=\"Email\" rel=\"noopener\"><i class=\"fa fa-envelope-o\"><\/i><span class=\"name\">Email<\/span><\/a><\/li><\/ul>\t\t<\/div>\n\t\t<\/div><\/div><\/div><div class=\"wpb_column vc_column_container vc_col-sm-6\"><div class=\"vc_column-inner\"><div class=\"wpb_wrapper\"><div class=\"wpb_gmaps_widget wpb_content_element\"><div class=\"wpb_wrapper\"><div class=\"wpb_map_wraper\"><iframe src=\"https:\/\/www.google.com\/maps\/embed?pb=!1m18!1m12!1m3!1d3070.346681903731!2d2.511802812256415!3d39.6869084996156!2m3!1f0!2f0!3f0!3m2!1i1024!2i768!4f13.1!3m3!1m2!1s0x1297f438a92a5d39%3A0xcb94b17e739813a2!2sCarrer%20Borguny%2C%205%2C%2007191%20Banyalbufar%2C%20Illes%20Balears!5e0!3m2!1ses!2ses!4v1721718601121!5m2!1ses!2ses\" width=\"600\" height=\"350\" style=\"border:0;\" allowfullscreen=\"\" loading=\"lazy\" referrerpolicy=\"no-referrer-when-downgrade\"><\/iframe><\/div><\/div><\/div><\/div><\/div><\/div><\/div><\/div><\/section><\/div><div class=\"vc-row-container container\"><section class=\"vc_section vc_custom_1721720730450\"><div class=\"vc-row-container container\"><div class=\"vc_row wpb_row vc_row-fluid vc_row-o-content-middle vc_row-flex\"><div class=\"wpb_column vc_column_container vc_col-sm-6\"><div class=\"vc_column-inner\"><div class=\"wpb_wrapper\">\n\t<div  class=\"wpb_single_image wpb_content_element vc_align_center\">\n\t\t\n\t\t<figure class=\"wpb_wrapper vc_figure\">\n\t\t\t<div class=\"vc_single_image-wrapper   vc_box_border_grey\"><img loading=\"lazy\" decoding=\"async\" class=\"vc_single_image-img \" src=\"https:\/\/madresierraproducts.com\/wp-content\/uploads\/2020\/05\/LOGO_Madre_Sierra-e1589841037254-220x220.png\" width=\"220\" height=\"220\" alt=\"Logo MADRE SIERRA PRODUCTS\" title=\"LOGO_Madre_Sierra\" \/><\/div>\n\t\t<\/figure>\n\t<\/div>\n<\/div><\/div><\/div><div class=\"wpb_column vc_column_container vc_col-sm-6\"><div class=\"vc_column-inner\"><div class=\"wpb_wrapper\"><h2 style=\"font-size: 42px;color: #5c6834;text-align: left\" class=\"vc_custom_heading vc_custom_1721720769231\" >Env\u00edanos un mensaje<\/h2>\n<div class=\"wpcf7 no-js\" id=\"wpcf7-f28-o1\" lang=\"en-US\" dir=\"ltr\">\n<div class=\"screen-reader-response\"><p role=\"status\" aria-live=\"polite\" aria-atomic=\"true\"><\/p> <ul><\/ul><\/div>\n<form action=\"\/es\/wp-json\/wp\/v2\/pages\/1742#wpcf7-f28-o1\" method=\"post\" class=\"wpcf7-form init\" aria-label=\"Contact form\" novalidate=\"novalidate\" data-status=\"init\">\n<div style=\"display: none;\">\n<input type=\"hidden\" name=\"_wpcf7\" value=\"28\" \/>\n<input type=\"hidden\" name=\"_wpcf7_version\" value=\"5.9.4\" \/>\n<input type=\"hidden\" name=\"_wpcf7_locale\" value=\"en_US\" \/>\n<input type=\"hidden\" name=\"_wpcf7_unit_tag\" value=\"wpcf7-f28-o1\" \/>\n<input type=\"hidden\" name=\"_wpcf7_container_post\" value=\"0\" \/>\n<input type=\"hidden\" name=\"_wpcf7_posted_data_hash\" value=\"\" \/>\n<input type=\"hidden\" name=\"_wpcf7_recaptcha_response\" value=\"\" \/>\n<\/div>\n<p><label> Nombre y apellidos*<br \/>\n<span class=\"wpcf7-form-control-wrap\" data-name=\"your-name\"><input size=\"40\" class=\"wpcf7-form-control wpcf7-text wpcf7-validates-as-required\" aria-required=\"true\" aria-invalid=\"false\" value=\"\" type=\"text\" name=\"your-name\" \/><\/span> <\/label>\n<\/p>\n<p><label> Correo electr\u00f3nico*<br \/>\n<span class=\"wpcf7-form-control-wrap\" data-name=\"your-email\"><input size=\"40\" class=\"wpcf7-form-control wpcf7-email wpcf7-validates-as-required wpcf7-text wpcf7-validates-as-email\" aria-required=\"true\" aria-invalid=\"false\" value=\"\" type=\"email\" name=\"your-email\" \/><\/span> <\/label>\n<\/p>\n<p><label> Asunto<br \/>\n<span class=\"wpcf7-form-control-wrap\" data-name=\"your-subject\"><input size=\"40\" class=\"wpcf7-form-control wpcf7-text\" aria-invalid=\"false\" value=\"\" type=\"text\" name=\"your-subject\" \/><\/span> <\/label>\n<\/p>\n<p><label> Mensaje<br \/>\n<span class=\"wpcf7-form-control-wrap\" data-name=\"area\"><input size=\"40\" class=\"wpcf7-form-control wpcf7-text\" aria-invalid=\"false\" value=\"\" type=\"text\" name=\"area\" \/><\/span> <\/label>\n<\/p>\n<p>*campos obligatorios\n<\/p>\n<p><input class=\"wpcf7-form-control wpcf7-submit has-spinner\" type=\"submit\" value=\"Enviar\" \/>\n<\/p><p style=\"display: none !important;\" class=\"akismet-fields-container\" data-prefix=\"_wpcf7_ak_\"><label>&#916;<textarea name=\"_wpcf7_ak_hp_textarea\" cols=\"45\" rows=\"8\" maxlength=\"100\"><\/textarea><\/label><input type=\"hidden\" id=\"ak_js_1\" name=\"_wpcf7_ak_js\" value=\"242\"\/><script>document.getElementById( \"ak_js_1\" ).setAttribute( \"value\", ( new Date() ).getTime() );<\/script><\/p><div class=\"wpcf7-response-output\" aria-hidden=\"true\"><\/div>\n<\/form>\n<\/div>\n<\/div><\/div><\/div><\/div><\/div><\/section><\/div>\n","protected":false},"excerpt":{"rendered":"Contacto \u00a1Nos encantar\u00eda saber de ti! Si tienes alguna pregunta, comentario o necesitas m\u00e1s informaci\u00f3n, no dudes en ponerte en contacto con nosotros. Direcci\u00f3n: Carrer Borguny, 5, 07191 Banyalbufar, Illes Balears El obrador est\u00e1 cerrado al p\u00fablico. Para reservar una visita, por favor cont\u00e1ctanos. FacebookInstagramWhatsAppEmail Env\u00edanos un mensaje Nombre y apellidos* Correo electr\u00f3nico* Asunto Mensaje&hellip;","protected":false},"author":1,"featured_media":0,"parent":0,"menu_order":0,"comment_status":"closed","ping_status":"closed","template":"","meta":{"footnotes":""},"yoast_head":"<!-- This site is optimized with the Yoast SEO plugin v22.7 - https:\/\/yoast.com\/wordpress\/plugins\/seo\/ -->\n<title>Contacto | Madre Sierra Products<\/title>\n<meta name=\"description\" content=\"Descubre el Caf\u00e9 de Bosque &amp; Delicias Gourmet de la Serra de Tramuntana, Mallorca. Productos locales, sostenibles y conscientes.\" \/>\n<meta name=\"robots\" content=\"index, follow, max-snippet:-1, max-image-preview:large, max-video-preview:-1\" \/>\n<link rel=\"canonical\" href=\"https:\/\/madresierraproducts.com\/es\/contacto\/\" \/>\n<meta property=\"og:locale\" content=\"es_ES\" \/>\n<meta property=\"og:type\" content=\"article\" \/>\n<meta property=\"og:title\" content=\"Contacto | Madre Sierra Products\" \/>\n<meta property=\"og:description\" content=\"Descubre el Caf\u00e9 de Bosque &amp; Delicias Gourmet de la Serra de Tramuntana, Mallorca. Productos locales, sostenibles y conscientes.\" \/>\n<meta property=\"og:url\" content=\"https:\/\/madresierraproducts.com\/es\/contacto\/\" \/>\n<meta property=\"og:site_name\" content=\"Madre Sierra Products\" \/>\n<meta property=\"article:publisher\" content=\"https:\/\/www.facebook.com\/madresierraproducts\/\" \/>\n<meta property=\"article:modified_time\" content=\"2024-07-23T11:22:55+00:00\" \/>\n<meta property=\"og:image\" content=\"https:\/\/madresierraproducts.com\/wp-content\/uploads\/2020\/05\/Logo_MadreSierra_Web.png\" \/>\n\t<meta property=\"og:image:width\" content=\"667\" \/>\n\t<meta property=\"og:image:height\" content=\"509\" \/>\n\t<meta property=\"og:image:type\" content=\"image\/png\" \/>\n<meta name=\"twitter:card\" content=\"summary_large_image\" \/>\n<meta name=\"twitter:label1\" content=\"Tiempo de lectura\" \/>\n\t<meta name=\"twitter:data1\" content=\"1 minuto\" \/>\n<script type=\"application\/ld+json\" class=\"yoast-schema-graph\">{\"@context\":\"https:\/\/schema.org\",\"@graph\":[{\"@type\":\"WebPage\",\"@id\":\"https:\/\/madresierraproducts.com\/contacto\/\",\"url\":\"https:\/\/madresierraproducts.com\/contacto\/\",\"name\":\"Contacto | Madre Sierra Products\",\"isPartOf\":{\"@id\":\"https:\/\/madresierraproducts.com\/es\/#website\"},\"datePublished\":\"2024-07-23T07:43:45+00:00\",\"dateModified\":\"2024-07-23T11:22:55+00:00\",\"description\":\"Descubre el Caf\u00e9 de Bosque & Delicias Gourmet de la Serra de Tramuntana, Mallorca. Productos locales, sostenibles y conscientes.\",\"breadcrumb\":{\"@id\":\"https:\/\/madresierraproducts.com\/contacto\/#breadcrumb\"},\"inLanguage\":\"es\",\"potentialAction\":[{\"@type\":\"ReadAction\",\"target\":[\"https:\/\/madresierraproducts.com\/contacto\/\"]}]},{\"@type\":\"BreadcrumbList\",\"@id\":\"https:\/\/madresierraproducts.com\/contacto\/#breadcrumb\",\"itemListElement\":[{\"@type\":\"ListItem\",\"position\":1,\"name\":\"Home\",\"item\":\"https:\/\/madresierraproducts.com\/\"},{\"@type\":\"ListItem\",\"position\":2,\"name\":\"Contacto\"}]},{\"@type\":\"WebSite\",\"@id\":\"https:\/\/madresierraproducts.com\/es\/#website\",\"url\":\"https:\/\/madresierraproducts.com\/es\/\",\"name\":\"Madre Sierra Products\",\"description\":\"Valorando saberes tradicionales y recursos naturales de Bosques y Sierras del Mundo\",\"publisher\":{\"@id\":\"https:\/\/madresierraproducts.com\/es\/#organization\"},\"potentialAction\":[{\"@type\":\"SearchAction\",\"target\":{\"@type\":\"EntryPoint\",\"urlTemplate\":\"https:\/\/madresierraproducts.com\/es\/?s={search_term_string}\"},\"query-input\":\"required name=search_term_string\"}],\"inLanguage\":\"es\"},{\"@type\":\"Organization\",\"@id\":\"https:\/\/madresierraproducts.com\/es\/#organization\",\"name\":\"Madre Sierra Products\",\"url\":\"https:\/\/madresierraproducts.com\/es\/\",\"logo\":{\"@type\":\"ImageObject\",\"inLanguage\":\"es\",\"@id\":\"https:\/\/madresierraproducts.com\/es\/#\/schema\/logo\/image\/\",\"url\":\"https:\/\/madresierraproducts.com\/wp-content\/uploads\/2020\/05\/Logo_MadreSierra_Web.png\",\"contentUrl\":\"https:\/\/madresierraproducts.com\/wp-content\/uploads\/2020\/05\/Logo_MadreSierra_Web.png\",\"width\":667,\"height\":509,\"caption\":\"Madre Sierra Products\"},\"image\":{\"@id\":\"https:\/\/madresierraproducts.com\/es\/#\/schema\/logo\/image\/\"},\"sameAs\":[\"https:\/\/www.facebook.com\/madresierraproducts\/\",\"https:\/\/www.instagram.com\/madre_sierra_products\/\"]}]}<\/script>\n<!-- \/ Yoast SEO plugin. -->","yoast_head_json":{"title":"Contacto | Madre Sierra Products","description":"Descubre el Caf\u00e9 de Bosque & Delicias Gourmet de la Serra de Tramuntana, Mallorca. Productos locales, sostenibles y conscientes.","robots":{"index":"index","follow":"follow","max-snippet":"max-snippet:-1","max-image-preview":"max-image-preview:large","max-video-preview":"max-video-preview:-1"},"canonical":"https:\/\/madresierraproducts.com\/es\/contacto\/","og_locale":"es_ES","og_type":"article","og_title":"Contacto | Madre Sierra Products","og_description":"Descubre el Caf\u00e9 de Bosque & Delicias Gourmet de la Serra de Tramuntana, Mallorca. Productos locales, sostenibles y conscientes.","og_url":"https:\/\/madresierraproducts.com\/es\/contacto\/","og_site_name":"Madre Sierra Products","article_publisher":"https:\/\/www.facebook.com\/madresierraproducts\/","article_modified_time":"2024-07-23T11:22:55+00:00","og_image":[{"width":667,"height":509,"url":"https:\/\/madresierraproducts.com\/wp-content\/uploads\/2020\/05\/Logo_MadreSierra_Web.png","type":"image\/png"}],"twitter_card":"summary_large_image","twitter_misc":{"Tiempo de lectura":"1 minuto"},"schema":{"@context":"https:\/\/schema.org","@graph":[{"@type":"WebPage","@id":"https:\/\/madresierraproducts.com\/contacto\/","url":"https:\/\/madresierraproducts.com\/contacto\/","name":"Contacto | Madre Sierra Products","isPartOf":{"@id":"https:\/\/madresierraproducts.com\/es\/#website"},"datePublished":"2024-07-23T07:43:45+00:00","dateModified":"2024-07-23T11:22:55+00:00","description":"Descubre el Caf\u00e9 de Bosque & Delicias Gourmet de la Serra de Tramuntana, Mallorca. Productos locales, sostenibles y conscientes.","breadcrumb":{"@id":"https:\/\/madresierraproducts.com\/contacto\/#breadcrumb"},"inLanguage":"es","potentialAction":[{"@type":"ReadAction","target":["https:\/\/madresierraproducts.com\/contacto\/"]}]},{"@type":"BreadcrumbList","@id":"https:\/\/madresierraproducts.com\/contacto\/#breadcrumb","itemListElement":[{"@type":"ListItem","position":1,"name":"Home","item":"https:\/\/madresierraproducts.com\/"},{"@type":"ListItem","position":2,"name":"Contacto"}]},{"@type":"WebSite","@id":"https:\/\/madresierraproducts.com\/es\/#website","url":"https:\/\/madresierraproducts.com\/es\/","name":"Madre Sierra Products","description":"Valorando saberes tradicionales y recursos naturales de Bosques y Sierras del Mundo","publisher":{"@id":"https:\/\/madresierraproducts.com\/es\/#organization"},"potentialAction":[{"@type":"SearchAction","target":{"@type":"EntryPoint","urlTemplate":"https:\/\/madresierraproducts.com\/es\/?s={search_term_string}"},"query-input":"required name=search_term_string"}],"inLanguage":"es"},{"@type":"Organization","@id":"https:\/\/madresierraproducts.com\/es\/#organization","name":"Madre Sierra Products","url":"https:\/\/madresierraproducts.com\/es\/","logo":{"@type":"ImageObject","inLanguage":"es","@id":"https:\/\/madresierraproducts.com\/es\/#\/schema\/logo\/image\/","url":"https:\/\/madresierraproducts.com\/wp-content\/uploads\/2020\/05\/Logo_MadreSierra_Web.png","contentUrl":"https:\/\/madresierraproducts.com\/wp-content\/uploads\/2020\/05\/Logo_MadreSierra_Web.png","width":667,"height":509,"caption":"Madre Sierra Products"},"image":{"@id":"https:\/\/madresierraproducts.com\/es\/#\/schema\/logo\/image\/"},"sameAs":["https:\/\/www.facebook.com\/madresierraproducts\/","https:\/\/www.instagram.com\/madre_sierra_products\/"]}]}},"_links":{"self":[{"href":"https:\/\/madresierraproducts.com\/es\/wp-json\/wp\/v2\/pages\/1742"}],"collection":[{"href":"https:\/\/madresierraproducts.com\/es\/wp-json\/wp\/v2\/pages"}],"about":[{"href":"https:\/\/madresierraproducts.com\/es\/wp-json\/wp\/v2\/types\/page"}],"author":[{"embeddable":true,"href":"https:\/\/madresierraproducts.com\/es\/wp-json\/wp\/v2\/users\/1"}],"replies":[{"embeddable":true,"href":"https:\/\/madresierraproducts.com\/es\/wp-json\/wp\/v2\/comments?post=1742"}],"version-history":[{"count":14,"href":"https:\/\/madresierraproducts.com\/es\/wp-json\/wp\/v2\/pages\/1742\/revisions"}],"predecessor-version":[{"id":1756,"href":"https:\/\/madresierraproducts.com\/es\/wp-json\/wp\/v2\/pages\/1742\/revisions\/1756"}],"wp:attachment":[{"href":"https:\/\/madresierraproducts.com\/es\/wp-json\/wp\/v2\/media?parent=1742"}],"curies":[{"name":"wp","href":"https:\/\/api.w.org\/{rel}","templated":true}]}}