{"id":1019,"date":"2020-10-07T08:44:29","date_gmt":"2020-10-07T06:44:29","guid":{"rendered":"https:\/\/madresierraproducts.com\/?post_type=product&#038;p=1019"},"modified":"2022-11-22T00:53:23","modified_gmt":"2022-11-21T23:53:23","slug":"urucum-en-polvo-bio","status":"publish","type":"product","link":"https:\/\/madresierraproducts.com\/en\/product\/urucum-en-polvo-bio\/","title":{"rendered":"Urucum en Polvo Bio"},"content":{"rendered":"<p class=\"p1\">El urucum contiene una enorme cantidad de beta caroteno en forma de bixina natural. Originalmente, los indios amaz\u00f3nicos usaban el urucum para protegerse del sol y de los mosquitos aplic\u00e1ndolo directamente sobre la piel, de ah\u00ed el nombre de \u00abpiel roja\u00bb. \u00bfTienes una piel fr\u00e1gil al sol? \u00bfDeseas un bronceado perfecto? \u00bfQuieres perfumar y colorear tus platos? Madre Sierra Products y Guayapi ofrece tabletas naturales y org\u00e1nicas de forma directa desde el Amazonas o los bosques de Sri Lanka!<\/p>\n<p>&nbsp;<\/p>\n<p><strong>Ingredients:<\/strong><\/p>\n<table style=\"width: 64.9102%; height: 59px;\" width=\"493\">\n<tbody>\n<tr style=\"height: 11px;\">\n<td style=\"width: 24.4444%; height: 59px;\" rowspan=\"2\" width=\"256\"><\/td>\n<td style=\"width: 93.6577%; height: 11px;\" width=\"237\"><span style=\"font-size: 10pt;\">Urucum org\u00e1nico puro (Bixa Orellana)<\/span><\/td>\n<\/tr>\n<tr style=\"height: 24px;\">\n<td style=\"width: 93.6577%; height: 24px;\" width=\"237\"><span style=\"font-size: 10pt;\">Extracto seco de bamb\u00fa biol\u00f3gico (Bambusa Arundinacea)<\/span><\/td>\n<\/tr>\n<\/tbody>\n<\/table>\n<p>&nbsp;<\/p>\n<table style=\"width: 65.1467%; height: 192px;\" width=\"559\">\n<tbody>\n<tr style=\"height: 24px;\">\n<td style=\"width: 49.5934%; height: 24px;\" width=\"256\"><strong>Nutritional Information per 100g:<\/strong><\/td>\n<td style=\"width: 25.0384%; height: 24px;\" width=\"237\"><span style=\"font-size: 10pt;\">Energy<\/span><\/td>\n<td style=\"width: 37.6369%; height: 24px;\" width=\"66\"><span style=\"font-size: 10pt;\">270 kcal<\/span><\/td>\n<\/tr>\n<tr style=\"height: 24px;\">\n<td style=\"width: 49.5934%; height: 24px;\"><\/td>\n<td style=\"width: 25.0384%; height: 24px;\"><span style=\"font-size: 10pt;\">Fats<\/span><\/td>\n<td style=\"width: 37.6369%; height: 24px;\"><span style=\"font-size: 10pt;\">5 g<\/span><\/td>\n<\/tr>\n<tr style=\"height: 24px;\">\n<td style=\"width: 49.5934%; height: 24px;\"><\/td>\n<td style=\"width: 25.0384%; height: 24px;\"><span style=\"font-size: 10pt;\">of which saturated<\/span><\/td>\n<td style=\"width: 37.6369%; height: 24px;\"><span style=\"font-size: 10pt;\">0,90 g<\/span><\/td>\n<\/tr>\n<tr style=\"height: 24px;\">\n<td style=\"width: 49.5934%; height: 24px;\"><\/td>\n<td style=\"width: 25.0384%; height: 24px;\"><span style=\"font-size: 10pt;\">Carbohydrates<\/span><\/td>\n<td style=\"width: 37.6369%; height: 24px;\"><span style=\"font-size: 10pt;\">19,9 g<\/span><\/td>\n<\/tr>\n<tr style=\"height: 24px;\">\n<td style=\"width: 49.5934%; height: 24px;\"><\/td>\n<td style=\"width: 25.0384%; height: 24px;\"><span style=\"font-size: 10pt;\">of which sugars<\/span><\/td>\n<td style=\"width: 37.6369%; height: 24px;\"><span style=\"font-size: 10pt;\">4,7 g<\/span><\/td>\n<\/tr>\n<tr style=\"height: 24px;\">\n<td style=\"width: 49.5934%; height: 24px;\"><\/td>\n<td style=\"width: 25.0384%; height: 24px;\"><span style=\"font-size: 10pt;\">Dietary Fiber<\/span><\/td>\n<td style=\"width: 37.6369%; height: 24px;\"><span style=\"font-size: 10pt;\">48,2 g<\/span><\/td>\n<\/tr>\n<tr style=\"height: 24px;\">\n<td style=\"width: 49.5934%; height: 24px;\"><\/td>\n<td style=\"width: 25.0384%; height: 24px;\"><span style=\"font-size: 10pt;\">Protein<\/span><\/td>\n<td style=\"width: 37.6369%; height: 24px;\"><span style=\"font-size: 10pt;\">12,2 g<\/span><\/td>\n<\/tr>\n<tr style=\"height: 24px;\">\n<td style=\"width: 49.5934%; height: 24px;\"><\/td>\n<td style=\"width: 25.0384%; height: 24px;\"><span style=\"font-size: 10pt;\">Salt<\/span><\/td>\n<td style=\"width: 37.6369%; height: 24px;\"><span style=\"font-size: 10pt;\">0 g<\/span><\/td>\n<\/tr>\n<\/tbody>\n<\/table>","protected":false},"excerpt":{"rendered":"<p>El urucum contiene una enorme cantidad de beta caroteno en forma de bixina natural.<\/p>\n<p>Net weight: 50g<\/p>\n<p>Shipping weight: 80 g<\/p>","protected":false},"featured_media":1271,"comment_status":"open","ping_status":"closed","template":"","meta":[],"product_cat":[16,75,68],"product_tag":[115,90,89,92,88,113],"yoast_head":"<!-- This site is optimized with the Yoast SEO plugin v22.7 - https:\/\/yoast.com\/wordpress\/plugins\/seo\/ -->\n<title>Urucum en Polvo Bio Guayapi | Madre Sierra Products<\/title>\n<meta name=\"description\" content=\"Madre Sierra Products y Guayapi ofrece tabletas naturales y org\u00e1nicas de forma directa desde el Amazonas o los bosques de Sri Lanka!\" \/>\n<meta name=\"robots\" content=\"index, follow, max-snippet:-1, max-image-preview:large, max-video-preview:-1\" \/>\n<link rel=\"canonical\" href=\"https:\/\/madresierraproducts.com\/en\/product\/urucum-en-polvo-bio\/\" \/>\n<meta property=\"og:locale\" content=\"en_GB\" \/>\n<meta property=\"og:type\" content=\"article\" \/>\n<meta property=\"og:title\" content=\"Urucum en Polvo Bio Guayapi | Madre Sierra Products\" \/>\n<meta property=\"og:description\" content=\"Madre Sierra Products y Guayapi ofrece tabletas naturales y org\u00e1nicas de forma directa desde el Amazonas o los bosques de Sri Lanka!\" \/>\n<meta property=\"og:url\" content=\"https:\/\/madresierraproducts.com\/en\/product\/urucum-en-polvo-bio\/\" \/>\n<meta property=\"og:site_name\" content=\"Madre Sierra Products\" \/>\n<meta property=\"article:publisher\" content=\"https:\/\/www.facebook.com\/madresierraproducts\/\" \/>\n<meta property=\"article:modified_time\" content=\"2022-11-21T23:53:23+00:00\" \/>\n<meta property=\"og:image\" content=\"https:\/\/madresierraproducts.com\/wp-content\/uploads\/2020\/10\/madre-sierra-products-guayapi-urucum.jpg\" \/>\n\t<meta property=\"og:image:width\" content=\"800\" \/>\n\t<meta property=\"og:image:height\" content=\"800\" \/>\n\t<meta property=\"og:image:type\" content=\"image\/jpeg\" \/>\n<meta name=\"twitter:card\" content=\"summary_large_image\" \/>\n<meta name=\"twitter:label1\" content=\"Estimated reading time\" \/>\n\t<meta name=\"twitter:data1\" content=\"1 minute\" \/>\n<script type=\"application\/ld+json\" class=\"yoast-schema-graph\">{\"@context\":\"https:\/\/schema.org\",\"@graph\":[{\"@type\":\"WebPage\",\"@id\":\"https:\/\/madresierraproducts.com\/producto\/urucum-en-polvo-bio\/\",\"url\":\"https:\/\/madresierraproducts.com\/producto\/urucum-en-polvo-bio\/\",\"name\":\"Urucum en Polvo Bio Guayapi | Madre Sierra Products\",\"isPartOf\":{\"@id\":\"https:\/\/madresierraproducts.com\/es\/#website\"},\"primaryImageOfPage\":{\"@id\":\"https:\/\/madresierraproducts.com\/producto\/urucum-en-polvo-bio\/#primaryimage\"},\"image\":{\"@id\":\"https:\/\/madresierraproducts.com\/producto\/urucum-en-polvo-bio\/#primaryimage\"},\"thumbnailUrl\":\"https:\/\/madresierraproducts.com\/wp-content\/uploads\/2020\/10\/madre-sierra-products-guayapi-urucum.jpg\",\"datePublished\":\"2020-10-07T06:44:29+00:00\",\"dateModified\":\"2022-11-21T23:53:23+00:00\",\"description\":\"Madre Sierra Products y Guayapi ofrece tabletas naturales y org\u00e1nicas de forma directa desde el Amazonas o los bosques de Sri Lanka!\",\"breadcrumb\":{\"@id\":\"https:\/\/madresierraproducts.com\/producto\/urucum-en-polvo-bio\/#breadcrumb\"},\"inLanguage\":\"en-GB\",\"potentialAction\":[{\"@type\":\"ReadAction\",\"target\":[\"https:\/\/madresierraproducts.com\/producto\/urucum-en-polvo-bio\/\"]}]},{\"@type\":\"ImageObject\",\"inLanguage\":\"en-GB\",\"@id\":\"https:\/\/madresierraproducts.com\/producto\/urucum-en-polvo-bio\/#primaryimage\",\"url\":\"https:\/\/madresierraproducts.com\/wp-content\/uploads\/2020\/10\/madre-sierra-products-guayapi-urucum.jpg\",\"contentUrl\":\"https:\/\/madresierraproducts.com\/wp-content\/uploads\/2020\/10\/madre-sierra-products-guayapi-urucum.jpg\",\"width\":800,\"height\":800,\"caption\":\"Guayapi urucum\"},{\"@type\":\"BreadcrumbList\",\"@id\":\"https:\/\/madresierraproducts.com\/producto\/urucum-en-polvo-bio\/#breadcrumb\",\"itemListElement\":[{\"@type\":\"ListItem\",\"position\":1,\"name\":\"Home\",\"item\":\"https:\/\/madresierraproducts.com\/\"},{\"@type\":\"ListItem\",\"position\":2,\"name\":\"Tienda\",\"item\":\"https:\/\/madresierraproducts.com\/tienda\/\"},{\"@type\":\"ListItem\",\"position\":3,\"name\":\"Urucum en Polvo Bio\"}]},{\"@type\":\"WebSite\",\"@id\":\"https:\/\/madresierraproducts.com\/es\/#website\",\"url\":\"https:\/\/madresierraproducts.com\/es\/\",\"name\":\"Madre Sierra Products\",\"description\":\"Valorando saberes tradicionales y recursos naturales de Bosques y Sierras del Mundo\",\"publisher\":{\"@id\":\"https:\/\/madresierraproducts.com\/es\/#organization\"},\"potentialAction\":[{\"@type\":\"SearchAction\",\"target\":{\"@type\":\"EntryPoint\",\"urlTemplate\":\"https:\/\/madresierraproducts.com\/es\/?s={search_term_string}\"},\"query-input\":\"required name=search_term_string\"}],\"inLanguage\":\"en-GB\"},{\"@type\":\"Organization\",\"@id\":\"https:\/\/madresierraproducts.com\/es\/#organization\",\"name\":\"Madre Sierra Products\",\"url\":\"https:\/\/madresierraproducts.com\/es\/\",\"logo\":{\"@type\":\"ImageObject\",\"inLanguage\":\"en-GB\",\"@id\":\"https:\/\/madresierraproducts.com\/es\/#\/schema\/logo\/image\/\",\"url\":\"https:\/\/madresierraproducts.com\/wp-content\/uploads\/2020\/05\/Logo_MadreSierra_Web.png\",\"contentUrl\":\"https:\/\/madresierraproducts.com\/wp-content\/uploads\/2020\/05\/Logo_MadreSierra_Web.png\",\"width\":667,\"height\":509,\"caption\":\"Madre Sierra Products\"},\"image\":{\"@id\":\"https:\/\/madresierraproducts.com\/es\/#\/schema\/logo\/image\/\"},\"sameAs\":[\"https:\/\/www.facebook.com\/madresierraproducts\/\",\"https:\/\/www.instagram.com\/madre_sierra_products\/\"]}]}<\/script>\n<!-- \/ Yoast SEO plugin. -->","yoast_head_json":{"title":"Urucum en Polvo Bio Guayapi | Madre Sierra Products","description":"Madre Sierra Products y Guayapi ofrece tabletas naturales y org\u00e1nicas de forma directa desde el Amazonas o los bosques de Sri Lanka!","robots":{"index":"index","follow":"follow","max-snippet":"max-snippet:-1","max-image-preview":"max-image-preview:large","max-video-preview":"max-video-preview:-1"},"canonical":"https:\/\/madresierraproducts.com\/en\/product\/urucum-en-polvo-bio\/","og_locale":"en_GB","og_type":"article","og_title":"Urucum en Polvo Bio Guayapi | Madre Sierra Products","og_description":"Madre Sierra Products y Guayapi ofrece tabletas naturales y org\u00e1nicas de forma directa desde el Amazonas o los bosques de Sri Lanka!","og_url":"https:\/\/madresierraproducts.com\/en\/product\/urucum-en-polvo-bio\/","og_site_name":"Madre Sierra Products","article_publisher":"https:\/\/www.facebook.com\/madresierraproducts\/","article_modified_time":"2022-11-21T23:53:23+00:00","og_image":[{"width":800,"height":800,"url":"https:\/\/madresierraproducts.com\/wp-content\/uploads\/2020\/10\/madre-sierra-products-guayapi-urucum.jpg","type":"image\/jpeg"}],"twitter_card":"summary_large_image","twitter_misc":{"Estimated reading time":"1 minute"},"schema":{"@context":"https:\/\/schema.org","@graph":[{"@type":"WebPage","@id":"https:\/\/madresierraproducts.com\/producto\/urucum-en-polvo-bio\/","url":"https:\/\/madresierraproducts.com\/producto\/urucum-en-polvo-bio\/","name":"Urucum en Polvo Bio Guayapi | Madre Sierra Products","isPartOf":{"@id":"https:\/\/madresierraproducts.com\/es\/#website"},"primaryImageOfPage":{"@id":"https:\/\/madresierraproducts.com\/producto\/urucum-en-polvo-bio\/#primaryimage"},"image":{"@id":"https:\/\/madresierraproducts.com\/producto\/urucum-en-polvo-bio\/#primaryimage"},"thumbnailUrl":"https:\/\/madresierraproducts.com\/wp-content\/uploads\/2020\/10\/madre-sierra-products-guayapi-urucum.jpg","datePublished":"2020-10-07T06:44:29+00:00","dateModified":"2022-11-21T23:53:23+00:00","description":"Madre Sierra Products y Guayapi ofrece tabletas naturales y org\u00e1nicas de forma directa desde el Amazonas o los bosques de Sri Lanka!","breadcrumb":{"@id":"https:\/\/madresierraproducts.com\/producto\/urucum-en-polvo-bio\/#breadcrumb"},"inLanguage":"en-GB","potentialAction":[{"@type":"ReadAction","target":["https:\/\/madresierraproducts.com\/producto\/urucum-en-polvo-bio\/"]}]},{"@type":"ImageObject","inLanguage":"en-GB","@id":"https:\/\/madresierraproducts.com\/producto\/urucum-en-polvo-bio\/#primaryimage","url":"https:\/\/madresierraproducts.com\/wp-content\/uploads\/2020\/10\/madre-sierra-products-guayapi-urucum.jpg","contentUrl":"https:\/\/madresierraproducts.com\/wp-content\/uploads\/2020\/10\/madre-sierra-products-guayapi-urucum.jpg","width":800,"height":800,"caption":"Guayapi urucum"},{"@type":"BreadcrumbList","@id":"https:\/\/madresierraproducts.com\/producto\/urucum-en-polvo-bio\/#breadcrumb","itemListElement":[{"@type":"ListItem","position":1,"name":"Home","item":"https:\/\/madresierraproducts.com\/"},{"@type":"ListItem","position":2,"name":"Tienda","item":"https:\/\/madresierraproducts.com\/tienda\/"},{"@type":"ListItem","position":3,"name":"Urucum en Polvo Bio"}]},{"@type":"WebSite","@id":"https:\/\/madresierraproducts.com\/es\/#website","url":"https:\/\/madresierraproducts.com\/es\/","name":"Madre Sierra Products","description":"Valorando saberes tradicionales y recursos naturales de Bosques y Sierras del Mundo","publisher":{"@id":"https:\/\/madresierraproducts.com\/es\/#organization"},"potentialAction":[{"@type":"SearchAction","target":{"@type":"EntryPoint","urlTemplate":"https:\/\/madresierraproducts.com\/es\/?s={search_term_string}"},"query-input":"required name=search_term_string"}],"inLanguage":"en-GB"},{"@type":"Organization","@id":"https:\/\/madresierraproducts.com\/es\/#organization","name":"Madre Sierra Products","url":"https:\/\/madresierraproducts.com\/es\/","logo":{"@type":"ImageObject","inLanguage":"en-GB","@id":"https:\/\/madresierraproducts.com\/es\/#\/schema\/logo\/image\/","url":"https:\/\/madresierraproducts.com\/wp-content\/uploads\/2020\/05\/Logo_MadreSierra_Web.png","contentUrl":"https:\/\/madresierraproducts.com\/wp-content\/uploads\/2020\/05\/Logo_MadreSierra_Web.png","width":667,"height":509,"caption":"Madre Sierra Products"},"image":{"@id":"https:\/\/madresierraproducts.com\/es\/#\/schema\/logo\/image\/"},"sameAs":["https:\/\/www.facebook.com\/madresierraproducts\/","https:\/\/www.instagram.com\/madre_sierra_products\/"]}]}},"_links":{"self":[{"href":"https:\/\/madresierraproducts.com\/en\/wp-json\/wp\/v2\/product\/1019"}],"collection":[{"href":"https:\/\/madresierraproducts.com\/en\/wp-json\/wp\/v2\/product"}],"about":[{"href":"https:\/\/madresierraproducts.com\/en\/wp-json\/wp\/v2\/types\/product"}],"replies":[{"embeddable":true,"href":"https:\/\/madresierraproducts.com\/en\/wp-json\/wp\/v2\/comments?post=1019"}],"wp:featuredmedia":[{"embeddable":true,"href":"https:\/\/madresierraproducts.com\/en\/wp-json\/wp\/v2\/media\/1271"}],"wp:attachment":[{"href":"https:\/\/madresierraproducts.com\/en\/wp-json\/wp\/v2\/media?parent=1019"}],"wp:term":[{"taxonomy":"product_cat","embeddable":true,"href":"https:\/\/madresierraproducts.com\/en\/wp-json\/wp\/v2\/product_cat?post=1019"},{"taxonomy":"product_tag","embeddable":true,"href":"https:\/\/madresierraproducts.com\/en\/wp-json\/wp\/v2\/product_tag?post=1019"}],"curies":[{"name":"wp","href":"https:\/\/api.w.org\/{rel}","templated":true}]}}